{"id":3,"date":"2021-06-23T16:44:59","date_gmt":"2021-06-23T16:44:59","guid":{"rendered":"https:\/\/ironmachtrade.com\/?page_id=3"},"modified":"2024-05-02T08:52:52","modified_gmt":"2024-05-02T06:52:52","slug":"politica-privacidad","status":"publish","type":"page","link":"https:\/\/ironmachtrade.com\/es\/politica-privacidad\/","title":{"rendered":"Pol\u00edtica de privacidad"},"content":{"rendered":"<div id='av_section_1'  class='avia-section av-3gkt-e66174f07f99e50968ee32b675acc676 main_color avia-section-default avia-no-border-styling  avia-builder-el-0  avia-builder-el-no-sibling  avia-bg-style-scroll container_wrap sidebar_right'  ><div class='container av-section-cont-open' ><main  role=\"main\" itemprop=\"mainContentOfPage\"  class='template-page content  av-content-small alpha units'><div class='post-entry post-entry-type-page post-entry-3'><div class='entry-content-wrapper clearfix'>\n\n<style type=\"text\/css\" data-created_by=\"avia_inline_auto\" id=\"style-css-av-lb0ndbyw-3e4987d2c6314135514b0271315d53d8\">\n#top .av-special-heading.av-lb0ndbyw-3e4987d2c6314135514b0271315d53d8{\npadding-bottom:10px;\nfont-size:30px;\n}\nbody .av-special-heading.av-lb0ndbyw-3e4987d2c6314135514b0271315d53d8 .av-special-heading-tag .heading-char{\nfont-size:25px;\n}\n#top #wrap_all .av-special-heading.av-lb0ndbyw-3e4987d2c6314135514b0271315d53d8 .av-special-heading-tag{\nfont-size:30px;\n}\n.av-special-heading.av-lb0ndbyw-3e4987d2c6314135514b0271315d53d8 .av-subheading{\nfont-size:15px;\n}\n\n@media only screen and (min-width: 480px) and (max-width: 767px){ \n#top #wrap_all .av-special-heading.av-lb0ndbyw-3e4987d2c6314135514b0271315d53d8 .av-special-heading-tag{\nfont-size:0.8em;\n}\n}\n\n@media only screen and (max-width: 479px){ \n#top #wrap_all .av-special-heading.av-lb0ndbyw-3e4987d2c6314135514b0271315d53d8 .av-special-heading-tag{\nfont-size:0.8em;\n}\n}\n<\/style>\n<div  class='av-special-heading av-lb0ndbyw-3e4987d2c6314135514b0271315d53d8 av-special-heading-h3 blockquote modern-quote  avia-builder-el-1  el_before_av_textblock  avia-builder-el-first  av-inherit-size'><h3 class='av-special-heading-tag '  itemprop=\"headline\"  >Pol\u00edtica de Privacidad<\/h3><div class=\"special-heading-border\"><div class=\"special-heading-inner-border\"><\/div><\/div><\/div>\n<section  class='av_textblock_section av-l5jfh29q-a220bf681b8071b22bda1b1dcff8d94a '   itemscope=\"itemscope\" itemtype=\"https:\/\/schema.org\/CreativeWork\" ><div class='avia_textblock'  itemprop=\"text\" ><p><strong>\u00a0<\/strong><\/p>\n<h2><strong>POL\u00cdTICA DE PRIVACIDAD<\/strong><\/h2>\n<p><strong>\u00a0<\/strong><\/p>\n<p>Siguiendo los principios de licitud, lealtad y transparencia, ponemos a su disposici\u00f3n la presente Pol\u00edtica de Privacidad.<\/p>\n<ol>\n<li>\n<h4>Qui\u00e9n es el Responsable del tratamiento de sus datos?<\/h4>\n<\/li>\n<\/ol>\n<table width=\"576\">\n<tbody>\n<tr>\n<td width=\"140\"><strong>Responsable<\/strong><\/td>\n<td width=\"437\">Iron Machtrade, S.L.<\/td>\n<\/tr>\n<tr>\n<td width=\"140\"><strong>NIF<\/strong><\/td>\n<td width=\"437\">B36607620<\/td>\n<\/tr>\n<tr>\n<td width=\"140\"><strong>Domicilio social<\/strong><\/td>\n<td width=\"437\">R. de Segundo Pampill\u00f3n 20, nave 2, 36419, Pereiras, Pontevedra<\/td>\n<\/tr>\n<tr>\n<td width=\"140\"><strong>Telef\u00f3no <\/strong><\/td>\n<td width=\"437\">+34 986 09 01 28<\/td>\n<\/tr>\n<tr>\n<td width=\"140\"><strong>Correo electr\u00f3nico<\/strong><\/td>\n<td width=\"437\">compras@ironmachtrade.com<\/td>\n<\/tr>\n<tr>\n<td width=\"140\"><strong>Delegado de Protecci\u00f3n de datos<\/strong><\/td>\n<td width=\"437\">Grupo Adaptalia Legal Formativo:\u00a0dpo@machtrade.com<\/td>\n<\/tr>\n<\/tbody>\n<\/table>\n<ol start=\"2\">\n<li>\n<h4>\u00bfCon qu\u00e9 finalidad tratamos sus datos personales?<\/h4>\n<\/li>\n<\/ol>\n<p>En IRON MACHTRADE, S.L., dependiendo de la categor\u00eda de interesado de que se trate, tratamos la informaci\u00f3n que nos facilita con las siguientes finalidades:<\/p>\n<table width=\"603\">\n<tbody>\n<tr>\n<td width=\"130\"><strong>Interesados<\/strong><\/td>\n<td width=\"472\">Finalidades del tratamiento<\/td>\n<\/tr>\n<tr>\n<td width=\"130\"><strong>Potenciales clientes<\/strong><\/td>\n<td width=\"472\">Gestionar la potencial relaci\u00f3n comercial y\/o profesional, gestionar el env\u00edo de informaci\u00f3n solicitada y\/o resolver las consultas planteadas, facilitar ofertas de nuestros servicios y\/o productos de su inter\u00e9s.<\/td>\n<\/tr>\n<tr>\n<td width=\"130\"><strong>Clientes<\/strong><\/td>\n<td width=\"472\">Gestionar la relaci\u00f3n comercial y\/o profesional, facilitar ofertas de nuestros servicios y\/o productos de su inter\u00e9s.<\/td>\n<\/tr>\n<tr>\n<td width=\"130\"><strong>Proveedores<\/strong><\/td>\n<td width=\"472\">Gestionar la relaci\u00f3n comercial y\/o profesional.<\/td>\n<\/tr>\n<tr>\n<td width=\"130\"><strong>Personas candidatas<\/strong><\/td>\n<td width=\"472\">Gestionar el proceso de selecci\u00f3n de personal.<\/td>\n<\/tr>\n<tr>\n<td width=\"130\"><strong>Personas usuarias de la p\u00e1gina web<\/strong><\/td>\n<td width=\"472\">Gestionar el an\u00e1lisis de sus datos de navegaci\u00f3n.<\/td>\n<\/tr>\n<\/tbody>\n<\/table>\n<ol start=\"3\">\n<li>\n<h4>\u00bfCu\u00e1l es la legitimaci\u00f3n para el tratamiento de sus datos?<\/h4>\n<\/li>\n<\/ol>\n<p>La base legal para el tratamiento de sus datos personales, dependiendo de la categor\u00eda de interesado de que se trate, puede ser:<\/p>\n<table width=\"603\">\n<tbody>\n<tr>\n<td width=\"130\"><strong>Interesados<\/strong><\/td>\n<td width=\"472\"><strong>Base legal<\/strong><\/td>\n<\/tr>\n<tr>\n<td rowspan=\"3\" width=\"130\"><strong>Potenciales clientes<\/strong><\/td>\n<td width=\"472\">Art. 6.1.b RGPD: aplicaci\u00f3n, a petici\u00f3n del interesado, de medidas precontractuales (presupuestos, hojas de encargo, ofertas de servicios\u2026).<\/td>\n<\/tr>\n<tr>\n<td width=\"472\">Art. 6.1.f RGPD: Inter\u00e9s leg\u00edtimo (enviar informaci\u00f3n solicitada, responder a las consultas planteadas\u2026).<\/td>\n<\/tr>\n<tr>\n<td width=\"472\">Art. 6.1.a RGPD: consentimiento del propio interesado (facilitar ofertas de nuestros servicios y\/o productos).<\/td>\n<\/tr>\n<tr>\n<td width=\"130\"><strong>Clientes<\/strong><\/td>\n<td width=\"472\">Art. 6.1.b RGPD: ejecuci\u00f3n de un contrato en el que el interesado es parte.<\/td>\n<\/tr>\n<tr>\n<td width=\"130\"><strong>Proveedores<\/strong><\/td>\n<td width=\"472\">Art. 6.1.b RGPD: ejecuci\u00f3n de un contrato en el que el interesado es parte.<\/td>\n<\/tr>\n<tr>\n<td width=\"130\"><strong>Personas candidatas<\/strong><\/td>\n<td width=\"472\">Art. 6.1.a RGPD: consentimiento del propio interesado.<\/td>\n<\/tr>\n<tr>\n<td width=\"130\"><strong>Personas usuarias de la p\u00e1gina web<\/strong><\/td>\n<td width=\"472\">Art. 6.1.a RGPD: consentimiento del propio interesado.<\/td>\n<\/tr>\n<\/tbody>\n<\/table>\n<p>Los datos que le solicitamos son adecuados, pertinentes y estrictamente necesarios y en ning\u00fan caso est\u00e1 obligado a facilit\u00e1rnoslos, pero su no comunicaci\u00f3n podr\u00e1 afectar a la finalidad del servicio o la imposibilidad de prestarlo.<\/p>\n<ol start=\"4\">\n<li>\n<h4>\u00bfPor cu\u00e1nto tiempo conservaremos sus datos personales?<\/h4>\n<\/li>\n<\/ol>\n<p>Sus datos, ser\u00e1n conservados el tiempo m\u00ednimo necesario para la correcta prestaci\u00f3n del servicio ofrecido as\u00ed como para atender las responsabilidades que se pudieran derivar del mismo y de cualquier otra exigencia legal.<\/p>\n<ol start=\"5\">\n<li>\n<h4>\u00bfA qu\u00e9 destinatarios se comunicar\u00e1n sus datos?<\/h4>\n<\/li>\n<\/ol>\n<p>IRON MACHTRADE, S.L. no comunicar\u00e1 sus datos a ning\u00fan tercero, salvo que se informe de ello expresamente.<\/p>\n<p>Adicionalmente le informamos que determinados datos, en virtud de la normativa vigente o de la relaci\u00f3n contractual que mantenga con IRON MACHTRADE, S.L., podr\u00e1n ser comunicados a:<\/p>\n<ul>\n<li>Los bancos y entidades financieras para el cobro de los servicios contratados y\/o productos comprados.<\/li>\n<li>Administraciones p\u00fablicas con competencia en los sectores de la actividad de IRON MACHTRADE, S.L., cuando as\u00ed lo establezca la normativa vigente.<\/li>\n<\/ul>\n<p>Los posibles cambios en los destinatarios ser\u00e1n comunicados\/publicados, manteniendo actualizada esta informaci\u00f3n y disponible para los usuarios.<\/p>\n<ol start=\"6\">\n<li>\n<h4>\u00bfSe efect\u00faan transferencias internacionales de los datos?<\/h4>\n<\/li>\n<\/ol>\n<p>IRON MACHTRADE, S.L. podr\u00eda realizar desde este Sitio web transferencias internacionales de datos derivados de la aceptaci\u00f3n de las cookies:<\/p>\n<p>Google Llc y Google Ireland Limited transfieren datos a Estados Unidos en base al consentimiento del usuario al aceptar las cookies.<\/p>\n<p>Al aceptar las cookies de estas entidades el usuario consiente que sus datos personales que puedan recabarse a trav\u00e9s de la carga y lectura de las cookies, sean transferidos a Estados Unidos, pa\u00eds que ofrece un nivel de protecci\u00f3n equiparable al europeo desde el 10 de julio de 2023 tras la aprobaci\u00f3n del <a href=\"mailto:https:\/\/commission.europa.eu\/document\/fa09cbad-dd7d-4684-ae60-be03fcb0fddf_en\">EU-US Data Privacy Framework<\/a>.<\/p>\n<p>En caso de que el usuario no consienta esta transferencia internacional de datos a Estados Unidos deber\u00e1 rechazar estas cookies no prest\u00e1ndose ni obteni\u00e9ndose las funcionalidades o servicios que se ofrecen con estas cookies.<\/p>\n<p>Puedes informarte de las transferencias a terceros pa\u00edses que, en su caso, realizan los terceros identificados en la pol\u00edtica de cookies en sus correspondientes pol\u00edticas.<\/p>\n<p>Puedes informarte de las transferencias a terceros pa\u00edses que, en su caso, realizan los terceros identificados en la pol\u00edtica de cookies en sus correspondientes pol\u00edticas.<\/p>\n<ol start=\"7\">\n<li>\n<h4>\u00bfCu\u00e1les son sus derechos cuando nos facilita sus datos?<\/h4>\n<\/li>\n<\/ol>\n<p>Los derechos de protecci\u00f3n de datos que podr\u00e1n ejercer los interesados, cuando procedan, son:<\/p>\n<ul>\n<li>Derecho a solicitar el acceso a los datos personales relativos al interesado.<\/li>\n<li>Derecho de rectificaci\u00f3n o supresi\u00f3n.<\/li>\n<li>Derecho de oposici\u00f3n.<\/li>\n<li>Derecho a solicitar la limitaci\u00f3n de su tratamiento.<\/li>\n<li>Derecho a la portabilidad de los datos.<\/li>\n<li>Derecho a no ser objeto de decisiones basadas \u00fanicamente en el tratamiento automatizado de datos.<\/li>\n<\/ul>\n<p>Los titulares de los datos personales obtenidos podr\u00e1n ejercer sus derechos de protecci\u00f3n de datos personales dirigiendo una comunicaci\u00f3n por escrito al domicilio social de IRON MACHTRADE, S.L. o al correo electr\u00f3nico dpo@ironmachtrade.com.<\/p>\n<p>Modelos, formularios y m\u00e1s informaci\u00f3n disponible sobre sus derechos en la p\u00e1gina web de la autoridad de control nacional, Agencia Espa\u00f1ola de Protecci\u00f3n de Datos, en adelante, AEPD, <a href=\"http:\/\/www.aepd.es\" target=\"_blank\" rel=\"noopener\">www.aepd.es<\/a><u>.<\/u><\/p>\n<ol start=\"8\">\n<li>\n<h4>\u00bfPuedo retirar el consentimiento?<\/h4>\n<\/li>\n<\/ol>\n<p>Usted tiene la posibilidad y el derecho a retirar el consentimiento para cualquier finalidad espec\u00edfica otorgada en su momento, sin que ello afecte a la licitud del tratamiento basado en el consentimiento previo a su retirada.<\/p>\n<ol start=\"9\">\n<li>\n<h4>\u00bfD\u00f3nde puedo reclamar en caso de que considere que no se tratan mis datos correctamente?<\/h4>\n<\/li>\n<\/ol>\n<p>Si alg\u00fan interesado considera que sus datos no son tratados correctamente por IRON MACHTRADE, S.L. o que las solicitudes de ejercicio de derechos no han sido atendidas de forma satisfactoria, puede interponer una reclamaci\u00f3n ante a la autoridad de protecci\u00f3n de datos que corresponda, siendo la AEPD la indicada en el territorio nacional, <a href=\"http:\/\/www.aepd.es\" target=\"_blank\" rel=\"noopener\">www.aepd.es<\/a>.<\/p>\n<ol start=\"10\">\n<li>\n<h4>Seguridad y actualizaci\u00f3n de sus datos personales<\/h4>\n<\/li>\n<\/ol>\n<p>Con el objetivo de salvaguardar la seguridad de sus datos personales, le informamos que ha adoptado todas las medidas de \u00edndole t\u00e9cnica y organizativa necesarias para garantizar la seguridad de los datos personales suministrados. Todo ello para evitar su alteraci\u00f3n, p\u00e9rdida, y\/o tratamientos o accesos no autorizados, tal como exige la normativa, si bien la seguridad absoluta no existe.<\/p>\n<p>Es importante que, para que podamos mantener sus datos personales actualizados, nos informe siempre que se produzca una modificaci\u00f3n de los mismos.<\/p>\n<ol start=\"11\">\n<li>\n<h4>Confidencialidad<\/h4>\n<\/li>\n<\/ol>\n<p>IRON MACHTRADE, S.L. le informa que sus datos ser\u00e1n tratados con el m\u00e1ximo celo y confidencialidad por todo el personal que intervenga en cualquiera de las fases del tratamiento. No cederemos ni comunicaremos a ning\u00fan tercero sus datos, excepto en los casos legalmente previstos, o salvo que el interesado nos hubiera autorizado expresamente.<\/p>\n<\/div><\/section>\n<\/div><\/div><\/main><!-- close content main element --><\/div><\/div><div id='after_section_1'  class='main_color av_default_container_wrap container_wrap sidebar_right'  ><div class='container av-section-cont-open' ><div class='template-page content  av-content-small alpha units'><div class='post-entry post-entry-type-page post-entry-3'><div class='entry-content-wrapper clearfix'>\n","protected":false},"excerpt":{"rendered":"","protected":false},"author":1,"featured_media":0,"parent":0,"menu_order":0,"comment_status":"closed","ping_status":"closed","template":"","meta":{"_joinchat":[],"footnotes":""},"class_list":["post-3","page","type-page","status-publish","hentry"],"_links":{"self":[{"href":"https:\/\/ironmachtrade.com\/es\/wp-json\/wp\/v2\/pages\/3","targetHints":{"allow":["GET"]}}],"collection":[{"href":"https:\/\/ironmachtrade.com\/es\/wp-json\/wp\/v2\/pages"}],"about":[{"href":"https:\/\/ironmachtrade.com\/es\/wp-json\/wp\/v2\/types\/page"}],"author":[{"embeddable":true,"href":"https:\/\/ironmachtrade.com\/es\/wp-json\/wp\/v2\/users\/1"}],"replies":[{"embeddable":true,"href":"https:\/\/ironmachtrade.com\/es\/wp-json\/wp\/v2\/comments?post=3"}],"version-history":[{"count":9,"href":"https:\/\/ironmachtrade.com\/es\/wp-json\/wp\/v2\/pages\/3\/revisions"}],"predecessor-version":[{"id":3671,"href":"https:\/\/ironmachtrade.com\/es\/wp-json\/wp\/v2\/pages\/3\/revisions\/3671"}],"wp:attachment":[{"href":"https:\/\/ironmachtrade.com\/es\/wp-json\/wp\/v2\/media?parent=3"}],"curies":[{"name":"wp","href":"https:\/\/api.w.org\/{rel}","templated":true}]}}