{"id":379,"date":"2021-07-12T14:59:10","date_gmt":"2021-07-12T12:59:10","guid":{"rendered":"https:\/\/ironmachtrade.com\/?page_id=379"},"modified":"2023-02-02T14:48:44","modified_gmt":"2023-02-02T13:48:44","slug":"condiciones-de-venta","status":"publish","type":"page","link":"https:\/\/ironmachtrade.com\/es\/condiciones-de-venta\/","title":{"rendered":"Condiciones de venta"},"content":{"rendered":"<div id='av_section_1'  class='avia-section av-av_section-f716ba51e7bf82947c918c6ed882cb73 main_color avia-section-default avia-no-border-styling  avia-builder-el-0  avia-builder-el-no-sibling  avia-bg-style-scroll container_wrap sidebar_right'  ><div class='container av-section-cont-open' ><main  role=\"main\" itemprop=\"mainContentOfPage\"  class='template-page content  av-content-small alpha units'><div class='post-entry post-entry-type-page post-entry-379'><div class='entry-content-wrapper clearfix'>\n\n<style type=\"text\/css\" data-created_by=\"avia_inline_auto\" id=\"style-css-av-lb0n9mor-645417139902d7450a98bf4fca88aaea\">\n#top .av-special-heading.av-lb0n9mor-645417139902d7450a98bf4fca88aaea{\npadding-bottom:10px;\nfont-size:30px;\n}\nbody .av-special-heading.av-lb0n9mor-645417139902d7450a98bf4fca88aaea .av-special-heading-tag .heading-char{\nfont-size:25px;\n}\n#top #wrap_all .av-special-heading.av-lb0n9mor-645417139902d7450a98bf4fca88aaea .av-special-heading-tag{\nfont-size:30px;\n}\n.av-special-heading.av-lb0n9mor-645417139902d7450a98bf4fca88aaea .av-subheading{\nfont-size:15px;\n}\n\n@media only screen and (min-width: 480px) and (max-width: 767px){ \n#top #wrap_all .av-special-heading.av-lb0n9mor-645417139902d7450a98bf4fca88aaea .av-special-heading-tag{\nfont-size:0.8em;\n}\n}\n\n@media only screen and (max-width: 479px){ \n#top #wrap_all .av-special-heading.av-lb0n9mor-645417139902d7450a98bf4fca88aaea .av-special-heading-tag{\nfont-size:0.8em;\n}\n}\n<\/style>\n<div  class='av-special-heading av-lb0n9mor-645417139902d7450a98bf4fca88aaea av-special-heading-h3 blockquote modern-quote  avia-builder-el-1  el_before_av_textblock  avia-builder-el-first  av-inherit-size'><h3 class='av-special-heading-tag '  itemprop=\"headline\"  >Condiciones de venta<\/h3><div class=\"special-heading-border\"><div class=\"special-heading-inner-border\"><\/div><\/div><\/div>\n<section  class='av_textblock_section av-lb0n99gz-a5ec15efffca67621e6de4cd6946ea04 '   itemscope=\"itemscope\" itemtype=\"https:\/\/schema.org\/CreativeWork\" ><div class='avia_textblock'  itemprop=\"text\" ><p><strong>1. Pre\u00e1mbulo<\/strong><\/p>\n<p class=\"p3\">Las siguientes condiciones se aplican a todos los equipos presupuestados (nuevos y usados), servicios y repuestos fabricados y\/o distribuidos por Iron Machtrade, S.L.<\/p>\n<p class=\"p3\">La realizaci\u00f3n de un pedido implica que el comprador acepta estos t\u00e9rminos y condiciones, con exclusi\u00f3n de todos los dem\u00e1s.<\/p>\n<p><strong>2. Orden de compra<\/strong><\/p>\n<p class=\"p3\">Iron Machtrade, S.L. solo acepta \u00f3rdenes de compra por escrito, excluyendo de manera expresa cualquier otro medio. Dicha orden debe ir firmada por una persona autorizada que represente a la empresa solicitante.<\/p>\n<p class=\"p3\">Debe incluir la configuraci\u00f3n de la m\u00e1quina que se solicita, importe y forma de pago.<\/p>\n<p><strong>3. Precios de la maquinaria y condiciones de entrega<\/strong><\/p>\n<p class=\"p3\">El precio de toda maquinaria ofertada y confirmada por el cliente ha de ser expresado en Euros y deber\u00e1 reflejar el IVA en caso de que sea requerido. Los precios de venta no incluyen el transporte a destino, salvo que se acuerde por ambas partes. Se entiende como precio v\u00e1lido aquel que figure la orden de compra y est\u00e9 debidamente cumplimentado tal y como se recoge en el ep\u00edgrafe anterior.<\/p>\n<p><strong>4. Plazos<\/strong><\/p>\n<p class=\"p3\">Los plazos de entrega indicados en los presupuestos son siempre orientativos, por tanto, no habr\u00e1 lugar a compensaci\u00f3n a favor del solicitante por parte de Iron Machtrade, S.L. en caso de retraso de la mercanc\u00eda y los perjuicios derivados de \u00e9l. Si el comprador solicita accesorios o modificaciones espec\u00edficas no incluidas en la orden de compra y que no pueden ser servidas en el plazo solicitado, no podr\u00e1 anular el pedido. En caso de maquinaria que est\u00e9 en el taller de Iron Machtrade, S.L. esperando ser recogida una vez reparada y notificada la reparaci\u00f3n, el comprador dispondr\u00e1 de 7 d\u00edas naturales para recoger los equipos. Transcurrido el plazo, se cobrar\u00e1n 10 \u20ac diarios hasta la fecha de recogida.<\/p>\n<p><strong>5. Modificaci\u00f3n y cancelaci\u00f3n de la orden de compra<\/strong><\/p>\n<p class=\"p3\">Una vez confirmada la orden de compra, no se aceptar\u00e1 ning\u00fan cambio sobre la orden inicial salvo confirmaci\u00f3n expresa y escrita de Iron Machtrade, S.L. En todo caso, el solicitante debe cumplir con las siguientes condiciones:<\/p>\n<ul class=\"ul1\">\n<li class=\"li3\">Enviar la solicitud por escrito dirigida al responsable de su cuenta en Iron Machtrade, S.L.<\/li>\n<li class=\"li3\">Recibir la confirmaci\u00f3n de que el cambio ha sido aceptado<\/li>\n<li class=\"li3\">Abonar los costes ocasionados por gastos log\u00edsticos, administrativos y de control de stock derivados de la modificaci\u00f3n o anulaci\u00f3n de la orden de compra, adem\u00e1s del incremento de importe que pudiese suponer<\/li>\n<li class=\"li3\">Enviar por escrito la nueva orden de compra, como se indica en el ep\u00edgrafe 2.<\/li>\n<li class=\"li3\">No pueden someterse a modificaci\u00f3n aquellos accesorios o variantes espec\u00edficas solicitadas por el comprador y no incluidas en el cat\u00e1logo est\u00e1ndar vigente<b>.<\/b><\/li>\n<\/ul>\n<p><strong>6. Reclamaci\u00f3n y garant\u00eda<\/strong><\/p>\n<p class=\"p3\">Cualquier reclamaci\u00f3n sobre la disconformidad con los productos recibidos en relaci\u00f3n a los solicitados, se debe realizar seg\u00fan los canales y plazos establecidos en el procedimiento general de garant\u00eda. El comprador reconoce expresamente haber recibido, aceptado y devuelto firmadas las condiciones generales de la pol\u00edtica de garant\u00edas de Iron Machtrade, S.L.<\/p>\n<p><strong>7. Devoluciones<\/strong><\/p>\n<p class=\"p3\">No se acepta devoluci\u00f3n de maquinaria salvo autorizaci\u00f3n expresa y escrita de la direcci\u00f3n de Iron Machtrade, S.L. En caso de aceptaci\u00f3n de la devoluci\u00f3n, se realizar\u00e1 la debida solicitud por escrito y dirigida al responsable de la cuenta correspondiente en Iron Machtrade, S.L. Asimismo, la maquinaria deber\u00e1 entregarse con su configuraci\u00f3n de origen, en perfecto estado y sin haber sido usada. En caso de se reciba la maquinaria en mal estado, Iron Machtrade, S.L. podr\u00e1 repercutir al cliente los costes de reacondicionamiento tras la recepci\u00f3n del producto. En caso de devoluci\u00f3n de equipos especiales, no incluidos en el cat\u00e1logo vigente, se aplicar\u00e1 una retenci\u00f3n del 40% sobre el precio de venta.<\/p>\n<p><strong>8. Pagos<\/strong><\/p>\n<p class=\"p3\">Salvo que est\u00e9n negociados previamente otros m\u00e9todos de pago, todos nuestros servicios se pagar\u00e1n al contado. En el caso de venta de maquinaria y accesorios, se abonar\u00e1 una reserva del 15% del valor total de los equipos en el momento de confirmaci\u00f3n de pedido y el importe restante antes de la entrega de los mismos.<\/p>\n<p><strong>9. Demora<\/strong><\/p>\n<p class=\"p3\">Cualquier retraso en el pago de facturas, hace efectivos, autom\u00e1ticamente y sin previo aviso, unos intereses de demora del 1% por cada mes de retraso, calculados en funci\u00f3n de la cantidad adeudada y el periodo de impago. El impago de un deudor despu\u00e9s de una fecha l\u00edmite y tras un acuerdo previo de extensi\u00f3n en el periodo de pago, hace inmediatamente exigible todo el importe de la deuda. Este impago dar\u00e1 lugar a una finalizaci\u00f3n autom\u00e1tica de los contratos y \u00f3rdenes.<\/p>\n<p><strong>10. Propiedad<\/strong><\/p>\n<p class=\"p3\">La propiedad de los equipos ser\u00e1 siempre de Iron Machtrade S.L. hasta el abono del 100% del importe de la factura emitida. En caso de insolvencia, quiebra o liquidaci\u00f3n del comprador, Iron Machtrade, S.L. adquiere el derecho de recuperaci\u00f3n de los bienes suministrados como garant\u00eda de los pagos pendientes de recibir. En el caso de contratos de Alquiler con Opci\u00f3n a Compra, se cumplir\u00e1n las condiciones establecidas en ellos.<\/p>\n<\/div><\/section>\n<\/div><\/div><\/main><!-- close content main element --><\/div><\/div><div id='after_section_1'  class='main_color av_default_container_wrap container_wrap sidebar_right'  ><div class='container av-section-cont-open' ><div class='template-page content  av-content-small alpha units'><div class='post-entry post-entry-type-page post-entry-379'><div class='entry-content-wrapper clearfix'>\n","protected":false},"excerpt":{"rendered":"","protected":false},"author":1,"featured_media":0,"parent":0,"menu_order":0,"comment_status":"closed","ping_status":"closed","template":"","meta":{"_joinchat":[],"footnotes":""},"class_list":["post-379","page","type-page","status-publish","hentry"],"_links":{"self":[{"href":"https:\/\/ironmachtrade.com\/es\/wp-json\/wp\/v2\/pages\/379","targetHints":{"allow":["GET"]}}],"collection":[{"href":"https:\/\/ironmachtrade.com\/es\/wp-json\/wp\/v2\/pages"}],"about":[{"href":"https:\/\/ironmachtrade.com\/es\/wp-json\/wp\/v2\/types\/page"}],"author":[{"embeddable":true,"href":"https:\/\/ironmachtrade.com\/es\/wp-json\/wp\/v2\/users\/1"}],"replies":[{"embeddable":true,"href":"https:\/\/ironmachtrade.com\/es\/wp-json\/wp\/v2\/comments?post=379"}],"version-history":[{"count":3,"href":"https:\/\/ironmachtrade.com\/es\/wp-json\/wp\/v2\/pages\/379\/revisions"}],"predecessor-version":[{"id":2734,"href":"https:\/\/ironmachtrade.com\/es\/wp-json\/wp\/v2\/pages\/379\/revisions\/2734"}],"wp:attachment":[{"href":"https:\/\/ironmachtrade.com\/es\/wp-json\/wp\/v2\/media?parent=379"}],"curies":[{"name":"wp","href":"https:\/\/api.w.org\/{rel}","templated":true}]}}