{"id":381,"date":"2021-07-12T14:59:22","date_gmt":"2021-07-12T12:59:22","guid":{"rendered":"https:\/\/ironmachtrade.com\/?page_id=381"},"modified":"2024-05-02T09:12:58","modified_gmt":"2024-05-02T07:12:58","slug":"politica-de-cookies","status":"publish","type":"page","link":"https:\/\/ironmachtrade.com\/es\/politica-de-cookies\/","title":{"rendered":"Pol\u00edtica de Cookies"},"content":{"rendered":"<div id='av_section_1'  class='avia-section av-bjdzx-355a0e1e7554d649649fbf46a27d5119 main_color avia-section-default avia-no-border-styling  avia-builder-el-0  avia-builder-el-no-sibling  avia-bg-style-scroll container_wrap sidebar_right'  ><div class='container av-section-cont-open' ><main  role=\"main\" itemprop=\"mainContentOfPage\"  class='template-page content  av-content-small alpha units'><div class='post-entry post-entry-type-page post-entry-381'><div class='entry-content-wrapper clearfix'>\n\n<style type=\"text\/css\" data-created_by=\"avia_inline_auto\" id=\"style-css-av-lb0nciha-83c9bb84052c1272bbc13e6d63ae339b\">\n#top .av-special-heading.av-lb0nciha-83c9bb84052c1272bbc13e6d63ae339b{\npadding-bottom:10px;\nfont-size:30px;\n}\nbody .av-special-heading.av-lb0nciha-83c9bb84052c1272bbc13e6d63ae339b .av-special-heading-tag .heading-char{\nfont-size:25px;\n}\n#top #wrap_all .av-special-heading.av-lb0nciha-83c9bb84052c1272bbc13e6d63ae339b .av-special-heading-tag{\nfont-size:30px;\n}\n.av-special-heading.av-lb0nciha-83c9bb84052c1272bbc13e6d63ae339b .av-subheading{\nfont-size:15px;\n}\n\n@media only screen and (min-width: 480px) and (max-width: 767px){ \n#top #wrap_all .av-special-heading.av-lb0nciha-83c9bb84052c1272bbc13e6d63ae339b .av-special-heading-tag{\nfont-size:0.8em;\n}\n}\n\n@media only screen and (max-width: 479px){ \n#top #wrap_all .av-special-heading.av-lb0nciha-83c9bb84052c1272bbc13e6d63ae339b .av-special-heading-tag{\nfont-size:0.8em;\n}\n}\n<\/style>\n<div  class='av-special-heading av-lb0nciha-83c9bb84052c1272bbc13e6d63ae339b av-special-heading-h3 blockquote modern-quote  avia-builder-el-1  el_before_av_textblock  avia-builder-el-first  av-inherit-size'><h3 class='av-special-heading-tag '  itemprop=\"headline\"  >Pol\u00edtica de Cookies<\/h3><div class=\"special-heading-border\"><div class=\"special-heading-inner-border\"><\/div><\/div><\/div>\n<section  class='av_textblock_section av-l5je6z4i-ae9cf33f82f549a8d103d9556f089bda '   itemscope=\"itemscope\" itemtype=\"https:\/\/schema.org\/CreativeWork\" ><div class='avia_textblock'  itemprop=\"text\" ><ol>\n<li>\n<h4>\u00bfQu\u00e9 son las cookies?<\/h4>\n<\/li>\n<\/ol>\n<p>La p\u00e1gina web cuya propiedad y titularidad es de Iron Machtrade, S.L. (en adelante \u201cla web\u201d o el \u201csitio web\u201d) utiliza cookies y\/o tecnolog\u00edas similares que almacenan y recuperan informaci\u00f3n cuando navegas. En general, estas tecnolog\u00edas pueden servir para finalidades muy diversas, como, por ejemplo, reconocerte como usuario, obtener informaci\u00f3n sobre tus h\u00e1bitos de navegaci\u00f3n, o personalizar la forma en que se muestra el contenido.<\/p>\n<p>El usuario podr\u00e1 configurar su navegador para que notifique y rechace la instalaci\u00f3n las cookies enviadas por la web, sin que ello perjudique la posibilidad de acceder a los contenidos de dicha web, pero la calidad de funcionamiento de la p\u00e1gina web puede disminuir.<\/p>\n<p>Los usos concretos que hacemos de estas tecnolog\u00edas se describen a continuaci\u00f3n.<\/p>\n<ol start=\"2\">\n<li>\n<h4>\u00bfQu\u00e9 tipos de cookies existen?<\/h4>\n<\/li>\n<\/ol>\n<p>Las Cookies, en funci\u00f3n de su <strong>Permanencia<\/strong>, pueden dividirse en:<\/p>\n<table>\n<tbody>\n<tr>\n<td width=\"98\"><strong>Cookies de sesi\u00f3n<\/strong><\/td>\n<td width=\"471\">Son aquellas dise\u00f1adas para recabar y almacenar datos mientras el usuario accede a una p\u00e1gina web. Se suelen emplear para almacenar informaci\u00f3n que solo interesa conservar para la prestaci\u00f3n del servicio solicitado. Expiran cuando el usuario cierra el navegador.<\/td>\n<\/tr>\n<tr>\n<td width=\"98\"><strong>Cookies persistentes<\/strong><\/td>\n<td width=\"471\">Son aquellas en las que los datos siguen almacenados en el terminal y pueden ser accedidos y tratados durante un periodo definido en funci\u00f3n de cuando se cumpla el objetivo para el que sirven (por ejemplo, para que el usuario se mantenga identificado en los Servicios) o bien cuando se borran manualmente.<\/td>\n<\/tr>\n<\/tbody>\n<\/table>\n<p>En funci\u00f3n de su <strong>Propietario, <\/strong>pueden dividirse en:<\/p>\n<table>\n<tbody>\n<tr>\n<td width=\"98\"><strong>Cookies propias<\/strong><\/td>\n<td width=\"471\">Son aqu\u00e9llas que se env\u00edan al equipo terminal del usuario desde un equipo o dominio gestionado por el propio editor y desde el que se presta el servicio solicitado por el usuario.<\/td>\n<\/tr>\n<tr>\n<td width=\"98\"><strong>Cookies de terceros<\/strong><\/td>\n<td width=\"471\">Son aqu\u00e9llas que se env\u00edan al equipo terminal del usuario desde un equipo o dominio que no es gestionado por el editor, sino por otra entidad que trata los datos obtenidos trav\u00e9s de las cookies.<\/td>\n<\/tr>\n<\/tbody>\n<\/table>\n<p>Adicionalmente, en funci\u00f3n de su<strong> finalidad<\/strong>, las Cookies pueden clasificarse de la siguiente forma:<\/p>\n<table width=\"576\">\n<tbody>\n<tr>\n<td width=\"99\"><strong><em>Cookies <\/em><\/strong><strong>t\u00e9cnicas<\/strong><\/td>\n<td colspan=\"2\" width=\"478\">Son aquellas que permiten al usuario la navegaci\u00f3n a trav\u00e9s de una p\u00e1gina web, plataforma o aplicaci\u00f3n y la utilizaci\u00f3n de las diferentes opciones o servicios que en ella existan, incluyendo aquellas que el editor utiliza para permitir la gesti\u00f3n y operativa de la p\u00e1gina web y habilitar sus funciones y servicios como, por ejemplo, identificar la sesi\u00f3n o controlar el tr\u00e1fico y la comunicaci\u00f3n de datos.<\/td>\n<\/tr>\n<tr>\n<td rowspan=\"3\" width=\"99\"><strong><em>Cookies <\/em><\/strong><strong>de preferencias o personalizaci\u00f3n<\/strong><\/td>\n<td colspan=\"2\" width=\"478\">Este tipo de Cookie recuerda sus preferencias para las herramientas que se encuentran en los servicios, por lo que no tiene que volver a configurar el servicio cada vez que usted visita. A modo de ejemplo, en esta tipolog\u00eda se incluyen:<\/td>\n<\/tr>\n<tr>\n<td rowspan=\"2\" width=\"16\"><\/td>\n<td width=\"462\">Ajustes de volumen de reproductores de v\u00eddeo o sonido.<\/td>\n<\/tr>\n<tr>\n<td width=\"462\">Las velocidades de transmisi\u00f3n de v\u00eddeo que sean compatibles con su navegador.<\/td>\n<\/tr>\n<\/tbody>\n<\/table>\n<table width=\"576\">\n<tbody>\n<tr>\n<td width=\"95\"><strong><em>Cookies <\/em><\/strong><strong>de <\/strong><\/p>\n<p><strong>Geo-localizaci\u00f3n<\/strong><\/td>\n<td width=\"481\">Estas Cookies son utilizadas para averiguar en qu\u00e9 pa\u00eds se encuentra cuando se solicita un servicio. Esta Cookie es totalmente an\u00f3nima, y s\u00f3lo se utiliza para ayudar a orientar el contenido a su ubicaci\u00f3n.<\/td>\n<\/tr>\n<\/tbody>\n<\/table>\n<table width=\"576\">\n<tbody>\n<tr>\n<td rowspan=\"3\" width=\"95\"><strong><em>Cookies <\/em><\/strong><strong>de registro<\/strong><\/td>\n<td colspan=\"2\" width=\"482\">Las Cookies de registro se generan una vez que el usuario se ha registrado o posteriormente ha abierto su sesi\u00f3n, y se utilizan para identificarle en los servicios con los siguientes objetivos:<\/td>\n<\/tr>\n<tr>\n<td rowspan=\"2\" width=\"16\"><\/td>\n<td width=\"466\">Mantener al usuario identificado de forma que, si cierra un servicio, el navegador o el ordenador y en otro momento u otro d\u00eda vuelve a entrar en dicho servicio, seguir\u00e1 identificado, facilitando as\u00ed su navegaci\u00f3n sin tener que volver a identificarse. Esta funcionalidad se puede suprimir si el usuario pulsa la funcionalidad \u201ccerrar sesi\u00f3n\u201d, de forma que esta Cookie se elimina y la pr\u00f3xima vez que entre en el servicio el usuario tendr\u00e1 que iniciar sesi\u00f3n para estar identificado.<\/td>\n<\/tr>\n<tr>\n<td width=\"466\">Comprobar si el usuario est\u00e1 autorizado para acceder a ciertos servicios, por ejemplo, para participar en un concurso.<\/td>\n<\/tr>\n<\/tbody>\n<\/table>\n<table width=\"576\">\n<tbody>\n<tr>\n<td rowspan=\"5\" width=\"96\"><strong><em>Cookies de an\u00e1lisis o medici\u00f3n<\/em><\/strong><\/td>\n<td colspan=\"2\" width=\"480\">Cada vez que un Usuario visita un servicio, una herramienta de un proveedor externo genera una Cookie anal\u00edtica en el ordenador del usuario. Esta Cookie que s\u00f3lo se genera en la visita, servir\u00e1 en pr\u00f3ximas visitas a los Servicios de la Web para identificar de forma an\u00f3nima al visitante. Los objetivos principales que se persiguen son:<\/td>\n<\/tr>\n<tr>\n<td rowspan=\"4\" width=\"16\"><\/td>\n<td width=\"464\">Permitir la identificaci\u00f3n an\u00f3nima de los usuarios navegantes a trav\u00e9s de la \u201c<em>Cookie<\/em>\u201d (identifica navegadores y dispositivos, no personas) y por lo tanto la contabilizaci\u00f3n aproximada del n\u00famero de visitantes y su tendencia en el tiempo.<\/td>\n<\/tr>\n<tr>\n<td width=\"464\">Identificar de forma an\u00f3nima los contenidos m\u00e1s visitados y por lo tanto m\u00e1s atractivos para los usuarios.<\/td>\n<\/tr>\n<tr>\n<td width=\"464\">Saber si el usuario que est\u00e1 accediendo es nuevo o repite visita.<\/td>\n<\/tr>\n<tr>\n<td width=\"464\"><u>Importante<\/u>: Salvo que el usuario decida registrarse en un servicio de la Web<strong>,<\/strong> la \u201c<em>Cookie<\/em>\u201d nunca ir\u00e1 asociada a ning\u00fan dato de car\u00e1cter personal que pueda identificarle. Dichas Cookies s\u00f3lo ser\u00e1n utilizadas con prop\u00f3sitos estad\u00edsticos que ayuden a la optimizaci\u00f3n de la experiencia de los Usuarios en el sitio.<\/td>\n<\/tr>\n<\/tbody>\n<\/table>\n<table width=\"576\">\n<tbody>\n<tr>\n<td width=\"127\"><strong><em>Cookies <\/em><\/strong><strong>de<\/strong><\/p>\n<p><strong>publicidad comportamental<\/strong><\/td>\n<td width=\"449\">Este tipo de \u201c<em>Cookies<\/em>\u201d permite ampliar la informaci\u00f3n de los anuncios mostrados a cada usuario an\u00f3nimo en los Servicios de la Web<strong>.<\/strong> Entre otros, se almacena la duraci\u00f3n o frecuencia de visualizaci\u00f3n de posiciones publicitarias, la interacci\u00f3n con las mismas, o los patrones de navegaci\u00f3n y\/o compartimientos del usuario ya que ayudan a conformar un perfil de inter\u00e9s publicitario. De este modo, permiten ofrecer publicidad af\u00edn a los intereses del usuario.<\/td>\n<\/tr>\n<\/tbody>\n<\/table>\n<table width=\"576\">\n<tbody>\n<tr>\n<td width=\"125\"><strong><em>Cookies<\/em><\/strong><strong> publicitarias de terceros<\/strong><\/td>\n<td width=\"452\">Adem\u00e1s de la publicidad gestionada por la Web en sus Servicios, la Web ofrece a sus anunciantes la opci\u00f3n de servir anuncios a trav\u00e9s de terceros (\u201cAdServers\u201d). De este modo, estos terceros pueden almacenar <em>Cookies<\/em> enviadas desde los Servicios de la Web procedentes de los navegadores de los Usuarios, as\u00ed como acceder a los datos que en ellas se guardan.<\/td>\n<\/tr>\n<\/tbody>\n<\/table>\n<p>Las cookies que utilizamos en nuestra p\u00e1gina web son:<\/p>\n<ol start=\"4\">\n<li>\n<h4>\u00bfC\u00f3mo deshabilitar las Cookies?<\/h4>\n<\/li>\n<\/ol>\n<p>Normalmente es posible dejar de aceptar las Cookies del navegador, o dejar de aceptar las Cookies de un Servicio en particular.<\/p>\n<p>Todos los navegadores modernos permiten cambiar la configuraci\u00f3n de Cookies. Estos ajustes normalmente se encuentran en las \u00a8opciones\u00a8 o \u00a8preferencias\u00a8 del men\u00fa de su navegador. Asimismo, puede configurar su navegador o su gestor de correo electr\u00f3nico, as\u00ed como instalar complementos gratuitos para evitar que se descarguen los Web <em>Bugs<\/em> al abrir un email.<\/p>\n<p>La Web ofrece orientaci\u00f3n al Usuario sobre los pasos para acceder al men\u00fa de configuraci\u00f3n de las <em>cookies<\/em> y, en su caso, de la navegaci\u00f3n privada en cada uno de los navegadores principales:<\/p>\n<p><em>\u00a0<\/em><\/p>\n<table>\n<tbody>\n<tr>\n<td rowspan=\"2\" width=\"73\"><strong>Internet Explorer<\/strong><\/td>\n<td width=\"503\">Herramientas \u27a1 Opciones de Internet \u27a1 Privacidad \u27a1 Configuraci\u00f3n.<\/td>\n<\/tr>\n<tr>\n<td width=\"503\">Para m\u00e1s informaci\u00f3n, puede consultar el soporte de Microsoft o la Ayuda del navegador.<\/td>\n<\/tr>\n<tr>\n<td width=\"73\"><strong>Microsoft Edge<\/strong><\/td>\n<td width=\"503\">Configuraci\u00f3n y m\u00e1s \u27a1 Configuraci\u00f3n \u27a1 Borrar datos de exploraci\u00f3n.<\/td>\n<\/tr>\n<tr>\n<td width=\"73\"><strong>Firefox<\/strong><\/td>\n<td width=\"503\">Herramientas \u27a1 Opciones \u27a1 Privacidad \u27a1 Historial \u27a1 Configuraci\u00f3n personalizada.<\/td>\n<\/tr>\n<tr>\n<td width=\"73\"><strong>Chrome<\/strong><\/td>\n<td width=\"503\">Configuraci\u00f3n \u27a1 Configuraci\u00f3n avanzada \u27a1 Privacidad y seguridad \u27a1 Borrar datos de navegaci\u00f3n.<\/td>\n<\/tr>\n<tr>\n<td rowspan=\"2\" width=\"73\"><strong>Safari<\/strong><\/td>\n<td width=\"503\">Preferencias \u27a1 Seguridad.<\/td>\n<\/tr>\n<tr>\n<td width=\"503\">Para m\u00e1s informaci\u00f3n, puede consultar el soporte de Apple o la Ayuda del navegador.<\/td>\n<\/tr>\n<\/tbody>\n<\/table>\n<p><em>\u00a0<\/em><\/p>\n<p>Asimismo, el usuario puede modificar, configurar, y en su caso revocar el consentimiento otorgado para la instalaci\u00f3n de las cookies, utilizando el modal ubicado en la totalidad de las pesta\u00f1as de la p\u00e1gina web, y\/o haciendo clic en el siguiente <u>enlace<\/u>.<\/p>\n<ol start=\"5\">\n<li>\n<h4>Transferencias de datos a terceros pa\u00edses<\/h4>\n<\/li>\n<\/ol>\n<p>La instalaci\u00f3n de cookies descrita en el ep\u00edgrafe 3 de la presente pol\u00edtica de cookies puede conllevar la transferencia de datos a terceros pa\u00edses. En este sentido, las transferencias internacionales de datos suponen un flujo de datos personales desde el territorio espa\u00f1ol a destinatarios establecidos en pa\u00edses fuera del Espacio Econ\u00f3mico Europeo (los pa\u00edses de la Uni\u00f3n Europea m\u00e1s Liechtenstein, Islandia y Noruega).<\/p>\n<p>Por todo lo anterior, las transferencias internacionales de datos que realizamos en nuestra p\u00e1gina web son:<\/p>\n<table style=\"height: 498px;\" width=\"1214\">\n<tbody>\n<tr>\n<td width=\"66\"><strong>\u00a0<\/strong><\/td>\n<td colspan=\"4\" width=\"192\"><strong>\u00a0<\/strong><\/td>\n<td colspan=\"3\" width=\"308\"><strong>TRANSFERENCIAS INTERNACIONALES DE DATOS<\/strong><\/td>\n<\/tr>\n<tr>\n<td colspan=\"2\" width=\"92\"><strong>NOMBRE <\/strong><\/td>\n<td width=\"82\"><strong>TIPOLOG\u00cdA<\/strong><\/td>\n<td width=\"79\"><strong>ENTIDAD<\/strong><\/td>\n<td colspan=\"2\" width=\"68\"><strong>PAIS<\/strong><\/td>\n<td width=\"93\"><strong>\u00a0<\/strong><\/p>\n<p><strong>ART\u00cdCULO RGPD<\/strong><\/p>\n<p><strong>\u00a0<\/strong><\/td>\n<td width=\"152\"><strong>M\u00c1S INFORMACI\u00d3N<\/strong><\/td>\n<\/tr>\n<tr>\n<td colspan=\"2\" width=\"92\">_gad, _gid, _ga<\/td>\n<td width=\"82\">Anal\u00edtica<\/td>\n<td width=\"79\">Google Inc.<\/td>\n<td colspan=\"2\" width=\"68\">EE. UU.<\/td>\n<td width=\"93\">Decisi\u00f3n de adecuaci\u00f3n (art\u00edculo 45.1 del RGPD)<\/td>\n<td width=\"152\"><strong>\u00a0<\/strong><\/p>\n<p><strong>\u00a0<\/strong><\/p>\n<p><strong>\u00a0<\/strong><\/p>\n<p><strong>\u00a0<\/strong><\/p>\n<p>Acceso a la adhesi\u00f3n de Google Inc al Data Privacy Framework: .<\/p>\n<p><strong>\u00a0<\/strong><\/p>\n<p><strong>\u00a0<\/strong><\/p>\n<p><strong>\u00a0<\/strong><\/td>\n<\/tr>\n<tr>\n<td width=\"66\"><\/td>\n<td width=\"26\"><\/td>\n<td width=\"82\"><\/td>\n<td width=\"79\"><\/td>\n<td width=\"6\"><\/td>\n<td width=\"62\"><\/td>\n<td width=\"93\"><\/td>\n<td width=\"152\"><\/td>\n<\/tr>\n<\/tbody>\n<\/table>\n<p>Puedes informarte de las transferencias a terceros pa\u00edses que, en su caso, realizan los terceros identificados en esta pol\u00edtica de cookies en sus correspondientes pol\u00edticas (enlaces facilitados en el apartado de \u201cCookies de terceros\u201d)<\/p>\n<ol start=\"6\">\n<li>\n<h4>Derechos de los interesados<\/h4>\n<\/li>\n<\/ol>\n<p>Le recordamos que la normativa de protecci\u00f3n de datos, en los art\u00edculos 15 a 22 del RGPD, permite a los\/as interesados\/as ejercitar los derechos de acceso, rectificaci\u00f3n, supresi\u00f3n (\u00abderecho al olvido\u00bb), oposici\u00f3n, portabilidad, limitaci\u00f3n del tratamiento, y derecho de oposici\u00f3n a las decisiones automatizadas (incluyendo la elaboraci\u00f3n de perfiles).<\/p>\n<p>Puede ejercitarlos en nuestra direcci\u00f3n f\u00edsica ubicada en R. de Segundo Pampill\u00f3n 20, nave 2, 36419, Pereiras, Pontevedra, as\u00ed como en el correo electr\u00f3nico dpo@ironmachtrade.com. Puede obtener m\u00e1s informaci\u00f3n en nuestra <u>pol\u00edtica de privacidad<\/u>.<\/p>\n<ol start=\"7\">\n<li>\n<h4>Plazos de conservaci\u00f3n<\/h4>\n<\/li>\n<\/ol>\n<p>En cumplimiento del art\u00edculo 13.2.a) del RGPD, le informamos que las cookies ser\u00e1n instaladas durante un plazo concreto de tiempo. En este sentido, si el usuario desea consultar los plazos de conservaci\u00f3n y obtener m\u00e1s informaci\u00f3n sobre el presente punto, deber\u00e1 consultar la columna \u201ccaducidad\u201d del apartado \u201c3. \u00bfQu\u00e9 cookies utilizamos?\u201d.<\/p>\n<ol start=\"8\">\n<li>\n<h4>\u00bfSe pueden producir modificaciones de la Pol\u00edtica de Cookies?<\/h4>\n<\/li>\n<\/ol>\n<p>La Iron Machtrade, S.L. puede modificar la presente Pol\u00edtica de Cookies en funci\u00f3n de las exigencias legislativas, reglamentarias, o con la finalidad de adaptar dicha pol\u00edtica a las instrucciones dictadas por las autoridades de control europeas y\/o nacionales (en nuestro caso, la Agencia Espa\u00f1ola de Protecci\u00f3n de Datos), por ello se aconseja a los usuarios que la visiten peri\u00f3dicamente.<\/p>\n<p>Cuando se produzcan cambios significativos en esta Pol\u00edtica de Cookies, se comunicar\u00e1n a los usuarios mediante la web.<\/p>\n<p>Finalmente podr\u00e1 consultar nuestra <u>pol\u00edtica de privacidad<\/u>, para obtener informaci\u00f3n adicional (art\u00edculo 13 del RGPD) sobre los tratamientos de sus datos personales realizados por Iron Machtrade, S.L.<\/p>\n<\/div><\/section>\n<\/div><\/div><\/main><!-- close content main element --><\/div><\/div><div id='after_section_1'  class='main_color av_default_container_wrap container_wrap sidebar_right'  ><div class='container av-section-cont-open' ><div class='template-page content  av-content-small alpha units'><div class='post-entry post-entry-type-page post-entry-381'><div class='entry-content-wrapper clearfix'>\n","protected":false},"excerpt":{"rendered":"","protected":false},"author":1,"featured_media":0,"parent":0,"menu_order":0,"comment_status":"closed","ping_status":"closed","template":"","meta":{"_joinchat":[],"footnotes":""},"class_list":["post-381","page","type-page","status-publish","hentry"],"_links":{"self":[{"href":"https:\/\/ironmachtrade.com\/es\/wp-json\/wp\/v2\/pages\/381","targetHints":{"allow":["GET"]}}],"collection":[{"href":"https:\/\/ironmachtrade.com\/es\/wp-json\/wp\/v2\/pages"}],"about":[{"href":"https:\/\/ironmachtrade.com\/es\/wp-json\/wp\/v2\/types\/page"}],"author":[{"embeddable":true,"href":"https:\/\/ironmachtrade.com\/es\/wp-json\/wp\/v2\/users\/1"}],"replies":[{"embeddable":true,"href":"https:\/\/ironmachtrade.com\/es\/wp-json\/wp\/v2\/comments?post=381"}],"version-history":[{"count":16,"href":"https:\/\/ironmachtrade.com\/es\/wp-json\/wp\/v2\/pages\/381\/revisions"}],"predecessor-version":[{"id":3676,"href":"https:\/\/ironmachtrade.com\/es\/wp-json\/wp\/v2\/pages\/381\/revisions\/3676"}],"wp:attachment":[{"href":"https:\/\/ironmachtrade.com\/es\/wp-json\/wp\/v2\/media?parent=381"}],"curies":[{"name":"wp","href":"https:\/\/api.w.org\/{rel}","templated":true}]}}