{"id":2777,"date":"2023-06-27T09:22:45","date_gmt":"2023-06-27T07:22:45","guid":{"rendered":"https:\/\/ironmachtrade.com\/?post_type=product&#038;p=2777"},"modified":"2026-01-08T13:56:02","modified_gmt":"2026-01-08T12:56:02","slug":"zoomlion-zs0407dc","status":"publish","type":"product","link":"https:\/\/ironmachtrade.com\/es\/zoomlion-zs0407dc\/","title":{"rendered":"Zoomlion ZS0407DC"},"content":{"rendered":"<p>Tijera el\u00e9ctrica 6 m. Mini<\/p>\n","protected":false},"excerpt":{"rendered":"<p>Plataforma tijera el\u00e9ctrica Zoomlion ZS0407DC, 6,5 m. de altura m\u00e1xima de trabajo. Carga m\u00e1xima 240 Kg. Extensible. Carga m\u00e1xima en la extensi\u00f3n 100 Kg. Neum\u00e1ticos no marcantes. Freno rueda trasera. Posibilidad bater\u00eda de Litio. Ideal para espacios reducidos<\/p>\n","protected":false},"featured_media":3904,"template":"","meta":{"_joinchat":[]},"product_brand":[],"product_cat":[121,61,117],"product_tag":[],"marca":[119,168],"estado-uso":[38],"horasuso":[91],"en-catalogo":[92],"combustible":[68],"class_list":{"0":"post-2777","1":"product","2":"type-product","3":"status-publish","4":"has-post-thumbnail","6":"product_cat-tijera-electrica","7":"product_cat-plataformas-elevadoras","8":"product_cat-tijera-elevadora","9":"marca-zoomlion","10":"marca-plataformas-zoomlion","11":"estado-uso-nueva","12":"horasuso-nueva","13":"combustible-electrica","15":"first","16":"outofstock","17":"shipping-taxable","18":"product-type-simple"},"_links":{"self":[{"href":"https:\/\/ironmachtrade.com\/es\/wp-json\/wp\/v2\/product\/2777","targetHints":{"allow":["GET"]}}],"collection":[{"href":"https:\/\/ironmachtrade.com\/es\/wp-json\/wp\/v2\/product"}],"about":[{"href":"https:\/\/ironmachtrade.com\/es\/wp-json\/wp\/v2\/types\/product"}],"wp:featuredmedia":[{"embeddable":true,"href":"https:\/\/ironmachtrade.com\/es\/wp-json\/wp\/v2\/media\/3904"}],"wp:attachment":[{"href":"https:\/\/ironmachtrade.com\/es\/wp-json\/wp\/v2\/media?parent=2777"}],"wp:term":[{"taxonomy":"product_brand","embeddable":true,"href":"https:\/\/ironmachtrade.com\/es\/wp-json\/wp\/v2\/product_brand?post=2777"},{"taxonomy":"product_cat","embeddable":true,"href":"https:\/\/ironmachtrade.com\/es\/wp-json\/wp\/v2\/product_cat?post=2777"},{"taxonomy":"product_tag","embeddable":true,"href":"https:\/\/ironmachtrade.com\/es\/wp-json\/wp\/v2\/product_tag?post=2777"},{"taxonomy":"marca","embeddable":true,"href":"https:\/\/ironmachtrade.com\/es\/wp-json\/wp\/v2\/marca?post=2777"},{"taxonomy":"estado-uso","embeddable":true,"href":"https:\/\/ironmachtrade.com\/es\/wp-json\/wp\/v2\/estado-uso?post=2777"},{"taxonomy":"horasuso","embeddable":true,"href":"https:\/\/ironmachtrade.com\/es\/wp-json\/wp\/v2\/horasuso?post=2777"},{"taxonomy":"en-catalogo","embeddable":true,"href":"https:\/\/ironmachtrade.com\/es\/wp-json\/wp\/v2\/en-catalogo?post=2777"},{"taxonomy":"combustible","embeddable":true,"href":"https:\/\/ironmachtrade.com\/es\/wp-json\/wp\/v2\/combustible?post=2777"}],"curies":[{"name":"wp","href":"https:\/\/api.w.org\/{rel}","templated":true}]}}