{"id":2912,"date":"2023-06-27T12:31:19","date_gmt":"2023-06-27T10:31:19","guid":{"rendered":"https:\/\/ironmachtrade.com\/?post_type=product&#038;p=2912"},"modified":"2026-01-14T17:20:08","modified_gmt":"2026-01-14T16:20:08","slug":"zoomlion-zt42j","status":"publish","type":"product","link":"https:\/\/ironmachtrade.com\/es\/zoomlion-zt42j\/","title":{"rendered":"Zoomlion ZT42J"},"content":{"rendered":"<p>Plataforma telesc\u00f3pica diesel Zoomlion ZT42J. 44 m. de altura m\u00e1xima de trabajo. Carga m\u00e1xima de hasta 454 Kg. Neum\u00e1ticos rellenos de espuma. Pendiente superable 45%. Rotaci\u00f3n torreta 360\u00b0. Motor Cummins. Tracci\u00f3n 4&#215;4. Giro en las 4 ruedas. Dise\u00f1o de lanza en forma de U que reduce el peso de la deflexi\u00f3n de la lanza y logra mayor estabilidad<\/p>\n","protected":false},"excerpt":{"rendered":"<p>Plataforma telesc\u00f3pica diesel Zoomlion ZT42J. 44 m. de altura m\u00e1xima de trabajo. Carga m\u00e1xima de hasta 454 Kg. Neum\u00e1ticos rellenos de espuma. Pendiente superable 45%. Rotaci\u00f3n torreta 360\u00b0. Motor Cummins. Tracci\u00f3n 4&#215;4. Giro en las 4 ruedas. Dise\u00f1o de lanza en forma de U que reduce el peso de la deflexi\u00f3n de la lanza y logra mayor estabilidad<\/p>\n","protected":false},"featured_media":4371,"template":"","meta":{"_joinchat":[]},"product_brand":[],"product_cat":[127,61,152],"product_tag":[],"marca":[119,168],"estado-uso":[38],"horasuso":[91],"en-catalogo":[92],"combustible":[69],"class_list":{"0":"post-2912","1":"product","2":"type-product","3":"status-publish","4":"has-post-thumbnail","6":"product_cat-telescopica-diesel","7":"product_cat-plataformas-elevadoras","8":"product_cat-plataformas-telescopicas","9":"marca-zoomlion","10":"marca-plataformas-zoomlion","11":"estado-uso-nueva","12":"horasuso-nueva","13":"combustible-diesel","15":"first","16":"instock","17":"shipping-taxable","18":"product-type-simple"},"_links":{"self":[{"href":"https:\/\/ironmachtrade.com\/es\/wp-json\/wp\/v2\/product\/2912","targetHints":{"allow":["GET"]}}],"collection":[{"href":"https:\/\/ironmachtrade.com\/es\/wp-json\/wp\/v2\/product"}],"about":[{"href":"https:\/\/ironmachtrade.com\/es\/wp-json\/wp\/v2\/types\/product"}],"wp:featuredmedia":[{"embeddable":true,"href":"https:\/\/ironmachtrade.com\/es\/wp-json\/wp\/v2\/media\/4371"}],"wp:attachment":[{"href":"https:\/\/ironmachtrade.com\/es\/wp-json\/wp\/v2\/media?parent=2912"}],"wp:term":[{"taxonomy":"product_brand","embeddable":true,"href":"https:\/\/ironmachtrade.com\/es\/wp-json\/wp\/v2\/product_brand?post=2912"},{"taxonomy":"product_cat","embeddable":true,"href":"https:\/\/ironmachtrade.com\/es\/wp-json\/wp\/v2\/product_cat?post=2912"},{"taxonomy":"product_tag","embeddable":true,"href":"https:\/\/ironmachtrade.com\/es\/wp-json\/wp\/v2\/product_tag?post=2912"},{"taxonomy":"marca","embeddable":true,"href":"https:\/\/ironmachtrade.com\/es\/wp-json\/wp\/v2\/marca?post=2912"},{"taxonomy":"estado-uso","embeddable":true,"href":"https:\/\/ironmachtrade.com\/es\/wp-json\/wp\/v2\/estado-uso?post=2912"},{"taxonomy":"horasuso","embeddable":true,"href":"https:\/\/ironmachtrade.com\/es\/wp-json\/wp\/v2\/horasuso?post=2912"},{"taxonomy":"en-catalogo","embeddable":true,"href":"https:\/\/ironmachtrade.com\/es\/wp-json\/wp\/v2\/en-catalogo?post=2912"},{"taxonomy":"combustible","embeddable":true,"href":"https:\/\/ironmachtrade.com\/es\/wp-json\/wp\/v2\/combustible?post=2912"}],"curies":[{"name":"wp","href":"https:\/\/api.w.org\/{rel}","templated":true}]}}