{"id":2924,"date":"2023-06-27T13:24:44","date_gmt":"2023-06-27T11:24:44","guid":{"rendered":"https:\/\/ironmachtrade.com\/?post_type=product&#038;p=2924"},"modified":"2026-01-15T18:04:02","modified_gmt":"2026-01-15T17:04:02","slug":"power-tower-ecolift","status":"publish","type":"product","link":"https:\/\/ironmachtrade.com\/es\/power-tower-ecolift\/","title":{"rendered":"Power Tower Ecolift by JLG"},"content":{"rendered":"<p>A estrenar!! Elevador unipersonal manual Power Tower Ecolift by JLG. 4,2 m. altura m\u00e1xima de trabajo. Carga m\u00e1xima 150 Kg. Ruedas no marcantes. Freno de autobloqueo al elevarse. Ciclos de elevaci\u00f3n ilimitados<\/p>\n","protected":false},"excerpt":{"rendered":"<p>A estrenar!! Elevador unipersonal manual Power Tower Ecolift by JLG. 4,2 m. altura m\u00e1xima de trabajo. Carga m\u00e1xima 150 Kg. Ruedas no marcantes. Freno de autobloqueo al elevarse. Ciclos de elevaci\u00f3n ilimitados<\/p>\n","protected":false},"featured_media":4718,"template":"","meta":{"_joinchat":[]},"product_brand":[],"product_cat":[129,136],"product_tag":[],"marca":[128],"estado-uso":[40],"horasuso":[91],"en-catalogo":[92],"combustible":[67],"class_list":{"0":"post-2924","1":"product","2":"type-product","3":"status-publish","4":"has-post-thumbnail","6":"product_cat-elevador-unipersonal-manual","7":"product_cat-elevador-unipersonal","8":"marca-power-tower","9":"estado-uso-segunda-mano","10":"horasuso-nueva","11":"combustible-manual","13":"first","14":"instock","15":"shipping-taxable","16":"purchasable","17":"product-type-simple"},"_links":{"self":[{"href":"https:\/\/ironmachtrade.com\/es\/wp-json\/wp\/v2\/product\/2924","targetHints":{"allow":["GET"]}}],"collection":[{"href":"https:\/\/ironmachtrade.com\/es\/wp-json\/wp\/v2\/product"}],"about":[{"href":"https:\/\/ironmachtrade.com\/es\/wp-json\/wp\/v2\/types\/product"}],"wp:featuredmedia":[{"embeddable":true,"href":"https:\/\/ironmachtrade.com\/es\/wp-json\/wp\/v2\/media\/4718"}],"wp:attachment":[{"href":"https:\/\/ironmachtrade.com\/es\/wp-json\/wp\/v2\/media?parent=2924"}],"wp:term":[{"taxonomy":"product_brand","embeddable":true,"href":"https:\/\/ironmachtrade.com\/es\/wp-json\/wp\/v2\/product_brand?post=2924"},{"taxonomy":"product_cat","embeddable":true,"href":"https:\/\/ironmachtrade.com\/es\/wp-json\/wp\/v2\/product_cat?post=2924"},{"taxonomy":"product_tag","embeddable":true,"href":"https:\/\/ironmachtrade.com\/es\/wp-json\/wp\/v2\/product_tag?post=2924"},{"taxonomy":"marca","embeddable":true,"href":"https:\/\/ironmachtrade.com\/es\/wp-json\/wp\/v2\/marca?post=2924"},{"taxonomy":"estado-uso","embeddable":true,"href":"https:\/\/ironmachtrade.com\/es\/wp-json\/wp\/v2\/estado-uso?post=2924"},{"taxonomy":"horasuso","embeddable":true,"href":"https:\/\/ironmachtrade.com\/es\/wp-json\/wp\/v2\/horasuso?post=2924"},{"taxonomy":"en-catalogo","embeddable":true,"href":"https:\/\/ironmachtrade.com\/es\/wp-json\/wp\/v2\/en-catalogo?post=2924"},{"taxonomy":"combustible","embeddable":true,"href":"https:\/\/ironmachtrade.com\/es\/wp-json\/wp\/v2\/combustible?post=2924"}],"curies":[{"name":"wp","href":"https:\/\/api.w.org\/{rel}","templated":true}]}}