{"id":2974,"date":"2023-06-27T14:17:42","date_gmt":"2023-06-27T12:17:42","guid":{"rendered":"https:\/\/ironmachtrade.com\/?post_type=product&#038;p=2974"},"modified":"2026-01-15T18:11:30","modified_gmt":"2026-01-15T17:11:30","slug":"bravi-sprint","status":"publish","type":"product","link":"https:\/\/ironmachtrade.com\/es\/bravi-sprint\/","title":{"rendered":"Bravi Sprint"},"content":{"rendered":"<p>A estrenar!! Recogepedidos el\u00e9ctrico Bravi Sprint, 130 Kg. de carga m\u00e1xima, 5,35 m. de altura m\u00e1xima de trabajo. Desplazamiento y elevaci\u00f3n el\u00e9ctricos. Bater\u00edas de ciclo alto. Sustituye por completo las tradicionales escaleras<\/p>\n","protected":false},"excerpt":{"rendered":"<p>A estrenar!! Recogepedidos el\u00e9ctrico Bravi Sprint, 130 Kg. de carga m\u00e1xima, 5,35 m. de altura m\u00e1xima de trabajo. Desplazamiento y elevaci\u00f3n el\u00e9ctricos. Bater\u00edas de ciclo alto. Sustituye por completo las tradicionales escaleras<\/p>\n","protected":false},"featured_media":4738,"template":"","meta":{"_joinchat":[]},"product_brand":[],"product_cat":[133,115,103],"product_tag":[],"marca":[132],"estado-uso":[40],"horasuso":[91],"en-catalogo":[92],"combustible":[68],"class_list":{"0":"post-2974","1":"product","2":"type-product","3":"status-publish","4":"has-post-thumbnail","6":"product_cat-recogepedidos","7":"product_cat-otras-soluciones","8":"product_cat-recogepedidos-electrico","9":"marca-bravi","10":"estado-uso-segunda-mano","11":"horasuso-nueva","12":"combustible-electrica","14":"first","15":"instock","16":"shipping-taxable","17":"purchasable","18":"product-type-simple"},"_links":{"self":[{"href":"https:\/\/ironmachtrade.com\/es\/wp-json\/wp\/v2\/product\/2974","targetHints":{"allow":["GET"]}}],"collection":[{"href":"https:\/\/ironmachtrade.com\/es\/wp-json\/wp\/v2\/product"}],"about":[{"href":"https:\/\/ironmachtrade.com\/es\/wp-json\/wp\/v2\/types\/product"}],"wp:featuredmedia":[{"embeddable":true,"href":"https:\/\/ironmachtrade.com\/es\/wp-json\/wp\/v2\/media\/4738"}],"wp:attachment":[{"href":"https:\/\/ironmachtrade.com\/es\/wp-json\/wp\/v2\/media?parent=2974"}],"wp:term":[{"taxonomy":"product_brand","embeddable":true,"href":"https:\/\/ironmachtrade.com\/es\/wp-json\/wp\/v2\/product_brand?post=2974"},{"taxonomy":"product_cat","embeddable":true,"href":"https:\/\/ironmachtrade.com\/es\/wp-json\/wp\/v2\/product_cat?post=2974"},{"taxonomy":"product_tag","embeddable":true,"href":"https:\/\/ironmachtrade.com\/es\/wp-json\/wp\/v2\/product_tag?post=2974"},{"taxonomy":"marca","embeddable":true,"href":"https:\/\/ironmachtrade.com\/es\/wp-json\/wp\/v2\/marca?post=2974"},{"taxonomy":"estado-uso","embeddable":true,"href":"https:\/\/ironmachtrade.com\/es\/wp-json\/wp\/v2\/estado-uso?post=2974"},{"taxonomy":"horasuso","embeddable":true,"href":"https:\/\/ironmachtrade.com\/es\/wp-json\/wp\/v2\/horasuso?post=2974"},{"taxonomy":"en-catalogo","embeddable":true,"href":"https:\/\/ironmachtrade.com\/es\/wp-json\/wp\/v2\/en-catalogo?post=2974"},{"taxonomy":"combustible","embeddable":true,"href":"https:\/\/ironmachtrade.com\/es\/wp-json\/wp\/v2\/combustible?post=2974"}],"curies":[{"name":"wp","href":"https:\/\/api.w.org\/{rel}","templated":true}]}}