{"id":3134,"date":"2023-11-17T17:04:06","date_gmt":"2023-11-17T16:04:06","guid":{"rendered":"https:\/\/ironmachtrade.com\/?post_type=product&#038;p=3134"},"modified":"2025-09-15T12:48:39","modified_gmt":"2025-09-15T10:48:39","slug":"ausa-d201ahg","status":"publish","type":"product","link":"https:\/\/ironmachtrade.com\/es\/ausa-d201ahg\/","title":{"rendered":"Ausa D201AHG"},"content":{"rendered":"<p>Dumper articulado giratorio. 2000 kg de carga m\u00e1xima<\/p>\n<p>Transmisi\u00f3n hidrost\u00e1tica<\/p>\n<p>Motor Kubota V1505-E4B<\/p>\n<p>Tracci\u00f3n 4X4<\/p>\n","protected":false},"excerpt":{"rendered":"<p>Dumper articulado giratorio. 2000 kg de carga m\u00e1xima Transmisi\u00f3n hidrost\u00e1tica Motor Kubota V1505-E4B Tracci\u00f3n 4X4<\/p>\n","protected":false},"featured_media":3137,"template":"","meta":{"_joinchat":[]},"product_brand":[],"product_cat":[112,46],"product_tag":[],"marca":[98,159],"estado-uso":[38],"horasuso":[91],"en-catalogo":[],"combustible":[69],"class_list":{"0":"post-3134","1":"product","2":"type-product","3":"status-publish","4":"has-post-thumbnail","6":"product_cat-dumpers","7":"product_cat-dumpers-articulados","8":"marca-ausa","9":"marca-dumpers-ausa","10":"estado-uso-nueva","11":"horasuso-nueva","12":"combustible-diesel","14":"first","15":"instock","16":"shipping-taxable","17":"product-type-simple"},"_links":{"self":[{"href":"https:\/\/ironmachtrade.com\/es\/wp-json\/wp\/v2\/product\/3134","targetHints":{"allow":["GET"]}}],"collection":[{"href":"https:\/\/ironmachtrade.com\/es\/wp-json\/wp\/v2\/product"}],"about":[{"href":"https:\/\/ironmachtrade.com\/es\/wp-json\/wp\/v2\/types\/product"}],"wp:featuredmedia":[{"embeddable":true,"href":"https:\/\/ironmachtrade.com\/es\/wp-json\/wp\/v2\/media\/3137"}],"wp:attachment":[{"href":"https:\/\/ironmachtrade.com\/es\/wp-json\/wp\/v2\/media?parent=3134"}],"wp:term":[{"taxonomy":"product_brand","embeddable":true,"href":"https:\/\/ironmachtrade.com\/es\/wp-json\/wp\/v2\/product_brand?post=3134"},{"taxonomy":"product_cat","embeddable":true,"href":"https:\/\/ironmachtrade.com\/es\/wp-json\/wp\/v2\/product_cat?post=3134"},{"taxonomy":"product_tag","embeddable":true,"href":"https:\/\/ironmachtrade.com\/es\/wp-json\/wp\/v2\/product_tag?post=3134"},{"taxonomy":"marca","embeddable":true,"href":"https:\/\/ironmachtrade.com\/es\/wp-json\/wp\/v2\/marca?post=3134"},{"taxonomy":"estado-uso","embeddable":true,"href":"https:\/\/ironmachtrade.com\/es\/wp-json\/wp\/v2\/estado-uso?post=3134"},{"taxonomy":"horasuso","embeddable":true,"href":"https:\/\/ironmachtrade.com\/es\/wp-json\/wp\/v2\/horasuso?post=3134"},{"taxonomy":"en-catalogo","embeddable":true,"href":"https:\/\/ironmachtrade.com\/es\/wp-json\/wp\/v2\/en-catalogo?post=3134"},{"taxonomy":"combustible","embeddable":true,"href":"https:\/\/ironmachtrade.com\/es\/wp-json\/wp\/v2\/combustible?post=3134"}],"curies":[{"name":"wp","href":"https:\/\/api.w.org\/{rel}","templated":true}]}}