{"id":3835,"date":"2025-09-15T13:07:16","date_gmt":"2025-09-15T11:07:16","guid":{"rendered":"https:\/\/ironmachtrade.com\/?post_type=product&#038;p=3835"},"modified":"2026-01-14T18:02:42","modified_gmt":"2026-01-14T17:02:42","slug":"zoomlion-zth2506","status":"publish","type":"product","link":"https:\/\/ironmachtrade.com\/es\/zoomlion-zth2506\/","title":{"rendered":"Zoomlion ZTH2506"},"content":{"rendered":"<p>Manipulador telesc\u00f3pico Zoomlion ZTH2506. 2.500 Kg de carga m\u00e1xima y 6 m. de altura. Transmisi\u00f3n hidrost\u00e1tica, tracci\u00f3n 4&#215;4 permanente, cabina cerrada, aire acondicionado (frio\/ calor) , sistema de monitoreo de ocupaci\u00f3n de asiento, pantalla de color de 10,1 c\u00e1mara de reversa, joystick movimientos, horquillas 1220 mm.<\/p>\n","protected":false},"excerpt":{"rendered":"<p>Manipulador telesc\u00f3pico Zoomlion ZTH2506. 2.500 Kg de carga m\u00e1xima y 6 m. de altura. Transmisi\u00f3n hidrost\u00e1tica, tracci\u00f3n 4&#215;4 permanente, cabina cerrada, aire acondicionado (frio\/ calor) , sistema de monitoreo de ocupaci\u00f3n de asiento, pantalla de color de 10,1 c\u00e1mara de reversa, joystick movimientos, horquillas 1220 mm.<\/p>\n","protected":false},"featured_media":3839,"template":"","meta":{"_joinchat":[]},"product_brand":[],"product_cat":[54],"product_tag":[],"marca":[119,178],"estado-uso":[38],"horasuso":[91],"en-catalogo":[],"combustible":[69],"class_list":{"0":"post-3835","1":"product","2":"type-product","3":"status-publish","4":"has-post-thumbnail","6":"product_cat-manipuladores-telescopicos","7":"marca-zoomlion","8":"marca-manipuladores-zoomlion","9":"estado-uso-nueva","10":"horasuso-nueva","11":"combustible-diesel","13":"first","14":"instock","15":"featured","16":"shipping-taxable","17":"product-type-simple"},"_links":{"self":[{"href":"https:\/\/ironmachtrade.com\/es\/wp-json\/wp\/v2\/product\/3835","targetHints":{"allow":["GET"]}}],"collection":[{"href":"https:\/\/ironmachtrade.com\/es\/wp-json\/wp\/v2\/product"}],"about":[{"href":"https:\/\/ironmachtrade.com\/es\/wp-json\/wp\/v2\/types\/product"}],"wp:featuredmedia":[{"embeddable":true,"href":"https:\/\/ironmachtrade.com\/es\/wp-json\/wp\/v2\/media\/3839"}],"wp:attachment":[{"href":"https:\/\/ironmachtrade.com\/es\/wp-json\/wp\/v2\/media?parent=3835"}],"wp:term":[{"taxonomy":"product_brand","embeddable":true,"href":"https:\/\/ironmachtrade.com\/es\/wp-json\/wp\/v2\/product_brand?post=3835"},{"taxonomy":"product_cat","embeddable":true,"href":"https:\/\/ironmachtrade.com\/es\/wp-json\/wp\/v2\/product_cat?post=3835"},{"taxonomy":"product_tag","embeddable":true,"href":"https:\/\/ironmachtrade.com\/es\/wp-json\/wp\/v2\/product_tag?post=3835"},{"taxonomy":"marca","embeddable":true,"href":"https:\/\/ironmachtrade.com\/es\/wp-json\/wp\/v2\/marca?post=3835"},{"taxonomy":"estado-uso","embeddable":true,"href":"https:\/\/ironmachtrade.com\/es\/wp-json\/wp\/v2\/estado-uso?post=3835"},{"taxonomy":"horasuso","embeddable":true,"href":"https:\/\/ironmachtrade.com\/es\/wp-json\/wp\/v2\/horasuso?post=3835"},{"taxonomy":"en-catalogo","embeddable":true,"href":"https:\/\/ironmachtrade.com\/es\/wp-json\/wp\/v2\/en-catalogo?post=3835"},{"taxonomy":"combustible","embeddable":true,"href":"https:\/\/ironmachtrade.com\/es\/wp-json\/wp\/v2\/combustible?post=3835"}],"curies":[{"name":"wp","href":"https:\/\/api.w.org\/{rel}","templated":true}]}}