{"id":3859,"date":"2025-11-14T16:18:42","date_gmt":"2025-11-14T15:18:42","guid":{"rendered":"https:\/\/ironmachtrade.com\/?post_type=product&#038;p=3859"},"modified":"2026-03-12T12:11:10","modified_gmt":"2026-03-12T11:11:10","slug":"zoomlion-zth3513","status":"publish","type":"product","link":"https:\/\/ironmachtrade.com\/es\/zoomlion-zth3513\/","title":{"rendered":"Zoomlion ZTH3513"},"content":{"rendered":"<p>Manipulador telesc\u00f3pico di\u00e9sel Zoomlion ZTH3513. 3.500 Kg de carga m\u00e1xima y 13 m. de altura. Transmisi\u00f3n hidrost\u00e1tica, tracci\u00f3n 4&#215;4 permanente, cabina abierta, posibilidad de cabina cerrada, asiento ergon\u00f3mico regulable con sensor de presencia, joystick movimientos, control bimanual bloqueo implementos, 4\u00aa toma hidr\u00e1ulica auxiliar, horquillas 1000 mm., alcance m\u00e1ximo horquillas 1682 mm., posibilidad horquillas 1200 mm.<\/p>\n","protected":false},"excerpt":{"rendered":"<p>Manipulador telesc\u00f3pico di\u00e9sel Zoomlion ZTH3513. 3.500 Kg de carga m\u00e1xima y 13 m. de altura. Transmisi\u00f3n hidrost\u00e1tica, tracci\u00f3n 4&#215;4 permanente, cabina abierta, posibilidad de cabina cerrada, asiento ergon\u00f3mico regulable con sensor de presencia, joystick movimientos, control bimanual bloqueo implementos, 4\u00aa toma hidr\u00e1ulica auxiliar, horquillas 1000 mm., alcance m\u00e1ximo horquillas 1682 mm., posibilidad horquillas 1200 mm.<\/p>\n","protected":false},"featured_media":4829,"template":"","meta":{"_joinchat":[]},"product_brand":[],"product_cat":[54],"product_tag":[],"marca":[119,178],"estado-uso":[38],"horasuso":[91],"en-catalogo":[],"combustible":[69],"class_list":{"0":"post-3859","1":"product","2":"type-product","3":"status-publish","4":"has-post-thumbnail","6":"product_cat-manipuladores-telescopicos","7":"marca-zoomlion","8":"marca-manipuladores-zoomlion","9":"estado-uso-nueva","10":"horasuso-nueva","11":"combustible-diesel","13":"first","14":"instock","15":"featured","16":"shipping-taxable","17":"product-type-simple"},"_links":{"self":[{"href":"https:\/\/ironmachtrade.com\/es\/wp-json\/wp\/v2\/product\/3859","targetHints":{"allow":["GET"]}}],"collection":[{"href":"https:\/\/ironmachtrade.com\/es\/wp-json\/wp\/v2\/product"}],"about":[{"href":"https:\/\/ironmachtrade.com\/es\/wp-json\/wp\/v2\/types\/product"}],"wp:featuredmedia":[{"embeddable":true,"href":"https:\/\/ironmachtrade.com\/es\/wp-json\/wp\/v2\/media\/4829"}],"wp:attachment":[{"href":"https:\/\/ironmachtrade.com\/es\/wp-json\/wp\/v2\/media?parent=3859"}],"wp:term":[{"taxonomy":"product_brand","embeddable":true,"href":"https:\/\/ironmachtrade.com\/es\/wp-json\/wp\/v2\/product_brand?post=3859"},{"taxonomy":"product_cat","embeddable":true,"href":"https:\/\/ironmachtrade.com\/es\/wp-json\/wp\/v2\/product_cat?post=3859"},{"taxonomy":"product_tag","embeddable":true,"href":"https:\/\/ironmachtrade.com\/es\/wp-json\/wp\/v2\/product_tag?post=3859"},{"taxonomy":"marca","embeddable":true,"href":"https:\/\/ironmachtrade.com\/es\/wp-json\/wp\/v2\/marca?post=3859"},{"taxonomy":"estado-uso","embeddable":true,"href":"https:\/\/ironmachtrade.com\/es\/wp-json\/wp\/v2\/estado-uso?post=3859"},{"taxonomy":"horasuso","embeddable":true,"href":"https:\/\/ironmachtrade.com\/es\/wp-json\/wp\/v2\/horasuso?post=3859"},{"taxonomy":"en-catalogo","embeddable":true,"href":"https:\/\/ironmachtrade.com\/es\/wp-json\/wp\/v2\/en-catalogo?post=3859"},{"taxonomy":"combustible","embeddable":true,"href":"https:\/\/ironmachtrade.com\/es\/wp-json\/wp\/v2\/combustible?post=3859"}],"curies":[{"name":"wp","href":"https:\/\/api.w.org\/{rel}","templated":true}]}}