{"id":3910,"date":"2026-01-08T13:40:51","date_gmt":"2026-01-08T12:40:51","guid":{"rendered":"https:\/\/ironmachtrade.com\/?post_type=product&#038;p=3910"},"modified":"2026-01-14T19:33:47","modified_gmt":"2026-01-14T18:33:47","slug":"zoomlion-zs0407dcm-li","status":"publish","type":"product","link":"https:\/\/ironmachtrade.com\/es\/zoomlion-zs0407dcm-li\/","title":{"rendered":"Zoomlion ZS0407DCM-Li"},"content":{"rendered":"<p>Plataforma tijera el\u00e9ctrica Zoomlion ZS0407DCM-Li, 5,95 m. de altura m\u00e1xima de trabajo. Carga m\u00e1xima 240 Kg. Extensible. Carga m\u00e1xima en la extensi\u00f3n 100 Kg. Neum\u00e1ticos no marcantes. Freno rueda trasera. Bater\u00eda de Litio. Ideal para espacios reducidos<\/p>\n","protected":false},"excerpt":{"rendered":"<p>Plataforma tijera el\u00e9ctrica Zoomlion ZS0407DC, 6,5 m. de altura m\u00e1xima de trabajo. Carga m\u00e1xima 240 Kg. Extensible. Carga m\u00e1xima en la extensi\u00f3n 100 Kg. Neum\u00e1ticos no marcantes. Freno rueda trasera. Posibilidad bater\u00eda de Litio. Ideal para espacios reducidos<\/p>\n","protected":false},"featured_media":3912,"template":"","meta":{"_joinchat":[]},"product_brand":[],"product_cat":[121,61,117],"product_tag":[],"marca":[119],"estado-uso":[38],"horasuso":[91],"en-catalogo":[],"combustible":[68],"class_list":{"0":"post-3910","1":"product","2":"type-product","3":"status-publish","4":"has-post-thumbnail","6":"product_cat-tijera-electrica","7":"product_cat-plataformas-elevadoras","8":"product_cat-tijera-elevadora","9":"marca-zoomlion","10":"estado-uso-nueva","11":"horasuso-nueva","12":"combustible-electrica","14":"first","15":"instock","16":"shipping-taxable","17":"product-type-simple"},"_links":{"self":[{"href":"https:\/\/ironmachtrade.com\/es\/wp-json\/wp\/v2\/product\/3910","targetHints":{"allow":["GET"]}}],"collection":[{"href":"https:\/\/ironmachtrade.com\/es\/wp-json\/wp\/v2\/product"}],"about":[{"href":"https:\/\/ironmachtrade.com\/es\/wp-json\/wp\/v2\/types\/product"}],"wp:featuredmedia":[{"embeddable":true,"href":"https:\/\/ironmachtrade.com\/es\/wp-json\/wp\/v2\/media\/3912"}],"wp:attachment":[{"href":"https:\/\/ironmachtrade.com\/es\/wp-json\/wp\/v2\/media?parent=3910"}],"wp:term":[{"taxonomy":"product_brand","embeddable":true,"href":"https:\/\/ironmachtrade.com\/es\/wp-json\/wp\/v2\/product_brand?post=3910"},{"taxonomy":"product_cat","embeddable":true,"href":"https:\/\/ironmachtrade.com\/es\/wp-json\/wp\/v2\/product_cat?post=3910"},{"taxonomy":"product_tag","embeddable":true,"href":"https:\/\/ironmachtrade.com\/es\/wp-json\/wp\/v2\/product_tag?post=3910"},{"taxonomy":"marca","embeddable":true,"href":"https:\/\/ironmachtrade.com\/es\/wp-json\/wp\/v2\/marca?post=3910"},{"taxonomy":"estado-uso","embeddable":true,"href":"https:\/\/ironmachtrade.com\/es\/wp-json\/wp\/v2\/estado-uso?post=3910"},{"taxonomy":"horasuso","embeddable":true,"href":"https:\/\/ironmachtrade.com\/es\/wp-json\/wp\/v2\/horasuso?post=3910"},{"taxonomy":"en-catalogo","embeddable":true,"href":"https:\/\/ironmachtrade.com\/es\/wp-json\/wp\/v2\/en-catalogo?post=3910"},{"taxonomy":"combustible","embeddable":true,"href":"https:\/\/ironmachtrade.com\/es\/wp-json\/wp\/v2\/combustible?post=3910"}],"curies":[{"name":"wp","href":"https:\/\/api.w.org\/{rel}","templated":true}]}}