{"id":3932,"date":"2026-01-08T17:37:52","date_gmt":"2026-01-08T16:37:52","guid":{"rendered":"https:\/\/ironmachtrade.com\/?post_type=product&#038;p=3932"},"modified":"2026-03-09T14:14:42","modified_gmt":"2026-03-09T13:14:42","slug":"zoomlion-zs0812dc-hd-ac","status":"publish","type":"product","link":"https:\/\/ironmachtrade.com\/es\/zoomlion-zs0812dc-hd-ac\/","title":{"rendered":"Zoomlion ZS0812DC\/HD\/AC"},"content":{"rendered":"<p>Plataforma tijera el\u00e9ctrica Zoomlion ZS0812DC\/HD\/AC. 10 m. de altura m\u00e1xima de trabajo. Carga m\u00e1xima 450 Kg. Extensible. Carga m\u00e1xima en la extensi\u00f3n 113 Kg. Neum\u00e1ticos no marcantes. Freno rueda delantera. Posibilidad bater\u00eda de Litio. Posibilidad de motores CA libres de mantenimiento<\/p>\n","protected":false},"excerpt":{"rendered":"<p>Plataforma tijera el\u00e9ctrica Zoomlion ZS0812DC\/HD\/AC. 10 m. de altura m\u00e1xima de trabajo. Carga m\u00e1xima 450 Kg. Extensible. Carga m\u00e1xima en la extensi\u00f3n 113 Kg. Neum\u00e1ticos no marcantes. Freno rueda delantera. Posibilidad bater\u00eda de Litio. Posibilidad de motores CA libres de mantenimiento<\/p>\n","protected":false},"featured_media":3934,"template":"","meta":{"_joinchat":[]},"product_brand":[],"product_cat":[121,61,117],"product_tag":[],"marca":[119],"estado-uso":[],"horasuso":[91],"en-catalogo":[],"combustible":[68],"class_list":{"0":"post-3932","1":"product","2":"type-product","3":"status-publish","4":"has-post-thumbnail","6":"product_cat-tijera-electrica","7":"product_cat-plataformas-elevadoras","8":"product_cat-tijera-elevadora","9":"marca-zoomlion","10":"horasuso-nueva","11":"combustible-electrica","13":"first","14":"instock","15":"shipping-taxable","16":"product-type-simple"},"_links":{"self":[{"href":"https:\/\/ironmachtrade.com\/es\/wp-json\/wp\/v2\/product\/3932","targetHints":{"allow":["GET"]}}],"collection":[{"href":"https:\/\/ironmachtrade.com\/es\/wp-json\/wp\/v2\/product"}],"about":[{"href":"https:\/\/ironmachtrade.com\/es\/wp-json\/wp\/v2\/types\/product"}],"wp:featuredmedia":[{"embeddable":true,"href":"https:\/\/ironmachtrade.com\/es\/wp-json\/wp\/v2\/media\/3934"}],"wp:attachment":[{"href":"https:\/\/ironmachtrade.com\/es\/wp-json\/wp\/v2\/media?parent=3932"}],"wp:term":[{"taxonomy":"product_brand","embeddable":true,"href":"https:\/\/ironmachtrade.com\/es\/wp-json\/wp\/v2\/product_brand?post=3932"},{"taxonomy":"product_cat","embeddable":true,"href":"https:\/\/ironmachtrade.com\/es\/wp-json\/wp\/v2\/product_cat?post=3932"},{"taxonomy":"product_tag","embeddable":true,"href":"https:\/\/ironmachtrade.com\/es\/wp-json\/wp\/v2\/product_tag?post=3932"},{"taxonomy":"marca","embeddable":true,"href":"https:\/\/ironmachtrade.com\/es\/wp-json\/wp\/v2\/marca?post=3932"},{"taxonomy":"estado-uso","embeddable":true,"href":"https:\/\/ironmachtrade.com\/es\/wp-json\/wp\/v2\/estado-uso?post=3932"},{"taxonomy":"horasuso","embeddable":true,"href":"https:\/\/ironmachtrade.com\/es\/wp-json\/wp\/v2\/horasuso?post=3932"},{"taxonomy":"en-catalogo","embeddable":true,"href":"https:\/\/ironmachtrade.com\/es\/wp-json\/wp\/v2\/en-catalogo?post=3932"},{"taxonomy":"combustible","embeddable":true,"href":"https:\/\/ironmachtrade.com\/es\/wp-json\/wp\/v2\/combustible?post=3932"}],"curies":[{"name":"wp","href":"https:\/\/api.w.org\/{rel}","templated":true}]}}