{"id":3960,"date":"2026-01-08T18:29:02","date_gmt":"2026-01-08T17:29:02","guid":{"rendered":"https:\/\/ironmachtrade.com\/?post_type=product&#038;p=3960"},"modified":"2026-01-14T19:30:04","modified_gmt":"2026-01-14T18:30:04","slug":"zoomlion-zs0610c","status":"publish","type":"product","link":"https:\/\/ironmachtrade.com\/es\/zoomlion-zs0610c\/","title":{"rendered":"Zoomlion ZS0610C"},"content":{"rendered":"<p>Plataforma tijera orugas el\u00e9ctrica Zoomlion ZS0610C. 8,80 m. altura m\u00e1xima de trabajo. Carga m\u00e1xima 250 Kg. Extensible. Carga m\u00e1xima en la extensi\u00f3n 113 Kg. Desplazamiento por orugas de goma. Freno trasero multidisco<\/p>\n","protected":false},"excerpt":{"rendered":"<p>Plataforma tijera orugas el\u00e9ctrica Zoomlion ZS0610C. 8,80 m. altura m\u00e1xima de trabajo. Carga m\u00e1xima 250 Kg. Extensible. Carga m\u00e1xima en la extensi\u00f3n 113 Kg. Desplazamiento por orugas de goma. Freno trasero multidisco<\/p>\n","protected":false},"featured_media":2819,"template":"","meta":{"_joinchat":[]},"product_brand":[],"product_cat":[61,117,122],"product_tag":[],"marca":[119],"estado-uso":[38],"horasuso":[91],"en-catalogo":[],"combustible":[68],"class_list":{"0":"post-3960","1":"product","2":"type-product","3":"status-publish","4":"has-post-thumbnail","6":"product_cat-plataformas-elevadoras","7":"product_cat-tijera-elevadora","8":"product_cat-tijera-orugas-electrica","9":"marca-zoomlion","10":"estado-uso-nueva","11":"horasuso-nueva","12":"combustible-electrica","14":"first","15":"instock","16":"shipping-taxable","17":"product-type-simple"},"_links":{"self":[{"href":"https:\/\/ironmachtrade.com\/es\/wp-json\/wp\/v2\/product\/3960","targetHints":{"allow":["GET"]}}],"collection":[{"href":"https:\/\/ironmachtrade.com\/es\/wp-json\/wp\/v2\/product"}],"about":[{"href":"https:\/\/ironmachtrade.com\/es\/wp-json\/wp\/v2\/types\/product"}],"wp:featuredmedia":[{"embeddable":true,"href":"https:\/\/ironmachtrade.com\/es\/wp-json\/wp\/v2\/media\/2819"}],"wp:attachment":[{"href":"https:\/\/ironmachtrade.com\/es\/wp-json\/wp\/v2\/media?parent=3960"}],"wp:term":[{"taxonomy":"product_brand","embeddable":true,"href":"https:\/\/ironmachtrade.com\/es\/wp-json\/wp\/v2\/product_brand?post=3960"},{"taxonomy":"product_cat","embeddable":true,"href":"https:\/\/ironmachtrade.com\/es\/wp-json\/wp\/v2\/product_cat?post=3960"},{"taxonomy":"product_tag","embeddable":true,"href":"https:\/\/ironmachtrade.com\/es\/wp-json\/wp\/v2\/product_tag?post=3960"},{"taxonomy":"marca","embeddable":true,"href":"https:\/\/ironmachtrade.com\/es\/wp-json\/wp\/v2\/marca?post=3960"},{"taxonomy":"estado-uso","embeddable":true,"href":"https:\/\/ironmachtrade.com\/es\/wp-json\/wp\/v2\/estado-uso?post=3960"},{"taxonomy":"horasuso","embeddable":true,"href":"https:\/\/ironmachtrade.com\/es\/wp-json\/wp\/v2\/horasuso?post=3960"},{"taxonomy":"en-catalogo","embeddable":true,"href":"https:\/\/ironmachtrade.com\/es\/wp-json\/wp\/v2\/en-catalogo?post=3960"},{"taxonomy":"combustible","embeddable":true,"href":"https:\/\/ironmachtrade.com\/es\/wp-json\/wp\/v2\/combustible?post=3960"}],"curies":[{"name":"wp","href":"https:\/\/api.w.org\/{rel}","templated":true}]}}