{"id":3980,"date":"2026-01-09T14:09:53","date_gmt":"2026-01-09T13:09:53","guid":{"rendered":"https:\/\/ironmachtrade.com\/?post_type=product&#038;p=3980"},"modified":"2026-01-14T19:28:18","modified_gmt":"2026-01-14T18:28:18","slug":"zoomlion-zs1218rt","status":"publish","type":"product","link":"https:\/\/ironmachtrade.com\/es\/zoomlion-zs1218rt\/","title":{"rendered":"Zoomlion ZS1218RT"},"content":{"rendered":"<p>Tijera compacta di\u00e9sel Zoomlion ZS1218RT. 14,3 m. de altura m\u00e1xima de trabajo. Modelo compacto 1,77 m de ancho. Carga m\u00e1xima 450 Kg. Extensible. Carga m\u00e1xima en extensi\u00f3n 113 Kg. Neum\u00e1ticos s\u00f3lidos. Motor Kubota D1105. Hasta 4 trabajadores a la vez. Nivelaci\u00f3n autom\u00e1tica<\/p>\n","protected":false},"excerpt":{"rendered":"<p>Tijera compacta di\u00e9sel Zoomlion ZS1218RT. 14,3 m. de altura m\u00e1xima de trabajo. Modelo compacto 1,77 m de ancho. Carga m\u00e1xima 450 Kg. Extensible. Carga m\u00e1xima en extensi\u00f3n 113 Kg. Neum\u00e1ticos s\u00f3lidos. Motor Kubota D1105. Hasta 4 trabajadores a la vez. Nivelaci\u00f3n autom\u00e1tica<\/p>\n","protected":false},"featured_media":3976,"template":"","meta":{"_joinchat":[]},"product_brand":[],"product_cat":[123,61,117],"product_tag":[],"marca":[],"estado-uso":[],"horasuso":[],"en-catalogo":[],"combustible":[],"class_list":{"0":"post-3980","1":"product","2":"type-product","3":"status-publish","4":"has-post-thumbnail","6":"product_cat-tijera-diesel","7":"product_cat-plataformas-elevadoras","8":"product_cat-tijera-elevadora","10":"first","11":"instock","12":"featured","13":"shipping-taxable","14":"product-type-simple"},"_links":{"self":[{"href":"https:\/\/ironmachtrade.com\/es\/wp-json\/wp\/v2\/product\/3980","targetHints":{"allow":["GET"]}}],"collection":[{"href":"https:\/\/ironmachtrade.com\/es\/wp-json\/wp\/v2\/product"}],"about":[{"href":"https:\/\/ironmachtrade.com\/es\/wp-json\/wp\/v2\/types\/product"}],"wp:featuredmedia":[{"embeddable":true,"href":"https:\/\/ironmachtrade.com\/es\/wp-json\/wp\/v2\/media\/3976"}],"wp:attachment":[{"href":"https:\/\/ironmachtrade.com\/es\/wp-json\/wp\/v2\/media?parent=3980"}],"wp:term":[{"taxonomy":"product_brand","embeddable":true,"href":"https:\/\/ironmachtrade.com\/es\/wp-json\/wp\/v2\/product_brand?post=3980"},{"taxonomy":"product_cat","embeddable":true,"href":"https:\/\/ironmachtrade.com\/es\/wp-json\/wp\/v2\/product_cat?post=3980"},{"taxonomy":"product_tag","embeddable":true,"href":"https:\/\/ironmachtrade.com\/es\/wp-json\/wp\/v2\/product_tag?post=3980"},{"taxonomy":"marca","embeddable":true,"href":"https:\/\/ironmachtrade.com\/es\/wp-json\/wp\/v2\/marca?post=3980"},{"taxonomy":"estado-uso","embeddable":true,"href":"https:\/\/ironmachtrade.com\/es\/wp-json\/wp\/v2\/estado-uso?post=3980"},{"taxonomy":"horasuso","embeddable":true,"href":"https:\/\/ironmachtrade.com\/es\/wp-json\/wp\/v2\/horasuso?post=3980"},{"taxonomy":"en-catalogo","embeddable":true,"href":"https:\/\/ironmachtrade.com\/es\/wp-json\/wp\/v2\/en-catalogo?post=3980"},{"taxonomy":"combustible","embeddable":true,"href":"https:\/\/ironmachtrade.com\/es\/wp-json\/wp\/v2\/combustible?post=3980"}],"curies":[{"name":"wp","href":"https:\/\/api.w.org\/{rel}","templated":true}]}}