{"id":3992,"date":"2026-01-09T14:29:35","date_gmt":"2026-01-09T13:29:35","guid":{"rendered":"https:\/\/ironmachtrade.com\/?post_type=product&#038;p=3992"},"modified":"2026-01-14T19:26:38","modified_gmt":"2026-01-14T18:26:38","slug":"zoomlion-zs1323rt","status":"publish","type":"product","link":"https:\/\/ironmachtrade.com\/es\/zoomlion-zs1323rt\/","title":{"rendered":"Zoomlion ZS1323RT"},"content":{"rendered":"<p>Tijera compacta di\u00e9sel Zoomlion ZS1323RT. 15 m. de altura m\u00e1xima de trabajo. Carga m\u00e1xima 680 Kg. Extensible. Carga m\u00e1xima en extensi\u00f3n 230 Kg. Neum\u00e1ticos s\u00f3lidos. Motor Kubota o Weichai. Hasta 7 trabajadores a la vez. Nivelaci\u00f3n autom\u00e1tica.<\/p>\n","protected":false},"excerpt":{"rendered":"<p>Tijera compacta di\u00e9sel Zoomlion ZS1323RT. 15 m. de altura m\u00e1xima de trabajo. Carga m\u00e1xima 680 Kg. Extensible. Carga m\u00e1xima en extensi\u00f3n 230 Kg. Neum\u00e1ticos s\u00f3lidos. Motor Kubota o Weichai. Hasta 7 trabajadores a la vez. Nivelaci\u00f3n autom\u00e1tica.<\/p>\n","protected":false},"featured_media":3999,"template":"","meta":{"_joinchat":[]},"product_brand":[],"product_cat":[123,61,117],"product_tag":[],"marca":[119],"estado-uso":[38],"horasuso":[91],"en-catalogo":[],"combustible":[69],"class_list":{"0":"post-3992","1":"product","2":"type-product","3":"status-publish","4":"has-post-thumbnail","6":"product_cat-tijera-diesel","7":"product_cat-plataformas-elevadoras","8":"product_cat-tijera-elevadora","9":"marca-zoomlion","10":"estado-uso-nueva","11":"horasuso-nueva","12":"combustible-diesel","14":"first","15":"instock","16":"featured","17":"shipping-taxable","18":"product-type-simple"},"_links":{"self":[{"href":"https:\/\/ironmachtrade.com\/es\/wp-json\/wp\/v2\/product\/3992","targetHints":{"allow":["GET"]}}],"collection":[{"href":"https:\/\/ironmachtrade.com\/es\/wp-json\/wp\/v2\/product"}],"about":[{"href":"https:\/\/ironmachtrade.com\/es\/wp-json\/wp\/v2\/types\/product"}],"wp:featuredmedia":[{"embeddable":true,"href":"https:\/\/ironmachtrade.com\/es\/wp-json\/wp\/v2\/media\/3999"}],"wp:attachment":[{"href":"https:\/\/ironmachtrade.com\/es\/wp-json\/wp\/v2\/media?parent=3992"}],"wp:term":[{"taxonomy":"product_brand","embeddable":true,"href":"https:\/\/ironmachtrade.com\/es\/wp-json\/wp\/v2\/product_brand?post=3992"},{"taxonomy":"product_cat","embeddable":true,"href":"https:\/\/ironmachtrade.com\/es\/wp-json\/wp\/v2\/product_cat?post=3992"},{"taxonomy":"product_tag","embeddable":true,"href":"https:\/\/ironmachtrade.com\/es\/wp-json\/wp\/v2\/product_tag?post=3992"},{"taxonomy":"marca","embeddable":true,"href":"https:\/\/ironmachtrade.com\/es\/wp-json\/wp\/v2\/marca?post=3992"},{"taxonomy":"estado-uso","embeddable":true,"href":"https:\/\/ironmachtrade.com\/es\/wp-json\/wp\/v2\/estado-uso?post=3992"},{"taxonomy":"horasuso","embeddable":true,"href":"https:\/\/ironmachtrade.com\/es\/wp-json\/wp\/v2\/horasuso?post=3992"},{"taxonomy":"en-catalogo","embeddable":true,"href":"https:\/\/ironmachtrade.com\/es\/wp-json\/wp\/v2\/en-catalogo?post=3992"},{"taxonomy":"combustible","embeddable":true,"href":"https:\/\/ironmachtrade.com\/es\/wp-json\/wp\/v2\/combustible?post=3992"}],"curies":[{"name":"wp","href":"https:\/\/api.w.org\/{rel}","templated":true}]}}