{"id":4006,"date":"2026-01-10T13:48:08","date_gmt":"2026-01-10T12:48:08","guid":{"rendered":"https:\/\/ironmachtrade.com\/?post_type=product&#038;p=4006"},"modified":"2026-01-14T19:25:59","modified_gmt":"2026-01-14T18:25:59","slug":"zoomlion-zs1623rt-2","status":"publish","type":"product","link":"https:\/\/ironmachtrade.com\/es\/zoomlion-zs1623rt-2\/","title":{"rendered":"Zoomlion ZS1623RT"},"content":{"rendered":"<p>Tijera compacta di\u00e9sel Zoomlion ZS1623RT. 18 m. de altura m\u00e1xima de trabajo. Carga m\u00e1xima 680 Kg. Extensible. Carga m\u00e1xima en extensi\u00f3n 230 Kg. Neum\u00e1ticos rellenos de espuma. Motor Kubota o Weichai. Hasta 4 trabajadores a la vez. Nivelaci\u00f3n autom\u00e1tica.<\/p>\n","protected":false},"excerpt":{"rendered":"<p>Tijera compacta di\u00e9sel Zoomlion ZS1623RT. 18 m. de altura m\u00e1xima de trabajo. Carga m\u00e1xima 680 Kg. Extensible. Carga m\u00e1xima en extensi\u00f3n 230 Kg. Neum\u00e1ticos rellenos de espuma. Motor Kubota o Weichai. Hasta 4 trabajadores a la vez. Nivelaci\u00f3n autom\u00e1tica.<\/p>\n","protected":false},"featured_media":4007,"template":"","meta":{"_joinchat":[]},"product_brand":[],"product_cat":[123,61,117],"product_tag":[],"marca":[],"estado-uso":[],"horasuso":[],"en-catalogo":[],"combustible":[],"class_list":{"0":"post-4006","1":"product","2":"type-product","3":"status-publish","4":"has-post-thumbnail","6":"product_cat-tijera-diesel","7":"product_cat-plataformas-elevadoras","8":"product_cat-tijera-elevadora","10":"first","11":"instock","12":"featured","13":"shipping-taxable","14":"product-type-simple"},"_links":{"self":[{"href":"https:\/\/ironmachtrade.com\/es\/wp-json\/wp\/v2\/product\/4006","targetHints":{"allow":["GET"]}}],"collection":[{"href":"https:\/\/ironmachtrade.com\/es\/wp-json\/wp\/v2\/product"}],"about":[{"href":"https:\/\/ironmachtrade.com\/es\/wp-json\/wp\/v2\/types\/product"}],"wp:featuredmedia":[{"embeddable":true,"href":"https:\/\/ironmachtrade.com\/es\/wp-json\/wp\/v2\/media\/4007"}],"wp:attachment":[{"href":"https:\/\/ironmachtrade.com\/es\/wp-json\/wp\/v2\/media?parent=4006"}],"wp:term":[{"taxonomy":"product_brand","embeddable":true,"href":"https:\/\/ironmachtrade.com\/es\/wp-json\/wp\/v2\/product_brand?post=4006"},{"taxonomy":"product_cat","embeddable":true,"href":"https:\/\/ironmachtrade.com\/es\/wp-json\/wp\/v2\/product_cat?post=4006"},{"taxonomy":"product_tag","embeddable":true,"href":"https:\/\/ironmachtrade.com\/es\/wp-json\/wp\/v2\/product_tag?post=4006"},{"taxonomy":"marca","embeddable":true,"href":"https:\/\/ironmachtrade.com\/es\/wp-json\/wp\/v2\/marca?post=4006"},{"taxonomy":"estado-uso","embeddable":true,"href":"https:\/\/ironmachtrade.com\/es\/wp-json\/wp\/v2\/estado-uso?post=4006"},{"taxonomy":"horasuso","embeddable":true,"href":"https:\/\/ironmachtrade.com\/es\/wp-json\/wp\/v2\/horasuso?post=4006"},{"taxonomy":"en-catalogo","embeddable":true,"href":"https:\/\/ironmachtrade.com\/es\/wp-json\/wp\/v2\/en-catalogo?post=4006"},{"taxonomy":"combustible","embeddable":true,"href":"https:\/\/ironmachtrade.com\/es\/wp-json\/wp\/v2\/combustible?post=4006"}],"curies":[{"name":"wp","href":"https:\/\/api.w.org\/{rel}","templated":true}]}}