{"id":4022,"date":"2026-01-11T14:10:15","date_gmt":"2026-01-11T13:10:15","guid":{"rendered":"https:\/\/ironmachtrade.com\/?post_type=product&#038;p=4022"},"modified":"2026-01-14T19:25:23","modified_gmt":"2026-01-14T18:25:23","slug":"zoomlion-zs2023ert","status":"publish","type":"product","link":"https:\/\/ironmachtrade.com\/es\/zoomlion-zs2023ert\/","title":{"rendered":"Zoomlion ZS2023ERT"},"content":{"rendered":"<p>Plataforma tijera el\u00e9ctrica todo terreno. Zoomlion ZS2023ERT. 22 m. de altura m\u00e1xima de trabajo. Carga m\u00e1xima 350 Kg. Extensible. Carga m\u00e1xima en extensi\u00f3n 113 Kg. Neum\u00e1ticos rellenos de espuma. Transmisi\u00f3n por motor CA con eje oscilante. Nivelaci\u00f3n autom\u00e1tica.<\/p>\n","protected":false},"excerpt":{"rendered":"<p>Plataforma tijera el\u00e9ctrica todo terreno. Zoomlion ZS2023ERT. 22 m. de altura m\u00e1xima de trabajo. Carga m\u00e1xima 350 Kg. Extensible. Carga m\u00e1xima en extensi\u00f3n 113 Kg. Neum\u00e1ticos rellenos de espuma. Transmisi\u00f3n por motor CA con eje oscilante. Nivelaci\u00f3n autom\u00e1tica.<\/p>\n","protected":false},"featured_media":4319,"template":"","meta":{"_joinchat":[]},"product_brand":[],"product_cat":[121,61,181,117],"product_tag":[],"marca":[119],"estado-uso":[38],"horasuso":[91],"en-catalogo":[],"combustible":[68],"class_list":{"0":"post-4022","1":"product","2":"type-product","3":"status-publish","4":"has-post-thumbnail","6":"product_cat-tijera-electrica","7":"product_cat-plataformas-elevadoras","8":"product_cat-tijera-electrica-todo-terreno","9":"product_cat-tijera-elevadora","10":"marca-zoomlion","11":"estado-uso-nueva","12":"horasuso-nueva","13":"combustible-electrica","15":"first","16":"instock","17":"shipping-taxable","18":"product-type-simple"},"_links":{"self":[{"href":"https:\/\/ironmachtrade.com\/es\/wp-json\/wp\/v2\/product\/4022","targetHints":{"allow":["GET"]}}],"collection":[{"href":"https:\/\/ironmachtrade.com\/es\/wp-json\/wp\/v2\/product"}],"about":[{"href":"https:\/\/ironmachtrade.com\/es\/wp-json\/wp\/v2\/types\/product"}],"wp:featuredmedia":[{"embeddable":true,"href":"https:\/\/ironmachtrade.com\/es\/wp-json\/wp\/v2\/media\/4319"}],"wp:attachment":[{"href":"https:\/\/ironmachtrade.com\/es\/wp-json\/wp\/v2\/media?parent=4022"}],"wp:term":[{"taxonomy":"product_brand","embeddable":true,"href":"https:\/\/ironmachtrade.com\/es\/wp-json\/wp\/v2\/product_brand?post=4022"},{"taxonomy":"product_cat","embeddable":true,"href":"https:\/\/ironmachtrade.com\/es\/wp-json\/wp\/v2\/product_cat?post=4022"},{"taxonomy":"product_tag","embeddable":true,"href":"https:\/\/ironmachtrade.com\/es\/wp-json\/wp\/v2\/product_tag?post=4022"},{"taxonomy":"marca","embeddable":true,"href":"https:\/\/ironmachtrade.com\/es\/wp-json\/wp\/v2\/marca?post=4022"},{"taxonomy":"estado-uso","embeddable":true,"href":"https:\/\/ironmachtrade.com\/es\/wp-json\/wp\/v2\/estado-uso?post=4022"},{"taxonomy":"horasuso","embeddable":true,"href":"https:\/\/ironmachtrade.com\/es\/wp-json\/wp\/v2\/horasuso?post=4022"},{"taxonomy":"en-catalogo","embeddable":true,"href":"https:\/\/ironmachtrade.com\/es\/wp-json\/wp\/v2\/en-catalogo?post=4022"},{"taxonomy":"combustible","embeddable":true,"href":"https:\/\/ironmachtrade.com\/es\/wp-json\/wp\/v2\/combustible?post=4022"}],"curies":[{"name":"wp","href":"https:\/\/api.w.org\/{rel}","templated":true}]}}