{"id":4026,"date":"2026-01-11T14:22:54","date_gmt":"2026-01-11T13:22:54","guid":{"rendered":"https:\/\/ironmachtrade.com\/?post_type=product&#038;p=4026"},"modified":"2026-01-14T19:24:47","modified_gmt":"2026-01-14T18:24:47","slug":"zoomlion-za10rje","status":"publish","type":"product","link":"https:\/\/ironmachtrade.com\/es\/zoomlion-za10rje\/","title":{"rendered":"Zoomlion ZA10RJE"},"content":{"rendered":"<p>Plataforma articulada el\u00e9ctrica Zoomlion ZA10RJE. 11,55 m. de altura m\u00e1xima de trabajo. Carga m\u00e1xima 230 Kg. Neum\u00e1ticos no marcantes. Pendiente superable 35 %. Rotaci\u00f3n torreta 355\u00b0. Pendiente trabajo m\u00e1xima 3\u00b0.<\/p>\n","protected":false},"excerpt":{"rendered":"<p>Plataforma articulada el\u00e9ctrica Zoomlion ZA10RJE. 11,55 m. de altura m\u00e1xima de trabajo. Carga m\u00e1xima 230 Kg. Neum\u00e1ticos no marcantes. Pendiente superable 35 %. Rotaci\u00f3n torreta 355\u00b0. Pendiente trabajo m\u00e1xima 3\u00b0.<\/p>\n","protected":false},"featured_media":4036,"template":"","meta":{"_joinchat":[]},"product_brand":[],"product_cat":[120,61,118],"product_tag":[],"marca":[119,168],"estado-uso":[38],"horasuso":[91],"en-catalogo":[],"combustible":[68],"class_list":{"0":"post-4026","1":"product","2":"type-product","3":"status-publish","4":"has-post-thumbnail","6":"product_cat-articulada-electrica","7":"product_cat-plataformas-elevadoras","8":"product_cat-plataformas-elevadoras-articuladas","9":"marca-zoomlion","10":"marca-plataformas-zoomlion","11":"estado-uso-nueva","12":"horasuso-nueva","13":"combustible-electrica","15":"first","16":"instock","17":"shipping-taxable","18":"product-type-simple"},"_links":{"self":[{"href":"https:\/\/ironmachtrade.com\/es\/wp-json\/wp\/v2\/product\/4026","targetHints":{"allow":["GET"]}}],"collection":[{"href":"https:\/\/ironmachtrade.com\/es\/wp-json\/wp\/v2\/product"}],"about":[{"href":"https:\/\/ironmachtrade.com\/es\/wp-json\/wp\/v2\/types\/product"}],"wp:featuredmedia":[{"embeddable":true,"href":"https:\/\/ironmachtrade.com\/es\/wp-json\/wp\/v2\/media\/4036"}],"wp:attachment":[{"href":"https:\/\/ironmachtrade.com\/es\/wp-json\/wp\/v2\/media?parent=4026"}],"wp:term":[{"taxonomy":"product_brand","embeddable":true,"href":"https:\/\/ironmachtrade.com\/es\/wp-json\/wp\/v2\/product_brand?post=4026"},{"taxonomy":"product_cat","embeddable":true,"href":"https:\/\/ironmachtrade.com\/es\/wp-json\/wp\/v2\/product_cat?post=4026"},{"taxonomy":"product_tag","embeddable":true,"href":"https:\/\/ironmachtrade.com\/es\/wp-json\/wp\/v2\/product_tag?post=4026"},{"taxonomy":"marca","embeddable":true,"href":"https:\/\/ironmachtrade.com\/es\/wp-json\/wp\/v2\/marca?post=4026"},{"taxonomy":"estado-uso","embeddable":true,"href":"https:\/\/ironmachtrade.com\/es\/wp-json\/wp\/v2\/estado-uso?post=4026"},{"taxonomy":"horasuso","embeddable":true,"href":"https:\/\/ironmachtrade.com\/es\/wp-json\/wp\/v2\/horasuso?post=4026"},{"taxonomy":"en-catalogo","embeddable":true,"href":"https:\/\/ironmachtrade.com\/es\/wp-json\/wp\/v2\/en-catalogo?post=4026"},{"taxonomy":"combustible","embeddable":true,"href":"https:\/\/ironmachtrade.com\/es\/wp-json\/wp\/v2\/combustible?post=4026"}],"curies":[{"name":"wp","href":"https:\/\/api.w.org\/{rel}","templated":true}]}}