{"id":4046,"date":"2026-01-11T17:06:44","date_gmt":"2026-01-11T16:06:44","guid":{"rendered":"https:\/\/ironmachtrade.com\/?post_type=product&#038;p=4046"},"modified":"2026-01-14T19:23:24","modified_gmt":"2026-01-14T18:23:24","slug":"zoomlion-za20jert","status":"publish","type":"product","link":"https:\/\/ironmachtrade.com\/es\/zoomlion-za20jert\/","title":{"rendered":"Zoomlion ZA20JERT"},"content":{"rendered":"<p>Plataforma articulada el\u00e9ctrica Zoomlion ZA20JERT. 21,38 m. altura m\u00e1xima de trabajo. Carga m\u00e1xima 250 Kg\/360 Kg. Todo terreno. Neum\u00e1ticos rellenos de espuma. Pendiente superable 45%. Rotaci\u00f3n torreta 360\u00b0 continua. Motor de CA con elevada potencia, control estable y libre de mantenimiento. Posibilidad bater\u00eda de litio<\/p>\n","protected":false},"excerpt":{"rendered":"<p>Plataforma articulada el\u00e9ctrica Zoomlion ZA20JERT. 21,38 m. altura m\u00e1xima de trabajo. Carga m\u00e1xima 250 Kg\/360 Kg. Todo terreno. Neum\u00e1ticos rellenos de espuma. Pendiente superable 45%. Rotaci\u00f3n torreta 360\u00b0 continua. Motor de CA con elevada potencia, control estable y libre de mantenimiento. Posibilidad bater\u00eda de litio<\/p>\n","protected":false},"featured_media":4313,"template":"","meta":{"_joinchat":[]},"product_brand":[],"product_cat":[120,61,118],"product_tag":[],"marca":[119,168],"estado-uso":[38],"horasuso":[91],"en-catalogo":[],"combustible":[68],"class_list":{"0":"post-4046","1":"product","2":"type-product","3":"status-publish","4":"has-post-thumbnail","6":"product_cat-articulada-electrica","7":"product_cat-plataformas-elevadoras","8":"product_cat-plataformas-elevadoras-articuladas","9":"marca-zoomlion","10":"marca-plataformas-zoomlion","11":"estado-uso-nueva","12":"horasuso-nueva","13":"combustible-electrica","15":"first","16":"instock","17":"shipping-taxable","18":"product-type-simple"},"_links":{"self":[{"href":"https:\/\/ironmachtrade.com\/es\/wp-json\/wp\/v2\/product\/4046","targetHints":{"allow":["GET"]}}],"collection":[{"href":"https:\/\/ironmachtrade.com\/es\/wp-json\/wp\/v2\/product"}],"about":[{"href":"https:\/\/ironmachtrade.com\/es\/wp-json\/wp\/v2\/types\/product"}],"wp:featuredmedia":[{"embeddable":true,"href":"https:\/\/ironmachtrade.com\/es\/wp-json\/wp\/v2\/media\/4313"}],"wp:attachment":[{"href":"https:\/\/ironmachtrade.com\/es\/wp-json\/wp\/v2\/media?parent=4046"}],"wp:term":[{"taxonomy":"product_brand","embeddable":true,"href":"https:\/\/ironmachtrade.com\/es\/wp-json\/wp\/v2\/product_brand?post=4046"},{"taxonomy":"product_cat","embeddable":true,"href":"https:\/\/ironmachtrade.com\/es\/wp-json\/wp\/v2\/product_cat?post=4046"},{"taxonomy":"product_tag","embeddable":true,"href":"https:\/\/ironmachtrade.com\/es\/wp-json\/wp\/v2\/product_tag?post=4046"},{"taxonomy":"marca","embeddable":true,"href":"https:\/\/ironmachtrade.com\/es\/wp-json\/wp\/v2\/marca?post=4046"},{"taxonomy":"estado-uso","embeddable":true,"href":"https:\/\/ironmachtrade.com\/es\/wp-json\/wp\/v2\/estado-uso?post=4046"},{"taxonomy":"horasuso","embeddable":true,"href":"https:\/\/ironmachtrade.com\/es\/wp-json\/wp\/v2\/horasuso?post=4046"},{"taxonomy":"en-catalogo","embeddable":true,"href":"https:\/\/ironmachtrade.com\/es\/wp-json\/wp\/v2\/en-catalogo?post=4046"},{"taxonomy":"combustible","embeddable":true,"href":"https:\/\/ironmachtrade.com\/es\/wp-json\/wp\/v2\/combustible?post=4046"}],"curies":[{"name":"wp","href":"https:\/\/api.w.org\/{rel}","templated":true}]}}