{"id":4076,"date":"2026-01-11T20:46:22","date_gmt":"2026-01-11T19:46:22","guid":{"rendered":"https:\/\/ironmachtrade.com\/?post_type=product&#038;p=4076"},"modified":"2026-01-14T19:21:34","modified_gmt":"2026-01-14T18:21:34","slug":"zoomlion-za24j","status":"publish","type":"product","link":"https:\/\/ironmachtrade.com\/es\/zoomlion-za24j\/","title":{"rendered":"Zoomlion ZA24J"},"content":{"rendered":"<p>Plataforma articulada di\u00e9sel Zoomlion ZA24J. 26,5 m. altura m\u00e1xima de trabajo. Carga m\u00e1xima 250 Kg. Neum\u00e1ticos rellenos de espuma. Pendiente superable 45%. Rotaci\u00f3n torreta 360\u00b0. Motor Cummins. Elevaci\u00f3n en negativo de hasta 5,1 m. Conjuntos totalmente protegidos adecuados para ambientes polvorientos<\/p>\n","protected":false},"excerpt":{"rendered":"<p>Plataforma articulada di\u00e9sel Zoomlion ZA24J. 26,5 m. altura m\u00e1xima de trabajo. Carga m\u00e1xima 250 Kg. Neum\u00e1ticos rellenos de espuma. Pendiente superable 45%. Rotaci\u00f3n torreta 360\u00b0. Motor Cummins. Elevaci\u00f3n en negativo de hasta 5,1 m. Conjuntos totalmente protegidos adecuados para ambientes polvorientos<\/p>\n","protected":false},"featured_media":4303,"template":"","meta":{"_joinchat":[]},"product_brand":[],"product_cat":[125,61,118],"product_tag":[],"marca":[119,168],"estado-uso":[38],"horasuso":[91],"en-catalogo":[],"combustible":[69],"class_list":{"0":"post-4076","1":"product","2":"type-product","3":"status-publish","4":"has-post-thumbnail","6":"product_cat-articulada-diesel","7":"product_cat-plataformas-elevadoras","8":"product_cat-plataformas-elevadoras-articuladas","9":"marca-zoomlion","10":"marca-plataformas-zoomlion","11":"estado-uso-nueva","12":"horasuso-nueva","13":"combustible-diesel","15":"first","16":"instock","17":"shipping-taxable","18":"product-type-simple"},"_links":{"self":[{"href":"https:\/\/ironmachtrade.com\/es\/wp-json\/wp\/v2\/product\/4076","targetHints":{"allow":["GET"]}}],"collection":[{"href":"https:\/\/ironmachtrade.com\/es\/wp-json\/wp\/v2\/product"}],"about":[{"href":"https:\/\/ironmachtrade.com\/es\/wp-json\/wp\/v2\/types\/product"}],"wp:featuredmedia":[{"embeddable":true,"href":"https:\/\/ironmachtrade.com\/es\/wp-json\/wp\/v2\/media\/4303"}],"wp:attachment":[{"href":"https:\/\/ironmachtrade.com\/es\/wp-json\/wp\/v2\/media?parent=4076"}],"wp:term":[{"taxonomy":"product_brand","embeddable":true,"href":"https:\/\/ironmachtrade.com\/es\/wp-json\/wp\/v2\/product_brand?post=4076"},{"taxonomy":"product_cat","embeddable":true,"href":"https:\/\/ironmachtrade.com\/es\/wp-json\/wp\/v2\/product_cat?post=4076"},{"taxonomy":"product_tag","embeddable":true,"href":"https:\/\/ironmachtrade.com\/es\/wp-json\/wp\/v2\/product_tag?post=4076"},{"taxonomy":"marca","embeddable":true,"href":"https:\/\/ironmachtrade.com\/es\/wp-json\/wp\/v2\/marca?post=4076"},{"taxonomy":"estado-uso","embeddable":true,"href":"https:\/\/ironmachtrade.com\/es\/wp-json\/wp\/v2\/estado-uso?post=4076"},{"taxonomy":"horasuso","embeddable":true,"href":"https:\/\/ironmachtrade.com\/es\/wp-json\/wp\/v2\/horasuso?post=4076"},{"taxonomy":"en-catalogo","embeddable":true,"href":"https:\/\/ironmachtrade.com\/es\/wp-json\/wp\/v2\/en-catalogo?post=4076"},{"taxonomy":"combustible","embeddable":true,"href":"https:\/\/ironmachtrade.com\/es\/wp-json\/wp\/v2\/combustible?post=4076"}],"curies":[{"name":"wp","href":"https:\/\/api.w.org\/{rel}","templated":true}]}}