{"id":4104,"date":"2026-01-11T21:19:42","date_gmt":"2026-01-11T20:19:42","guid":{"rendered":"https:\/\/ironmachtrade.com\/?post_type=product&#038;p=4104"},"modified":"2026-01-14T19:20:16","modified_gmt":"2026-01-14T18:20:16","slug":"zoomlion-zt26j","status":"publish","type":"product","link":"https:\/\/ironmachtrade.com\/es\/zoomlion-zt26j\/","title":{"rendered":"Zoomlion ZT26J"},"content":{"rendered":"<p>Plataforma telesc\u00f3pica di\u00e9sel Zoomlion ZT26J. 28,70 m. de altura m\u00e1xima de trabajo. Carga m\u00e1xima de hasta 454 Kg. Neum\u00e1ticos rellenos de espuma. Pendiente superable 45%. Rotaci\u00f3n torreta 360\u00b0. Motores Cummins, Weichai, Kubota y Deutz. Tracci\u00f3n 4&#215;4. Direcci\u00f3n ruedas delanteras.<\/p>\n","protected":false},"excerpt":{"rendered":"<p>Plataforma telesc\u00f3pica di\u00e9sel Zoomlion ZT26J. 28,70 m. de altura m\u00e1xima de trabajo. Carga m\u00e1xima de hasta 454 Kg. Neum\u00e1ticos rellenos de espuma. Pendiente superable 45%. Rotaci\u00f3n torreta 360\u00b0. Motores Cummins, Weichai, Kubota y Deutz. Tracci\u00f3n 4&#215;4. Direcci\u00f3n ruedas delanteras.<\/p>\n","protected":false},"featured_media":2893,"template":"","meta":{"_joinchat":[]},"product_brand":[],"product_cat":[61,152,127],"product_tag":[],"marca":[119,168],"estado-uso":[38],"horasuso":[91],"en-catalogo":[],"combustible":[69],"class_list":{"0":"post-4104","1":"product","2":"type-product","3":"status-publish","4":"has-post-thumbnail","6":"product_cat-plataformas-elevadoras","7":"product_cat-plataformas-telescopicas","8":"product_cat-telescopica-diesel","9":"marca-zoomlion","10":"marca-plataformas-zoomlion","11":"estado-uso-nueva","12":"horasuso-nueva","13":"combustible-diesel","15":"first","16":"instock","17":"shipping-taxable","18":"product-type-simple"},"_links":{"self":[{"href":"https:\/\/ironmachtrade.com\/es\/wp-json\/wp\/v2\/product\/4104","targetHints":{"allow":["GET"]}}],"collection":[{"href":"https:\/\/ironmachtrade.com\/es\/wp-json\/wp\/v2\/product"}],"about":[{"href":"https:\/\/ironmachtrade.com\/es\/wp-json\/wp\/v2\/types\/product"}],"wp:featuredmedia":[{"embeddable":true,"href":"https:\/\/ironmachtrade.com\/es\/wp-json\/wp\/v2\/media\/2893"}],"wp:attachment":[{"href":"https:\/\/ironmachtrade.com\/es\/wp-json\/wp\/v2\/media?parent=4104"}],"wp:term":[{"taxonomy":"product_brand","embeddable":true,"href":"https:\/\/ironmachtrade.com\/es\/wp-json\/wp\/v2\/product_brand?post=4104"},{"taxonomy":"product_cat","embeddable":true,"href":"https:\/\/ironmachtrade.com\/es\/wp-json\/wp\/v2\/product_cat?post=4104"},{"taxonomy":"product_tag","embeddable":true,"href":"https:\/\/ironmachtrade.com\/es\/wp-json\/wp\/v2\/product_tag?post=4104"},{"taxonomy":"marca","embeddable":true,"href":"https:\/\/ironmachtrade.com\/es\/wp-json\/wp\/v2\/marca?post=4104"},{"taxonomy":"estado-uso","embeddable":true,"href":"https:\/\/ironmachtrade.com\/es\/wp-json\/wp\/v2\/estado-uso?post=4104"},{"taxonomy":"horasuso","embeddable":true,"href":"https:\/\/ironmachtrade.com\/es\/wp-json\/wp\/v2\/horasuso?post=4104"},{"taxonomy":"en-catalogo","embeddable":true,"href":"https:\/\/ironmachtrade.com\/es\/wp-json\/wp\/v2\/en-catalogo?post=4104"},{"taxonomy":"combustible","embeddable":true,"href":"https:\/\/ironmachtrade.com\/es\/wp-json\/wp\/v2\/combustible?post=4104"}],"curies":[{"name":"wp","href":"https:\/\/api.w.org\/{rel}","templated":true}]}}