{"id":4108,"date":"2026-01-11T21:26:19","date_gmt":"2026-01-11T20:26:19","guid":{"rendered":"https:\/\/ironmachtrade.com\/?post_type=product&#038;p=4108"},"modified":"2026-01-14T19:18:55","modified_gmt":"2026-01-14T18:18:55","slug":"zoomlion-zt32j","status":"publish","type":"product","link":"https:\/\/ironmachtrade.com\/es\/zoomlion-zt32j\/","title":{"rendered":"Zoomlion ZT32J"},"content":{"rendered":"<p>Plataforma telesc\u00f3pica di\u00e9sel Zoomlion ZT32J. 34,3 m. de altura m\u00e1xima de elevaci\u00f3n. Carga m\u00e1xima 454 Kg. Neum\u00e1ticos rellenos de espuma. Pendiente superable 45%. Rotaci\u00f3n torreta 360\u00b0 continua. Motor Kubota, direcci\u00f3n ruedas delanteras.<\/p>\n","protected":false},"excerpt":{"rendered":"<p>Plataforma telesc\u00f3pica di\u00e9sel Zoomlion ZT32J. 34,3 m. de altura m\u00e1xima de elevaci\u00f3n. Carga m\u00e1xima 454 Kg. Neum\u00e1ticos rellenos de espuma. Pendiente superable 45%. Rotaci\u00f3n torreta 360\u00b0 continua. Motor Kubota, direcci\u00f3n ruedas delanteras.<\/p>\n","protected":false},"featured_media":2893,"template":"","meta":{"_joinchat":[]},"product_brand":[],"product_cat":[61,152,127],"product_tag":[],"marca":[],"estado-uso":[],"horasuso":[],"en-catalogo":[],"combustible":[],"class_list":{"0":"post-4108","1":"product","2":"type-product","3":"status-publish","4":"has-post-thumbnail","6":"product_cat-plataformas-elevadoras","7":"product_cat-plataformas-telescopicas","8":"product_cat-telescopica-diesel","10":"first","11":"instock","12":"shipping-taxable","13":"product-type-simple"},"_links":{"self":[{"href":"https:\/\/ironmachtrade.com\/es\/wp-json\/wp\/v2\/product\/4108","targetHints":{"allow":["GET"]}}],"collection":[{"href":"https:\/\/ironmachtrade.com\/es\/wp-json\/wp\/v2\/product"}],"about":[{"href":"https:\/\/ironmachtrade.com\/es\/wp-json\/wp\/v2\/types\/product"}],"wp:featuredmedia":[{"embeddable":true,"href":"https:\/\/ironmachtrade.com\/es\/wp-json\/wp\/v2\/media\/2893"}],"wp:attachment":[{"href":"https:\/\/ironmachtrade.com\/es\/wp-json\/wp\/v2\/media?parent=4108"}],"wp:term":[{"taxonomy":"product_brand","embeddable":true,"href":"https:\/\/ironmachtrade.com\/es\/wp-json\/wp\/v2\/product_brand?post=4108"},{"taxonomy":"product_cat","embeddable":true,"href":"https:\/\/ironmachtrade.com\/es\/wp-json\/wp\/v2\/product_cat?post=4108"},{"taxonomy":"product_tag","embeddable":true,"href":"https:\/\/ironmachtrade.com\/es\/wp-json\/wp\/v2\/product_tag?post=4108"},{"taxonomy":"marca","embeddable":true,"href":"https:\/\/ironmachtrade.com\/es\/wp-json\/wp\/v2\/marca?post=4108"},{"taxonomy":"estado-uso","embeddable":true,"href":"https:\/\/ironmachtrade.com\/es\/wp-json\/wp\/v2\/estado-uso?post=4108"},{"taxonomy":"horasuso","embeddable":true,"href":"https:\/\/ironmachtrade.com\/es\/wp-json\/wp\/v2\/horasuso?post=4108"},{"taxonomy":"en-catalogo","embeddable":true,"href":"https:\/\/ironmachtrade.com\/es\/wp-json\/wp\/v2\/en-catalogo?post=4108"},{"taxonomy":"combustible","embeddable":true,"href":"https:\/\/ironmachtrade.com\/es\/wp-json\/wp\/v2\/combustible?post=4108"}],"curies":[{"name":"wp","href":"https:\/\/api.w.org\/{rel}","templated":true}]}}