{"id":4134,"date":"2026-01-12T21:32:27","date_gmt":"2026-01-12T20:32:27","guid":{"rendered":"https:\/\/ironmachtrade.com\/?post_type=product&#038;p=4134"},"modified":"2026-01-14T19:18:23","modified_gmt":"2026-01-14T18:18:23","slug":"zoomlion-zt58j","status":"publish","type":"product","link":"https:\/\/ironmachtrade.com\/es\/zoomlion-zt58j\/","title":{"rendered":"Zoomlion ZT58J"},"content":{"rendered":"<p>Plataforma telesc\u00f3pica di\u00e9sel Zoomlion ZT58J. 58,8 m. de altura m\u00e1xima de elevaci\u00f3n. Carga m\u00e1xima 454 Kg. Neum\u00e1ticos rellenos de espuma. Pendiente superable 45%. Rotaci\u00f3n torreta 360\u00b0 continua. Motor Cumins, direcci\u00f3n en las 4 ruedas tipo cangrejo.<\/p>\n","protected":false},"excerpt":{"rendered":"<p>Plataforma telesc\u00f3pica di\u00e9sel Zoomlion ZT58J. 58,8 m. de altura m\u00e1xima de elevaci\u00f3n. Carga m\u00e1xima 454 Kg. Neum\u00e1ticos rellenos de espuma. Pendiente superable 45%. Rotaci\u00f3n torreta 360\u00b0 continua. Motor Cumins, direcci\u00f3n en las 4 ruedas tipo cangrejo.<\/p>\n","protected":false},"featured_media":4283,"template":"","meta":{"_joinchat":[]},"product_brand":[],"product_cat":[127,61,152],"product_tag":[],"marca":[119,168],"estado-uso":[38],"horasuso":[91],"en-catalogo":[],"combustible":[69],"class_list":{"0":"post-4134","1":"product","2":"type-product","3":"status-publish","4":"has-post-thumbnail","6":"product_cat-telescopica-diesel","7":"product_cat-plataformas-elevadoras","8":"product_cat-plataformas-telescopicas","9":"marca-zoomlion","10":"marca-plataformas-zoomlion","11":"estado-uso-nueva","12":"horasuso-nueva","13":"combustible-diesel","15":"first","16":"instock","17":"shipping-taxable","18":"product-type-simple"},"_links":{"self":[{"href":"https:\/\/ironmachtrade.com\/es\/wp-json\/wp\/v2\/product\/4134","targetHints":{"allow":["GET"]}}],"collection":[{"href":"https:\/\/ironmachtrade.com\/es\/wp-json\/wp\/v2\/product"}],"about":[{"href":"https:\/\/ironmachtrade.com\/es\/wp-json\/wp\/v2\/types\/product"}],"wp:featuredmedia":[{"embeddable":true,"href":"https:\/\/ironmachtrade.com\/es\/wp-json\/wp\/v2\/media\/4283"}],"wp:attachment":[{"href":"https:\/\/ironmachtrade.com\/es\/wp-json\/wp\/v2\/media?parent=4134"}],"wp:term":[{"taxonomy":"product_brand","embeddable":true,"href":"https:\/\/ironmachtrade.com\/es\/wp-json\/wp\/v2\/product_brand?post=4134"},{"taxonomy":"product_cat","embeddable":true,"href":"https:\/\/ironmachtrade.com\/es\/wp-json\/wp\/v2\/product_cat?post=4134"},{"taxonomy":"product_tag","embeddable":true,"href":"https:\/\/ironmachtrade.com\/es\/wp-json\/wp\/v2\/product_tag?post=4134"},{"taxonomy":"marca","embeddable":true,"href":"https:\/\/ironmachtrade.com\/es\/wp-json\/wp\/v2\/marca?post=4134"},{"taxonomy":"estado-uso","embeddable":true,"href":"https:\/\/ironmachtrade.com\/es\/wp-json\/wp\/v2\/estado-uso?post=4134"},{"taxonomy":"horasuso","embeddable":true,"href":"https:\/\/ironmachtrade.com\/es\/wp-json\/wp\/v2\/horasuso?post=4134"},{"taxonomy":"en-catalogo","embeddable":true,"href":"https:\/\/ironmachtrade.com\/es\/wp-json\/wp\/v2\/en-catalogo?post=4134"},{"taxonomy":"combustible","embeddable":true,"href":"https:\/\/ironmachtrade.com\/es\/wp-json\/wp\/v2\/combustible?post=4134"}],"curies":[{"name":"wp","href":"https:\/\/api.w.org\/{rel}","templated":true}]}}