{"id":4168,"date":"2026-01-12T22:14:47","date_gmt":"2026-01-12T21:14:47","guid":{"rendered":"https:\/\/ironmachtrade.com\/?post_type=product&#038;p=4168"},"modified":"2026-01-14T19:16:15","modified_gmt":"2026-01-14T18:16:15","slug":"zoomlion-zt38je","status":"publish","type":"product","link":"https:\/\/ironmachtrade.com\/es\/zoomlion-zt38je\/","title":{"rendered":"Zoomlion ZT38JE"},"content":{"rendered":"<p>Plataforma telesc\u00f3pica el\u00e9ctrica Zoomlion ZT38JE. 40,1 m. de altura m\u00e1xima de elevaci\u00f3n. Carga m\u00e1xima 454 Kg. Neum\u00e1ticos rellenos de espuma. Pendiente superable 45%. Rotaci\u00f3n torreta 360\u00b0 continua. Motor de CA de gran potencia, control estable y libre de mantenimiento<\/p>\n","protected":false},"excerpt":{"rendered":"<p>Plataforma telesc\u00f3pica el\u00e9ctrica Zoomlion ZT38JE. 40,1 m. de altura m\u00e1xima de elevaci\u00f3n. Carga m\u00e1xima 454 Kg. Neum\u00e1ticos rellenos de espuma. Pendiente superable 45%. Rotaci\u00f3n torreta 360\u00b0 continua. Motor de CA de gran potencia, control estable y libre de mantenimiento<\/p>\n","protected":false},"featured_media":4176,"template":"","meta":{"_joinchat":[]},"product_brand":[],"product_cat":[61,152,126],"product_tag":[],"marca":[119,168],"estado-uso":[38],"horasuso":[91],"en-catalogo":[],"combustible":[68],"class_list":{"0":"post-4168","1":"product","2":"type-product","3":"status-publish","4":"has-post-thumbnail","6":"product_cat-plataformas-elevadoras","7":"product_cat-plataformas-telescopicas","8":"product_cat-telescopica-electrica","9":"marca-zoomlion","10":"marca-plataformas-zoomlion","11":"estado-uso-nueva","12":"horasuso-nueva","13":"combustible-electrica","15":"first","16":"instock","17":"shipping-taxable","18":"product-type-simple"},"_links":{"self":[{"href":"https:\/\/ironmachtrade.com\/es\/wp-json\/wp\/v2\/product\/4168","targetHints":{"allow":["GET"]}}],"collection":[{"href":"https:\/\/ironmachtrade.com\/es\/wp-json\/wp\/v2\/product"}],"about":[{"href":"https:\/\/ironmachtrade.com\/es\/wp-json\/wp\/v2\/types\/product"}],"wp:featuredmedia":[{"embeddable":true,"href":"https:\/\/ironmachtrade.com\/es\/wp-json\/wp\/v2\/media\/4176"}],"wp:attachment":[{"href":"https:\/\/ironmachtrade.com\/es\/wp-json\/wp\/v2\/media?parent=4168"}],"wp:term":[{"taxonomy":"product_brand","embeddable":true,"href":"https:\/\/ironmachtrade.com\/es\/wp-json\/wp\/v2\/product_brand?post=4168"},{"taxonomy":"product_cat","embeddable":true,"href":"https:\/\/ironmachtrade.com\/es\/wp-json\/wp\/v2\/product_cat?post=4168"},{"taxonomy":"product_tag","embeddable":true,"href":"https:\/\/ironmachtrade.com\/es\/wp-json\/wp\/v2\/product_tag?post=4168"},{"taxonomy":"marca","embeddable":true,"href":"https:\/\/ironmachtrade.com\/es\/wp-json\/wp\/v2\/marca?post=4168"},{"taxonomy":"estado-uso","embeddable":true,"href":"https:\/\/ironmachtrade.com\/es\/wp-json\/wp\/v2\/estado-uso?post=4168"},{"taxonomy":"horasuso","embeddable":true,"href":"https:\/\/ironmachtrade.com\/es\/wp-json\/wp\/v2\/horasuso?post=4168"},{"taxonomy":"en-catalogo","embeddable":true,"href":"https:\/\/ironmachtrade.com\/es\/wp-json\/wp\/v2\/en-catalogo?post=4168"},{"taxonomy":"combustible","embeddable":true,"href":"https:\/\/ironmachtrade.com\/es\/wp-json\/wp\/v2\/combustible?post=4168"}],"curies":[{"name":"wp","href":"https:\/\/api.w.org\/{rel}","templated":true}]}}