{"id":4184,"date":"2026-01-12T22:52:31","date_gmt":"2026-01-12T21:52:31","guid":{"rendered":"https:\/\/ironmachtrade.com\/?post_type=product&#038;p=4184"},"modified":"2026-01-14T19:15:33","modified_gmt":"2026-01-14T18:15:33","slug":"zoomlion-zx27ae","status":"publish","type":"product","link":"https:\/\/ironmachtrade.com\/es\/zoomlion-zx27ae\/","title":{"rendered":"Zoomlion ZX27AE"},"content":{"rendered":"<p>Plataforma ara\u00f1a el\u00e9ctrica Zoomlion ZX27AE. 27 m. de altura m\u00e1xima de elevaci\u00f3n. Carga m\u00e1xima 200 Kg. Oruga de caucho no marcante. Pendiente superable 30% a 16.7\u00ba. Rotaci\u00f3n torreta 400\u00b0 no continuo. Motor de CA de gran potencia.<\/p>\n","protected":false},"excerpt":{"rendered":"<p>Plataforma ara\u00f1a el\u00e9ctrica Zoomlion ZX27AE. 27 m. de altura m\u00e1xima de elevaci\u00f3n. Carga m\u00e1xima 200 Kg. Oruga de caucho no marcante. Pendiente superable 30% a 16.7\u00ba. Rotaci\u00f3n torreta 400\u00b0 no continuo. Motor de CA de gran potencia.<\/p>\n","protected":false},"featured_media":4385,"template":"","meta":{"_joinchat":[]},"product_brand":[],"product_cat":[120,61],"product_tag":[],"marca":[119,168],"estado-uso":[38],"horasuso":[91],"en-catalogo":[],"combustible":[68],"class_list":{"0":"post-4184","1":"product","2":"type-product","3":"status-publish","4":"has-post-thumbnail","6":"product_cat-articulada-electrica","7":"product_cat-plataformas-elevadoras","8":"marca-zoomlion","9":"marca-plataformas-zoomlion","10":"estado-uso-nueva","11":"horasuso-nueva","12":"combustible-electrica","14":"first","15":"instock","16":"shipping-taxable","17":"product-type-simple"},"_links":{"self":[{"href":"https:\/\/ironmachtrade.com\/es\/wp-json\/wp\/v2\/product\/4184","targetHints":{"allow":["GET"]}}],"collection":[{"href":"https:\/\/ironmachtrade.com\/es\/wp-json\/wp\/v2\/product"}],"about":[{"href":"https:\/\/ironmachtrade.com\/es\/wp-json\/wp\/v2\/types\/product"}],"wp:featuredmedia":[{"embeddable":true,"href":"https:\/\/ironmachtrade.com\/es\/wp-json\/wp\/v2\/media\/4385"}],"wp:attachment":[{"href":"https:\/\/ironmachtrade.com\/es\/wp-json\/wp\/v2\/media?parent=4184"}],"wp:term":[{"taxonomy":"product_brand","embeddable":true,"href":"https:\/\/ironmachtrade.com\/es\/wp-json\/wp\/v2\/product_brand?post=4184"},{"taxonomy":"product_cat","embeddable":true,"href":"https:\/\/ironmachtrade.com\/es\/wp-json\/wp\/v2\/product_cat?post=4184"},{"taxonomy":"product_tag","embeddable":true,"href":"https:\/\/ironmachtrade.com\/es\/wp-json\/wp\/v2\/product_tag?post=4184"},{"taxonomy":"marca","embeddable":true,"href":"https:\/\/ironmachtrade.com\/es\/wp-json\/wp\/v2\/marca?post=4184"},{"taxonomy":"estado-uso","embeddable":true,"href":"https:\/\/ironmachtrade.com\/es\/wp-json\/wp\/v2\/estado-uso?post=4184"},{"taxonomy":"horasuso","embeddable":true,"href":"https:\/\/ironmachtrade.com\/es\/wp-json\/wp\/v2\/horasuso?post=4184"},{"taxonomy":"en-catalogo","embeddable":true,"href":"https:\/\/ironmachtrade.com\/es\/wp-json\/wp\/v2\/en-catalogo?post=4184"},{"taxonomy":"combustible","embeddable":true,"href":"https:\/\/ironmachtrade.com\/es\/wp-json\/wp\/v2\/combustible?post=4184"}],"curies":[{"name":"wp","href":"https:\/\/api.w.org\/{rel}","templated":true}]}}