{"id":4188,"date":"2026-01-13T08:40:14","date_gmt":"2026-01-13T07:40:14","guid":{"rendered":"https:\/\/ironmachtrade.com\/?post_type=product&#038;p=4188"},"modified":"2026-01-14T19:14:48","modified_gmt":"2026-01-14T18:14:48","slug":"zoomlion-zmp04","status":"publish","type":"product","link":"https:\/\/ironmachtrade.com\/es\/zoomlion-zmp04\/","title":{"rendered":"Zoomlion ZMP04"},"content":{"rendered":"<p>Elevador unipersonal el\u00e9ctrico Zoomlion ZMP04. 5,82 m. de altura m\u00e1xima de trabajo. Plataforma extensible hasta 0,50 m. Carga m\u00e1xima 230 Kg. Ruedas no marcantes. Desplazamiento y elevaci\u00f3n el\u00e9ctricos. Ideal para trabajos en suelos delicados y que necesiten un alcance adicional. Se puede transportar en una peque\u00f1a furgoneta<\/p>\n","protected":false},"excerpt":{"rendered":"<p>Elevador unipersonal el\u00e9ctrico Zoomlion ZMP04. 5,82 m. de altura m\u00e1xima de trabajo. Plataforma extensible hasta 0,50 m. Carga m\u00e1xima 230 Kg. Ruedas no marcantes. Desplazamiento y elevaci\u00f3n el\u00e9ctricos. Ideal para trabajos en suelos delicados y que necesiten un alcance adicional. Se puede transportar en una peque\u00f1a furgoneta<\/p>\n","protected":false},"featured_media":4192,"template":"","meta":{"_joinchat":[]},"product_brand":[],"product_cat":[136,131,61],"product_tag":[],"marca":[119,168],"estado-uso":[38],"horasuso":[91],"en-catalogo":[],"combustible":[68],"class_list":{"0":"post-4188","1":"product","2":"type-product","3":"status-publish","4":"has-post-thumbnail","6":"product_cat-elevador-unipersonal","7":"product_cat-elevador-unipersonal-electrico","8":"product_cat-plataformas-elevadoras","9":"marca-zoomlion","10":"marca-plataformas-zoomlion","11":"estado-uso-nueva","12":"horasuso-nueva","13":"combustible-electrica","15":"first","16":"instock","17":"shipping-taxable","18":"product-type-simple"},"_links":{"self":[{"href":"https:\/\/ironmachtrade.com\/es\/wp-json\/wp\/v2\/product\/4188","targetHints":{"allow":["GET"]}}],"collection":[{"href":"https:\/\/ironmachtrade.com\/es\/wp-json\/wp\/v2\/product"}],"about":[{"href":"https:\/\/ironmachtrade.com\/es\/wp-json\/wp\/v2\/types\/product"}],"wp:featuredmedia":[{"embeddable":true,"href":"https:\/\/ironmachtrade.com\/es\/wp-json\/wp\/v2\/media\/4192"}],"wp:attachment":[{"href":"https:\/\/ironmachtrade.com\/es\/wp-json\/wp\/v2\/media?parent=4188"}],"wp:term":[{"taxonomy":"product_brand","embeddable":true,"href":"https:\/\/ironmachtrade.com\/es\/wp-json\/wp\/v2\/product_brand?post=4188"},{"taxonomy":"product_cat","embeddable":true,"href":"https:\/\/ironmachtrade.com\/es\/wp-json\/wp\/v2\/product_cat?post=4188"},{"taxonomy":"product_tag","embeddable":true,"href":"https:\/\/ironmachtrade.com\/es\/wp-json\/wp\/v2\/product_tag?post=4188"},{"taxonomy":"marca","embeddable":true,"href":"https:\/\/ironmachtrade.com\/es\/wp-json\/wp\/v2\/marca?post=4188"},{"taxonomy":"estado-uso","embeddable":true,"href":"https:\/\/ironmachtrade.com\/es\/wp-json\/wp\/v2\/estado-uso?post=4188"},{"taxonomy":"horasuso","embeddable":true,"href":"https:\/\/ironmachtrade.com\/es\/wp-json\/wp\/v2\/horasuso?post=4188"},{"taxonomy":"en-catalogo","embeddable":true,"href":"https:\/\/ironmachtrade.com\/es\/wp-json\/wp\/v2\/en-catalogo?post=4188"},{"taxonomy":"combustible","embeddable":true,"href":"https:\/\/ironmachtrade.com\/es\/wp-json\/wp\/v2\/combustible?post=4188"}],"curies":[{"name":"wp","href":"https:\/\/api.w.org\/{rel}","templated":true}]}}