{"id":4208,"date":"2026-01-13T09:08:39","date_gmt":"2026-01-13T08:08:39","guid":{"rendered":"https:\/\/ironmachtrade.com\/?post_type=product&#038;p=4208"},"modified":"2026-01-14T19:13:40","modified_gmt":"2026-01-14T18:13:40","slug":"zoomlion-zmp09j","status":"publish","type":"product","link":"https:\/\/ironmachtrade.com\/es\/zoomlion-zmp09j\/","title":{"rendered":"Zoomlion ZMP09J"},"content":{"rendered":"<p>Elevador unipersonal el\u00e9ctrico Zoomlion ZMP09J. 11,2 m. de altura m\u00e1xima de trabajo. Carga m\u00e1xima 200 Kg. Ruedas no marcantes. Desplazamiento y elevaci\u00f3n el\u00e9ctricos. Sistema de accionamiento por motor CA (sin mantenimiento). Ideal para trabajos en suelos delicados y que necesiten un alcance adicional.<\/p>\n","protected":false},"excerpt":{"rendered":"<p>Elevador unipersonal el\u00e9ctrico Zoomlion ZMP09J. 11,2 m. de altura m\u00e1xima de trabajo. Carga m\u00e1xima 200 Kg. Ruedas no marcantes. Desplazamiento y elevaci\u00f3n el\u00e9ctricos. Sistema de accionamiento por motor CA (sin mantenimiento). Ideal para trabajos en suelos delicados y que necesiten un alcance adicional.<\/p>\n","protected":false},"featured_media":4216,"template":"","meta":{"_joinchat":[]},"product_brand":[],"product_cat":[136,131,61],"product_tag":[],"marca":[],"estado-uso":[],"horasuso":[],"en-catalogo":[],"combustible":[],"class_list":{"0":"post-4208","1":"product","2":"type-product","3":"status-publish","4":"has-post-thumbnail","6":"product_cat-elevador-unipersonal","7":"product_cat-elevador-unipersonal-electrico","8":"product_cat-plataformas-elevadoras","10":"first","11":"instock","12":"shipping-taxable","13":"product-type-simple"},"_links":{"self":[{"href":"https:\/\/ironmachtrade.com\/es\/wp-json\/wp\/v2\/product\/4208","targetHints":{"allow":["GET"]}}],"collection":[{"href":"https:\/\/ironmachtrade.com\/es\/wp-json\/wp\/v2\/product"}],"about":[{"href":"https:\/\/ironmachtrade.com\/es\/wp-json\/wp\/v2\/types\/product"}],"wp:featuredmedia":[{"embeddable":true,"href":"https:\/\/ironmachtrade.com\/es\/wp-json\/wp\/v2\/media\/4216"}],"wp:attachment":[{"href":"https:\/\/ironmachtrade.com\/es\/wp-json\/wp\/v2\/media?parent=4208"}],"wp:term":[{"taxonomy":"product_brand","embeddable":true,"href":"https:\/\/ironmachtrade.com\/es\/wp-json\/wp\/v2\/product_brand?post=4208"},{"taxonomy":"product_cat","embeddable":true,"href":"https:\/\/ironmachtrade.com\/es\/wp-json\/wp\/v2\/product_cat?post=4208"},{"taxonomy":"product_tag","embeddable":true,"href":"https:\/\/ironmachtrade.com\/es\/wp-json\/wp\/v2\/product_tag?post=4208"},{"taxonomy":"marca","embeddable":true,"href":"https:\/\/ironmachtrade.com\/es\/wp-json\/wp\/v2\/marca?post=4208"},{"taxonomy":"estado-uso","embeddable":true,"href":"https:\/\/ironmachtrade.com\/es\/wp-json\/wp\/v2\/estado-uso?post=4208"},{"taxonomy":"horasuso","embeddable":true,"href":"https:\/\/ironmachtrade.com\/es\/wp-json\/wp\/v2\/horasuso?post=4208"},{"taxonomy":"en-catalogo","embeddable":true,"href":"https:\/\/ironmachtrade.com\/es\/wp-json\/wp\/v2\/en-catalogo?post=4208"},{"taxonomy":"combustible","embeddable":true,"href":"https:\/\/ironmachtrade.com\/es\/wp-json\/wp\/v2\/combustible?post=4208"}],"curies":[{"name":"wp","href":"https:\/\/api.w.org\/{rel}","templated":true}]}}