{"id":4241,"date":"2026-01-13T18:33:37","date_gmt":"2026-01-13T17:33:37","guid":{"rendered":"https:\/\/ironmachtrade.com\/?post_type=product&#038;p=4241"},"modified":"2026-01-14T19:11:56","modified_gmt":"2026-01-14T18:11:56","slug":"genie-z-34-22ic-4wd","status":"publish","type":"product","link":"https:\/\/ironmachtrade.com\/es\/genie-z-34-22ic-4wd\/","title":{"rendered":"Genie Z-34\/22IC 4WD"},"content":{"rendered":"<p>Plataforma articulada diesel Genie Z-34\/22IC, tracci\u00f3n 4&#215;4, capacidad m\u00e1xima 227 Kg. En buen estado. Revisada de mec\u00e1nica y mantenimiento<\/p>\n","protected":false},"excerpt":{"rendered":"<p>Plataforma articulada diesel Genie Z-34\/22IC, tracci\u00f3n 4&#215;4, capacidad m\u00e1xima 227 Kg. En buen estado. Revisada de mec\u00e1nica y mantenimiento<\/p>\n","protected":false},"featured_media":4327,"template":"","meta":{"_joinchat":[]},"product_brand":[],"product_cat":[125,61,118],"product_tag":[],"marca":[87],"estado-uso":[40],"horasuso":[42],"en-catalogo":[],"combustible":[69],"class_list":{"0":"post-4241","1":"product","2":"type-product","3":"status-publish","4":"has-post-thumbnail","6":"product_cat-articulada-diesel","7":"product_cat-plataformas-elevadoras","8":"product_cat-plataformas-elevadoras-articuladas","9":"marca-genie","10":"estado-uso-segunda-mano","11":"horasuso-de-1000-a-5000","12":"combustible-diesel","14":"first","15":"instock","16":"shipping-taxable","17":"purchasable","18":"product-type-simple"},"_links":{"self":[{"href":"https:\/\/ironmachtrade.com\/es\/wp-json\/wp\/v2\/product\/4241","targetHints":{"allow":["GET"]}}],"collection":[{"href":"https:\/\/ironmachtrade.com\/es\/wp-json\/wp\/v2\/product"}],"about":[{"href":"https:\/\/ironmachtrade.com\/es\/wp-json\/wp\/v2\/types\/product"}],"wp:featuredmedia":[{"embeddable":true,"href":"https:\/\/ironmachtrade.com\/es\/wp-json\/wp\/v2\/media\/4327"}],"wp:attachment":[{"href":"https:\/\/ironmachtrade.com\/es\/wp-json\/wp\/v2\/media?parent=4241"}],"wp:term":[{"taxonomy":"product_brand","embeddable":true,"href":"https:\/\/ironmachtrade.com\/es\/wp-json\/wp\/v2\/product_brand?post=4241"},{"taxonomy":"product_cat","embeddable":true,"href":"https:\/\/ironmachtrade.com\/es\/wp-json\/wp\/v2\/product_cat?post=4241"},{"taxonomy":"product_tag","embeddable":true,"href":"https:\/\/ironmachtrade.com\/es\/wp-json\/wp\/v2\/product_tag?post=4241"},{"taxonomy":"marca","embeddable":true,"href":"https:\/\/ironmachtrade.com\/es\/wp-json\/wp\/v2\/marca?post=4241"},{"taxonomy":"estado-uso","embeddable":true,"href":"https:\/\/ironmachtrade.com\/es\/wp-json\/wp\/v2\/estado-uso?post=4241"},{"taxonomy":"horasuso","embeddable":true,"href":"https:\/\/ironmachtrade.com\/es\/wp-json\/wp\/v2\/horasuso?post=4241"},{"taxonomy":"en-catalogo","embeddable":true,"href":"https:\/\/ironmachtrade.com\/es\/wp-json\/wp\/v2\/en-catalogo?post=4241"},{"taxonomy":"combustible","embeddable":true,"href":"https:\/\/ironmachtrade.com\/es\/wp-json\/wp\/v2\/combustible?post=4241"}],"curies":[{"name":"wp","href":"https:\/\/api.w.org\/{rel}","templated":true}]}}