{"id":4252,"date":"2026-01-13T19:08:13","date_gmt":"2026-01-13T18:08:13","guid":{"rendered":"https:\/\/ironmachtrade.com\/?post_type=product&#038;p=4252"},"modified":"2026-01-14T19:11:26","modified_gmt":"2026-01-14T18:11:26","slug":"nissan-nt400-cabstar-movex-p160tlr","status":"publish","type":"product","link":"https:\/\/ironmachtrade.com\/es\/nissan-nt400-cabstar-movex-p160tlr\/","title":{"rendered":"Nissan NT400 Cabstar \/ Movex P160TLR"},"content":{"rendered":"<p>Plataforma telesc\u00f3pica sobre cami\u00f3n diesel\u00a0Nissan NT400 Cabstar \/ Movex P160TLR. 16 m. de altura m\u00e1xima de trabajo. Tracci\u00f3n 4&#215;2, capacidad m\u00e1xima 200 Kg. 4 estabilizadores. En buen estado. Revisada de mec\u00e1nica y mantenimiento<\/p>\n","protected":false},"excerpt":{"rendered":"<p>Plataforma telesc\u00f3pica sobre cami\u00f3n diesel\u00a0Nissan NT400 Cabstar \/ Movex P160TLR. 16 m. de altura m\u00e1xima de trabajo. Tracci\u00f3n 4&#215;2, capacidad m\u00e1xima 200 Kg. 4 estabilizadores. En buen estado. Revisada de mec\u00e1nica y mantenimiento<\/p>\n","protected":false},"featured_media":4347,"template":"","meta":{"_joinchat":[]},"product_brand":[],"product_cat":[152,127],"product_tag":[],"marca":[85,155],"estado-uso":[40],"horasuso":[45],"en-catalogo":[],"combustible":[69],"class_list":{"0":"post-4252","1":"product","2":"type-product","3":"status-publish","4":"has-post-thumbnail","6":"product_cat-plataformas-telescopicas","7":"product_cat-telescopica-diesel","8":"marca-movex","9":"marca-nissan","10":"estado-uso-segunda-mano","11":"horasuso-mas-de-25000","12":"combustible-diesel","14":"first","15":"instock","16":"shipping-taxable","17":"purchasable","18":"product-type-simple"},"_links":{"self":[{"href":"https:\/\/ironmachtrade.com\/es\/wp-json\/wp\/v2\/product\/4252","targetHints":{"allow":["GET"]}}],"collection":[{"href":"https:\/\/ironmachtrade.com\/es\/wp-json\/wp\/v2\/product"}],"about":[{"href":"https:\/\/ironmachtrade.com\/es\/wp-json\/wp\/v2\/types\/product"}],"wp:featuredmedia":[{"embeddable":true,"href":"https:\/\/ironmachtrade.com\/es\/wp-json\/wp\/v2\/media\/4347"}],"wp:attachment":[{"href":"https:\/\/ironmachtrade.com\/es\/wp-json\/wp\/v2\/media?parent=4252"}],"wp:term":[{"taxonomy":"product_brand","embeddable":true,"href":"https:\/\/ironmachtrade.com\/es\/wp-json\/wp\/v2\/product_brand?post=4252"},{"taxonomy":"product_cat","embeddable":true,"href":"https:\/\/ironmachtrade.com\/es\/wp-json\/wp\/v2\/product_cat?post=4252"},{"taxonomy":"product_tag","embeddable":true,"href":"https:\/\/ironmachtrade.com\/es\/wp-json\/wp\/v2\/product_tag?post=4252"},{"taxonomy":"marca","embeddable":true,"href":"https:\/\/ironmachtrade.com\/es\/wp-json\/wp\/v2\/marca?post=4252"},{"taxonomy":"estado-uso","embeddable":true,"href":"https:\/\/ironmachtrade.com\/es\/wp-json\/wp\/v2\/estado-uso?post=4252"},{"taxonomy":"horasuso","embeddable":true,"href":"https:\/\/ironmachtrade.com\/es\/wp-json\/wp\/v2\/horasuso?post=4252"},{"taxonomy":"en-catalogo","embeddable":true,"href":"https:\/\/ironmachtrade.com\/es\/wp-json\/wp\/v2\/en-catalogo?post=4252"},{"taxonomy":"combustible","embeddable":true,"href":"https:\/\/ironmachtrade.com\/es\/wp-json\/wp\/v2\/combustible?post=4252"}],"curies":[{"name":"wp","href":"https:\/\/api.w.org\/{rel}","templated":true}]}}