{"id":4254,"date":"2026-01-13T19:17:16","date_gmt":"2026-01-13T18:17:16","guid":{"rendered":"https:\/\/ironmachtrade.com\/?post_type=product&#038;p=4254"},"modified":"2026-01-15T17:37:20","modified_gmt":"2026-01-15T16:37:20","slug":"genie-gs-2669-rt","status":"publish","type":"product","link":"https:\/\/ironmachtrade.com\/es\/genie-gs-2669-rt\/","title":{"rendered":"Genie GS-2669-RT"},"content":{"rendered":"<p>Plataforma de tijera diesel compacta Genie GS-2669-RT. 10 m. altura m\u00e1xima de trabajo. 1 extensi\u00f3n de 1,52 m., tracci\u00f3n 4&#215;2, capacidad m\u00e1xima 680 Kg. En buen estado. Revisada de mec\u00e1nica y mantenimiento<\/p>\n","protected":false},"excerpt":{"rendered":"<p>Plataforma de tijera diesel compacta Genie GS-2669-RT. 10 m. altura m\u00e1xima de trabajo. 1 extensi\u00f3n de 1,52 m., tracci\u00f3n 4&#215;2, capacidad m\u00e1xima 680 Kg. En buen estado. Revisada de mec\u00e1nica y mantenimiento<\/p>\n","protected":false},"featured_media":4663,"template":"","meta":{"_joinchat":[]},"product_brand":[],"product_cat":[61,123],"product_tag":[],"marca":[87],"estado-uso":[40],"horasuso":[42],"en-catalogo":[],"combustible":[69],"class_list":{"0":"post-4254","1":"product","2":"type-product","3":"status-publish","4":"has-post-thumbnail","6":"product_cat-plataformas-elevadoras","7":"product_cat-tijera-diesel","8":"marca-genie","9":"estado-uso-segunda-mano","10":"horasuso-de-1000-a-5000","11":"combustible-diesel","13":"first","14":"instock","15":"shipping-taxable","16":"purchasable","17":"product-type-simple"},"_links":{"self":[{"href":"https:\/\/ironmachtrade.com\/es\/wp-json\/wp\/v2\/product\/4254","targetHints":{"allow":["GET"]}}],"collection":[{"href":"https:\/\/ironmachtrade.com\/es\/wp-json\/wp\/v2\/product"}],"about":[{"href":"https:\/\/ironmachtrade.com\/es\/wp-json\/wp\/v2\/types\/product"}],"wp:featuredmedia":[{"embeddable":true,"href":"https:\/\/ironmachtrade.com\/es\/wp-json\/wp\/v2\/media\/4663"}],"wp:attachment":[{"href":"https:\/\/ironmachtrade.com\/es\/wp-json\/wp\/v2\/media?parent=4254"}],"wp:term":[{"taxonomy":"product_brand","embeddable":true,"href":"https:\/\/ironmachtrade.com\/es\/wp-json\/wp\/v2\/product_brand?post=4254"},{"taxonomy":"product_cat","embeddable":true,"href":"https:\/\/ironmachtrade.com\/es\/wp-json\/wp\/v2\/product_cat?post=4254"},{"taxonomy":"product_tag","embeddable":true,"href":"https:\/\/ironmachtrade.com\/es\/wp-json\/wp\/v2\/product_tag?post=4254"},{"taxonomy":"marca","embeddable":true,"href":"https:\/\/ironmachtrade.com\/es\/wp-json\/wp\/v2\/marca?post=4254"},{"taxonomy":"estado-uso","embeddable":true,"href":"https:\/\/ironmachtrade.com\/es\/wp-json\/wp\/v2\/estado-uso?post=4254"},{"taxonomy":"horasuso","embeddable":true,"href":"https:\/\/ironmachtrade.com\/es\/wp-json\/wp\/v2\/horasuso?post=4254"},{"taxonomy":"en-catalogo","embeddable":true,"href":"https:\/\/ironmachtrade.com\/es\/wp-json\/wp\/v2\/en-catalogo?post=4254"},{"taxonomy":"combustible","embeddable":true,"href":"https:\/\/ironmachtrade.com\/es\/wp-json\/wp\/v2\/combustible?post=4254"}],"curies":[{"name":"wp","href":"https:\/\/api.w.org\/{rel}","templated":true}]}}