{"id":4262,"date":"2026-01-13T19:44:09","date_gmt":"2026-01-13T18:44:09","guid":{"rendered":"https:\/\/ironmachtrade.com\/?post_type=product&#038;p=4262"},"modified":"2026-01-14T19:10:54","modified_gmt":"2026-01-14T18:10:54","slug":"takeuchi-tb230-2","status":"publish","type":"product","link":"https:\/\/ironmachtrade.com\/es\/takeuchi-tb230-2\/","title":{"rendered":"Takeuchi TB230"},"content":{"rendered":"<p>Mini excavadora Takeuchi TB230. Cabina, rodaje de goma, balanc\u00edn est\u00e1ndar, enganche r\u00e1pido, 3 cazos. Revisada de mec\u00e1nica y mantenimiento<\/p>\n","protected":false},"excerpt":{"rendered":"<p>Mini excavadora Takeuchi TB230. Cabina, rodaje de goma, balanc\u00edn est\u00e1ndar, enganche r\u00e1pido, 3 cazos. Revisada de mec\u00e1nica y mantenimiento<\/p>\n","protected":false},"featured_media":4425,"template":"","meta":{"_joinchat":[]},"product_brand":[],"product_cat":[88,147],"product_tag":[],"marca":[184],"estado-uso":[40],"horasuso":[42],"en-catalogo":[],"combustible":[69],"class_list":{"0":"post-4262","1":"product","2":"type-product","3":"status-publish","4":"has-post-thumbnail","6":"product_cat-mini-excavadoras","7":"product_cat-miniexcavadoras-segunda-mano","8":"marca-takeuchi","9":"estado-uso-segunda-mano","10":"horasuso-de-1000-a-5000","11":"combustible-diesel","13":"first","14":"instock","15":"shipping-taxable","16":"purchasable","17":"product-type-simple"},"_links":{"self":[{"href":"https:\/\/ironmachtrade.com\/es\/wp-json\/wp\/v2\/product\/4262","targetHints":{"allow":["GET"]}}],"collection":[{"href":"https:\/\/ironmachtrade.com\/es\/wp-json\/wp\/v2\/product"}],"about":[{"href":"https:\/\/ironmachtrade.com\/es\/wp-json\/wp\/v2\/types\/product"}],"wp:featuredmedia":[{"embeddable":true,"href":"https:\/\/ironmachtrade.com\/es\/wp-json\/wp\/v2\/media\/4425"}],"wp:attachment":[{"href":"https:\/\/ironmachtrade.com\/es\/wp-json\/wp\/v2\/media?parent=4262"}],"wp:term":[{"taxonomy":"product_brand","embeddable":true,"href":"https:\/\/ironmachtrade.com\/es\/wp-json\/wp\/v2\/product_brand?post=4262"},{"taxonomy":"product_cat","embeddable":true,"href":"https:\/\/ironmachtrade.com\/es\/wp-json\/wp\/v2\/product_cat?post=4262"},{"taxonomy":"product_tag","embeddable":true,"href":"https:\/\/ironmachtrade.com\/es\/wp-json\/wp\/v2\/product_tag?post=4262"},{"taxonomy":"marca","embeddable":true,"href":"https:\/\/ironmachtrade.com\/es\/wp-json\/wp\/v2\/marca?post=4262"},{"taxonomy":"estado-uso","embeddable":true,"href":"https:\/\/ironmachtrade.com\/es\/wp-json\/wp\/v2\/estado-uso?post=4262"},{"taxonomy":"horasuso","embeddable":true,"href":"https:\/\/ironmachtrade.com\/es\/wp-json\/wp\/v2\/horasuso?post=4262"},{"taxonomy":"en-catalogo","embeddable":true,"href":"https:\/\/ironmachtrade.com\/es\/wp-json\/wp\/v2\/en-catalogo?post=4262"},{"taxonomy":"combustible","embeddable":true,"href":"https:\/\/ironmachtrade.com\/es\/wp-json\/wp\/v2\/combustible?post=4262"}],"curies":[{"name":"wp","href":"https:\/\/api.w.org\/{rel}","templated":true}]}}