{"id":4270,"date":"2026-01-13T20:25:44","date_gmt":"2026-01-13T19:25:44","guid":{"rendered":"https:\/\/ironmachtrade.com\/?post_type=product&#038;p=4270"},"modified":"2026-01-15T13:22:15","modified_gmt":"2026-01-15T12:22:15","slug":"kubota-kx080-4%ce%b12-2","status":"publish","type":"product","link":"https:\/\/ironmachtrade.com\/es\/kubota-kx080-4%ce%b12-2\/","title":{"rendered":"Kubota KX080-4\u03b12"},"content":{"rendered":"<p>Mini excavadora Kubota KX080-4\u03b12. 8 Tn de peso 5. A\/A, rodaje de goma, balanc\u00edn largo, enganche r\u00e1pido, 3 cazos. Revisada de mec\u00e1nica y mantenimiento<\/p>\n","protected":false},"excerpt":{"rendered":"<p>Mini excavadora Kubota KX080-4\u03b12. 8 Tn de peso 5. A\/A, rodaje de goma, balanc\u00edn largo, enganche r\u00e1pido, 3 cazos. Revisada de mec\u00e1nica y mantenimiento<\/p>\n","protected":false},"featured_media":4591,"template":"","meta":{"_joinchat":[]},"product_brand":[],"product_cat":[88],"product_tag":[],"marca":[89,167],"estado-uso":[40],"horasuso":[42],"en-catalogo":[],"combustible":[69],"class_list":{"0":"post-4270","1":"product","2":"type-product","3":"status-publish","4":"has-post-thumbnail","6":"product_cat-mini-excavadoras","7":"marca-kubota","8":"marca-miniexcavadoras-kubota","9":"estado-uso-segunda-mano","10":"horasuso-de-1000-a-5000","11":"combustible-diesel","13":"first","14":"instock","15":"shipping-taxable","16":"purchasable","17":"product-type-simple"},"_links":{"self":[{"href":"https:\/\/ironmachtrade.com\/es\/wp-json\/wp\/v2\/product\/4270","targetHints":{"allow":["GET"]}}],"collection":[{"href":"https:\/\/ironmachtrade.com\/es\/wp-json\/wp\/v2\/product"}],"about":[{"href":"https:\/\/ironmachtrade.com\/es\/wp-json\/wp\/v2\/types\/product"}],"wp:featuredmedia":[{"embeddable":true,"href":"https:\/\/ironmachtrade.com\/es\/wp-json\/wp\/v2\/media\/4591"}],"wp:attachment":[{"href":"https:\/\/ironmachtrade.com\/es\/wp-json\/wp\/v2\/media?parent=4270"}],"wp:term":[{"taxonomy":"product_brand","embeddable":true,"href":"https:\/\/ironmachtrade.com\/es\/wp-json\/wp\/v2\/product_brand?post=4270"},{"taxonomy":"product_cat","embeddable":true,"href":"https:\/\/ironmachtrade.com\/es\/wp-json\/wp\/v2\/product_cat?post=4270"},{"taxonomy":"product_tag","embeddable":true,"href":"https:\/\/ironmachtrade.com\/es\/wp-json\/wp\/v2\/product_tag?post=4270"},{"taxonomy":"marca","embeddable":true,"href":"https:\/\/ironmachtrade.com\/es\/wp-json\/wp\/v2\/marca?post=4270"},{"taxonomy":"estado-uso","embeddable":true,"href":"https:\/\/ironmachtrade.com\/es\/wp-json\/wp\/v2\/estado-uso?post=4270"},{"taxonomy":"horasuso","embeddable":true,"href":"https:\/\/ironmachtrade.com\/es\/wp-json\/wp\/v2\/horasuso?post=4270"},{"taxonomy":"en-catalogo","embeddable":true,"href":"https:\/\/ironmachtrade.com\/es\/wp-json\/wp\/v2\/en-catalogo?post=4270"},{"taxonomy":"combustible","embeddable":true,"href":"https:\/\/ironmachtrade.com\/es\/wp-json\/wp\/v2\/combustible?post=4270"}],"curies":[{"name":"wp","href":"https:\/\/api.w.org\/{rel}","templated":true}]}}