{"id":4608,"date":"2026-01-15T13:46:10","date_gmt":"2026-01-15T12:46:10","guid":{"rendered":"https:\/\/ironmachtrade.com\/?post_type=product&#038;p=4608"},"modified":"2026-03-18T17:01:27","modified_gmt":"2026-03-18T16:01:27","slug":"atlas-copco-xas37kd","status":"publish","type":"product","link":"https:\/\/ironmachtrade.com\/es\/atlas-copco-xas37kd\/","title":{"rendered":"Atlas Copco XAS37KD"},"content":{"rendered":"<p>Compresor Atlas Copco XAS37KD. 33 l\/s y 7 bar de presi\u00f3n de trabajo. Inyecci\u00f3n de aceite. Revisado de mec\u00e1nica y mantenimiento<\/p>\n","protected":false},"excerpt":{"rendered":"<p>Compresor Atlas Copco XAS37KD. 33 l\/s y 7 bar de presi\u00f3n de trabajo. Inyecci\u00f3n de aceite. Revisado de mec\u00e1nica y mantenimiento<\/p>\n","protected":false},"featured_media":4620,"template":"","meta":{"_joinchat":[]},"product_brand":[],"product_cat":[115],"product_tag":[],"marca":[186],"estado-uso":[40],"horasuso":[42],"en-catalogo":[],"combustible":[69],"class_list":{"0":"post-4608","1":"product","2":"type-product","3":"status-publish","4":"has-post-thumbnail","6":"product_cat-otras-soluciones","7":"marca-atlas-copco","8":"estado-uso-segunda-mano","9":"horasuso-de-1000-a-5000","10":"combustible-diesel","12":"first","13":"instock","14":"shipping-taxable","15":"purchasable","16":"product-type-simple"},"_links":{"self":[{"href":"https:\/\/ironmachtrade.com\/es\/wp-json\/wp\/v2\/product\/4608","targetHints":{"allow":["GET"]}}],"collection":[{"href":"https:\/\/ironmachtrade.com\/es\/wp-json\/wp\/v2\/product"}],"about":[{"href":"https:\/\/ironmachtrade.com\/es\/wp-json\/wp\/v2\/types\/product"}],"wp:featuredmedia":[{"embeddable":true,"href":"https:\/\/ironmachtrade.com\/es\/wp-json\/wp\/v2\/media\/4620"}],"wp:attachment":[{"href":"https:\/\/ironmachtrade.com\/es\/wp-json\/wp\/v2\/media?parent=4608"}],"wp:term":[{"taxonomy":"product_brand","embeddable":true,"href":"https:\/\/ironmachtrade.com\/es\/wp-json\/wp\/v2\/product_brand?post=4608"},{"taxonomy":"product_cat","embeddable":true,"href":"https:\/\/ironmachtrade.com\/es\/wp-json\/wp\/v2\/product_cat?post=4608"},{"taxonomy":"product_tag","embeddable":true,"href":"https:\/\/ironmachtrade.com\/es\/wp-json\/wp\/v2\/product_tag?post=4608"},{"taxonomy":"marca","embeddable":true,"href":"https:\/\/ironmachtrade.com\/es\/wp-json\/wp\/v2\/marca?post=4608"},{"taxonomy":"estado-uso","embeddable":true,"href":"https:\/\/ironmachtrade.com\/es\/wp-json\/wp\/v2\/estado-uso?post=4608"},{"taxonomy":"horasuso","embeddable":true,"href":"https:\/\/ironmachtrade.com\/es\/wp-json\/wp\/v2\/horasuso?post=4608"},{"taxonomy":"en-catalogo","embeddable":true,"href":"https:\/\/ironmachtrade.com\/es\/wp-json\/wp\/v2\/en-catalogo?post=4608"},{"taxonomy":"combustible","embeddable":true,"href":"https:\/\/ironmachtrade.com\/es\/wp-json\/wp\/v2\/combustible?post=4608"}],"curies":[{"name":"wp","href":"https:\/\/api.w.org\/{rel}","templated":true}]}}