{"id":4624,"date":"2026-01-15T13:57:03","date_gmt":"2026-01-15T12:57:03","guid":{"rendered":"https:\/\/ironmachtrade.com\/?post_type=product&#038;p=4624"},"modified":"2026-03-26T16:04:00","modified_gmt":"2026-03-26T15:04:00","slug":"liebherr-l576-x-power","status":"publish","type":"product","link":"https:\/\/ironmachtrade.com\/es\/liebherr-l576-x-power\/","title":{"rendered":"Liebherr L576 X-Power"},"content":{"rendered":"<p>Pala cargadora ruedas Liebherr L576 X-Power. 10 TN de capacidad m\u00e1xima. Cazo de 4,7 m3 con cuchilla nueva. Engrase autom\u00e1tico. Revisada de mec\u00e1nica y mantenimiento<\/p>\n","protected":false},"excerpt":{"rendered":"<p>Pala cargadora ruedas Liebherr L576 X-Power. 10 TN de capacidad m\u00e1xima. Cazo de 4,7 m3 con cuchilla nueva. Engrase autom\u00e1tico. Revisada de mec\u00e1nica y mantenimiento<\/p>\n","protected":false},"featured_media":4640,"template":"","meta":{"_joinchat":[]},"product_brand":[],"product_cat":[115],"product_tag":[],"marca":[187],"estado-uso":[40],"horasuso":[43],"en-catalogo":[],"combustible":[69],"class_list":{"0":"post-4624","1":"product","2":"type-product","3":"status-publish","4":"has-post-thumbnail","6":"product_cat-otras-soluciones","7":"marca-liebherr","8":"estado-uso-segunda-mano","9":"horasuso-de-5000-a-10000","10":"combustible-diesel","12":"first","13":"instock","14":"shipping-taxable","15":"purchasable","16":"product-type-simple"},"_links":{"self":[{"href":"https:\/\/ironmachtrade.com\/es\/wp-json\/wp\/v2\/product\/4624","targetHints":{"allow":["GET"]}}],"collection":[{"href":"https:\/\/ironmachtrade.com\/es\/wp-json\/wp\/v2\/product"}],"about":[{"href":"https:\/\/ironmachtrade.com\/es\/wp-json\/wp\/v2\/types\/product"}],"wp:featuredmedia":[{"embeddable":true,"href":"https:\/\/ironmachtrade.com\/es\/wp-json\/wp\/v2\/media\/4640"}],"wp:attachment":[{"href":"https:\/\/ironmachtrade.com\/es\/wp-json\/wp\/v2\/media?parent=4624"}],"wp:term":[{"taxonomy":"product_brand","embeddable":true,"href":"https:\/\/ironmachtrade.com\/es\/wp-json\/wp\/v2\/product_brand?post=4624"},{"taxonomy":"product_cat","embeddable":true,"href":"https:\/\/ironmachtrade.com\/es\/wp-json\/wp\/v2\/product_cat?post=4624"},{"taxonomy":"product_tag","embeddable":true,"href":"https:\/\/ironmachtrade.com\/es\/wp-json\/wp\/v2\/product_tag?post=4624"},{"taxonomy":"marca","embeddable":true,"href":"https:\/\/ironmachtrade.com\/es\/wp-json\/wp\/v2\/marca?post=4624"},{"taxonomy":"estado-uso","embeddable":true,"href":"https:\/\/ironmachtrade.com\/es\/wp-json\/wp\/v2\/estado-uso?post=4624"},{"taxonomy":"horasuso","embeddable":true,"href":"https:\/\/ironmachtrade.com\/es\/wp-json\/wp\/v2\/horasuso?post=4624"},{"taxonomy":"en-catalogo","embeddable":true,"href":"https:\/\/ironmachtrade.com\/es\/wp-json\/wp\/v2\/en-catalogo?post=4624"},{"taxonomy":"combustible","embeddable":true,"href":"https:\/\/ironmachtrade.com\/es\/wp-json\/wp\/v2\/combustible?post=4624"}],"curies":[{"name":"wp","href":"https:\/\/api.w.org\/{rel}","templated":true}]}}