{"id":4675,"date":"2026-01-15T17:38:09","date_gmt":"2026-01-15T16:38:09","guid":{"rendered":"https:\/\/ironmachtrade.com\/?post_type=product&#038;p=4675"},"modified":"2026-01-15T17:45:10","modified_gmt":"2026-01-15T16:45:10","slug":"takeuchi-tb260","status":"publish","type":"product","link":"https:\/\/ironmachtrade.com\/es\/takeuchi-tb260\/","title":{"rendered":"Takeuchi TB260"},"content":{"rendered":"<p>Mini excavadora Takeuchi TB260. 6 TN de peso. A\/A, rodaje de goma, balanc\u00edn est\u00e1ndar, enganche r\u00e1pido, 3 cazos. Revisada de mec\u00e1nica y mantenimiento<\/p>\n","protected":false},"excerpt":{"rendered":"<p>Mini excavadora Takeuchi TB260. 6 TN de peso. A\/A, rodaje de goma, balanc\u00edn est\u00e1ndar, enganche r\u00e1pido, 3 cazos. Revisada de mec\u00e1nica y mantenimiento<\/p>\n","protected":false},"featured_media":4685,"template":"","meta":{"_joinchat":[]},"product_brand":[],"product_cat":[88,147],"product_tag":[],"marca":[184],"estado-uso":[40],"horasuso":[42],"en-catalogo":[],"combustible":[69],"class_list":{"0":"post-4675","1":"product","2":"type-product","3":"status-publish","4":"has-post-thumbnail","6":"product_cat-mini-excavadoras","7":"product_cat-miniexcavadoras-segunda-mano","8":"marca-takeuchi","9":"estado-uso-segunda-mano","10":"horasuso-de-1000-a-5000","11":"combustible-diesel","13":"first","14":"instock","15":"shipping-taxable","16":"purchasable","17":"product-type-simple"},"_links":{"self":[{"href":"https:\/\/ironmachtrade.com\/es\/wp-json\/wp\/v2\/product\/4675","targetHints":{"allow":["GET"]}}],"collection":[{"href":"https:\/\/ironmachtrade.com\/es\/wp-json\/wp\/v2\/product"}],"about":[{"href":"https:\/\/ironmachtrade.com\/es\/wp-json\/wp\/v2\/types\/product"}],"wp:featuredmedia":[{"embeddable":true,"href":"https:\/\/ironmachtrade.com\/es\/wp-json\/wp\/v2\/media\/4685"}],"wp:attachment":[{"href":"https:\/\/ironmachtrade.com\/es\/wp-json\/wp\/v2\/media?parent=4675"}],"wp:term":[{"taxonomy":"product_brand","embeddable":true,"href":"https:\/\/ironmachtrade.com\/es\/wp-json\/wp\/v2\/product_brand?post=4675"},{"taxonomy":"product_cat","embeddable":true,"href":"https:\/\/ironmachtrade.com\/es\/wp-json\/wp\/v2\/product_cat?post=4675"},{"taxonomy":"product_tag","embeddable":true,"href":"https:\/\/ironmachtrade.com\/es\/wp-json\/wp\/v2\/product_tag?post=4675"},{"taxonomy":"marca","embeddable":true,"href":"https:\/\/ironmachtrade.com\/es\/wp-json\/wp\/v2\/marca?post=4675"},{"taxonomy":"estado-uso","embeddable":true,"href":"https:\/\/ironmachtrade.com\/es\/wp-json\/wp\/v2\/estado-uso?post=4675"},{"taxonomy":"horasuso","embeddable":true,"href":"https:\/\/ironmachtrade.com\/es\/wp-json\/wp\/v2\/horasuso?post=4675"},{"taxonomy":"en-catalogo","embeddable":true,"href":"https:\/\/ironmachtrade.com\/es\/wp-json\/wp\/v2\/en-catalogo?post=4675"},{"taxonomy":"combustible","embeddable":true,"href":"https:\/\/ironmachtrade.com\/es\/wp-json\/wp\/v2\/combustible?post=4675"}],"curies":[{"name":"wp","href":"https:\/\/api.w.org\/{rel}","templated":true}]}}