{"id":4852,"date":"2026-04-04T18:17:54","date_gmt":"2026-04-04T16:17:54","guid":{"rendered":"https:\/\/ironmachtrade.com\/?post_type=product&#038;p=4852"},"modified":"2026-04-04T18:45:50","modified_gmt":"2026-04-04T16:45:50","slug":"zoomlion-zat1100753e","status":"publish","type":"product","link":"https:\/\/ironmachtrade.com\/es\/zoomlion-zat1100753e\/","title":{"rendered":"Zoomlion ZAT1100753E"},"content":{"rendered":"<p>Gr\u00faa M\u00f3vil Todo Terreno Zoomlion ZAT1100753E, carga m\u00e1xima 110 toneladas, pluma telesc\u00f3pica que alcanza los 65,1 metros, altura de elevaci\u00f3n m\u00e1xima 94 metros, alcance m\u00e1ximo 62 metros y 5 ejes.<\/p>\n","protected":false},"excerpt":{"rendered":"<p>Gr\u00faa M\u00f3vil Todo Terreno Zoomlion ZAT1100753E, carga m\u00e1xima 110 toneladas, pluma telesc\u00f3pica que alcanza los 65,1 metros, altura de elevaci\u00f3n m\u00e1xima 94 metros, alcance m\u00e1ximo 62 metros y 5 ejes.<\/p>\n","protected":false},"featured_media":4856,"template":"","meta":{"_joinchat":[]},"product_brand":[],"product_cat":[188,55],"product_tag":[],"marca":[119,179],"estado-uso":[38],"horasuso":[91],"en-catalogo":[],"combustible":[69],"class_list":{"0":"post-4852","1":"product","2":"type-product","3":"status-publish","4":"has-post-thumbnail","6":"product_cat-gruas-moviles-todo-terreno","7":"product_cat-gruas","8":"marca-zoomlion","9":"marca-gruas-torre-zoomlion","10":"estado-uso-nueva","11":"horasuso-nueva","12":"combustible-diesel","14":"first","15":"instock","16":"featured","17":"shipping-taxable","18":"product-type-simple"},"_links":{"self":[{"href":"https:\/\/ironmachtrade.com\/es\/wp-json\/wp\/v2\/product\/4852","targetHints":{"allow":["GET"]}}],"collection":[{"href":"https:\/\/ironmachtrade.com\/es\/wp-json\/wp\/v2\/product"}],"about":[{"href":"https:\/\/ironmachtrade.com\/es\/wp-json\/wp\/v2\/types\/product"}],"wp:featuredmedia":[{"embeddable":true,"href":"https:\/\/ironmachtrade.com\/es\/wp-json\/wp\/v2\/media\/4856"}],"wp:attachment":[{"href":"https:\/\/ironmachtrade.com\/es\/wp-json\/wp\/v2\/media?parent=4852"}],"wp:term":[{"taxonomy":"product_brand","embeddable":true,"href":"https:\/\/ironmachtrade.com\/es\/wp-json\/wp\/v2\/product_brand?post=4852"},{"taxonomy":"product_cat","embeddable":true,"href":"https:\/\/ironmachtrade.com\/es\/wp-json\/wp\/v2\/product_cat?post=4852"},{"taxonomy":"product_tag","embeddable":true,"href":"https:\/\/ironmachtrade.com\/es\/wp-json\/wp\/v2\/product_tag?post=4852"},{"taxonomy":"marca","embeddable":true,"href":"https:\/\/ironmachtrade.com\/es\/wp-json\/wp\/v2\/marca?post=4852"},{"taxonomy":"estado-uso","embeddable":true,"href":"https:\/\/ironmachtrade.com\/es\/wp-json\/wp\/v2\/estado-uso?post=4852"},{"taxonomy":"horasuso","embeddable":true,"href":"https:\/\/ironmachtrade.com\/es\/wp-json\/wp\/v2\/horasuso?post=4852"},{"taxonomy":"en-catalogo","embeddable":true,"href":"https:\/\/ironmachtrade.com\/es\/wp-json\/wp\/v2\/en-catalogo?post=4852"},{"taxonomy":"combustible","embeddable":true,"href":"https:\/\/ironmachtrade.com\/es\/wp-json\/wp\/v2\/combustible?post=4852"}],"curies":[{"name":"wp","href":"https:\/\/api.w.org\/{rel}","templated":true}]}}