{"id":4878,"date":"2026-04-04T19:10:30","date_gmt":"2026-04-04T17:10:30","guid":{"rendered":"https:\/\/ironmachtrade.com\/?post_type=product&#038;p=4878"},"modified":"2026-04-04T19:37:25","modified_gmt":"2026-04-04T17:37:25","slug":"zoomlion-zat3000v753e","status":"publish","type":"product","link":"https:\/\/ironmachtrade.com\/es\/zoomlion-zat3000v753e\/","title":{"rendered":"Zoomlion ZAT3000V753E"},"content":{"rendered":"<p>Gr\u00faa M\u00f3vil Todo Terreno Zoomlion ZAT3000V753E, carga m\u00e1xima 300 toneladas, pluma telesc\u00f3pica que alcanza los 80 metros, altura de elevaci\u00f3n m\u00e1xima 118 metros, alcance m\u00e1ximo 70 metros y 6 ejes.<\/p>\n","protected":false},"excerpt":{"rendered":"<p>Gr\u00faa M\u00f3vil Todo Terreno Zoomlion ZAT3000V753E, carga m\u00e1xima 300 toneladas, pluma telesc\u00f3pica que alcanza los 80 metros, altura de elevaci\u00f3n m\u00e1xima 118 metros, alcance m\u00e1ximo 70 metros y 6 ejes.<\/p>\n","protected":false},"featured_media":4881,"template":"","meta":{"_joinchat":[]},"product_brand":[],"product_cat":[188,55],"product_tag":[],"marca":[119,179],"estado-uso":[38],"horasuso":[91],"en-catalogo":[],"combustible":[69],"class_list":{"0":"post-4878","1":"product","2":"type-product","3":"status-publish","4":"has-post-thumbnail","6":"product_cat-gruas-moviles-todo-terreno","7":"product_cat-gruas","8":"marca-zoomlion","9":"marca-gruas-torre-zoomlion","10":"estado-uso-nueva","11":"horasuso-nueva","12":"combustible-diesel","14":"first","15":"instock","16":"featured","17":"shipping-taxable","18":"product-type-simple"},"_links":{"self":[{"href":"https:\/\/ironmachtrade.com\/es\/wp-json\/wp\/v2\/product\/4878","targetHints":{"allow":["GET"]}}],"collection":[{"href":"https:\/\/ironmachtrade.com\/es\/wp-json\/wp\/v2\/product"}],"about":[{"href":"https:\/\/ironmachtrade.com\/es\/wp-json\/wp\/v2\/types\/product"}],"wp:featuredmedia":[{"embeddable":true,"href":"https:\/\/ironmachtrade.com\/es\/wp-json\/wp\/v2\/media\/4881"}],"wp:attachment":[{"href":"https:\/\/ironmachtrade.com\/es\/wp-json\/wp\/v2\/media?parent=4878"}],"wp:term":[{"taxonomy":"product_brand","embeddable":true,"href":"https:\/\/ironmachtrade.com\/es\/wp-json\/wp\/v2\/product_brand?post=4878"},{"taxonomy":"product_cat","embeddable":true,"href":"https:\/\/ironmachtrade.com\/es\/wp-json\/wp\/v2\/product_cat?post=4878"},{"taxonomy":"product_tag","embeddable":true,"href":"https:\/\/ironmachtrade.com\/es\/wp-json\/wp\/v2\/product_tag?post=4878"},{"taxonomy":"marca","embeddable":true,"href":"https:\/\/ironmachtrade.com\/es\/wp-json\/wp\/v2\/marca?post=4878"},{"taxonomy":"estado-uso","embeddable":true,"href":"https:\/\/ironmachtrade.com\/es\/wp-json\/wp\/v2\/estado-uso?post=4878"},{"taxonomy":"horasuso","embeddable":true,"href":"https:\/\/ironmachtrade.com\/es\/wp-json\/wp\/v2\/horasuso?post=4878"},{"taxonomy":"en-catalogo","embeddable":true,"href":"https:\/\/ironmachtrade.com\/es\/wp-json\/wp\/v2\/en-catalogo?post=4878"},{"taxonomy":"combustible","embeddable":true,"href":"https:\/\/ironmachtrade.com\/es\/wp-json\/wp\/v2\/combustible?post=4878"}],"curies":[{"name":"wp","href":"https:\/\/api.w.org\/{rel}","templated":true}]}}