{"id":4884,"date":"2026-04-04T19:43:24","date_gmt":"2026-04-04T17:43:24","guid":{"rendered":"https:\/\/ironmachtrade.com\/?post_type=product&#038;p=4884"},"modified":"2026-04-04T19:51:03","modified_gmt":"2026-04-04T17:51:03","slug":"zoomlion-zcc1500v-e5","status":"publish","type":"product","link":"https:\/\/ironmachtrade.com\/es\/zoomlion-zcc1500v-e5\/","title":{"rendered":"Zoomlion ZCC1500V-E5"},"content":{"rendered":"<p>Gr\u00faa de celos\u00eda sobre orugas Zoomlion ZCC1500V-E5, carga m\u00e1xima 150 toneladas. Pluma principal 76 metros. Pluma m\u00e1s plum\u00edn fijo 52+31 metros. Pluma m\u00e1s plum\u00edn abatible 52+46 metros.<\/p>\n","protected":false},"excerpt":{"rendered":"<p>Gr\u00faa de celos\u00eda sobre orugas Zoomlion ZCC1500V-E5, carga m\u00e1xima 150 toneladas. Pluma principal 76 metros. Pluma m\u00e1s plum\u00edn fijo 52+31 metros. Pluma m\u00e1s plum\u00edn abatible 52+46 metros.<\/p>\n","protected":false},"featured_media":4885,"template":"","meta":{"_joinchat":[]},"product_brand":[],"product_cat":[189,55],"product_tag":[],"marca":[119,179],"estado-uso":[38],"horasuso":[91],"en-catalogo":[],"combustible":[69],"class_list":{"0":"post-4884","1":"product","2":"type-product","3":"status-publish","4":"has-post-thumbnail","6":"product_cat-gruas-celosia-sobre-orugas","7":"product_cat-gruas","8":"marca-zoomlion","9":"marca-gruas-torre-zoomlion","10":"estado-uso-nueva","11":"horasuso-nueva","12":"combustible-diesel","14":"first","15":"instock","16":"featured","17":"shipping-taxable","18":"product-type-simple"},"_links":{"self":[{"href":"https:\/\/ironmachtrade.com\/es\/wp-json\/wp\/v2\/product\/4884","targetHints":{"allow":["GET"]}}],"collection":[{"href":"https:\/\/ironmachtrade.com\/es\/wp-json\/wp\/v2\/product"}],"about":[{"href":"https:\/\/ironmachtrade.com\/es\/wp-json\/wp\/v2\/types\/product"}],"wp:featuredmedia":[{"embeddable":true,"href":"https:\/\/ironmachtrade.com\/es\/wp-json\/wp\/v2\/media\/4885"}],"wp:attachment":[{"href":"https:\/\/ironmachtrade.com\/es\/wp-json\/wp\/v2\/media?parent=4884"}],"wp:term":[{"taxonomy":"product_brand","embeddable":true,"href":"https:\/\/ironmachtrade.com\/es\/wp-json\/wp\/v2\/product_brand?post=4884"},{"taxonomy":"product_cat","embeddable":true,"href":"https:\/\/ironmachtrade.com\/es\/wp-json\/wp\/v2\/product_cat?post=4884"},{"taxonomy":"product_tag","embeddable":true,"href":"https:\/\/ironmachtrade.com\/es\/wp-json\/wp\/v2\/product_tag?post=4884"},{"taxonomy":"marca","embeddable":true,"href":"https:\/\/ironmachtrade.com\/es\/wp-json\/wp\/v2\/marca?post=4884"},{"taxonomy":"estado-uso","embeddable":true,"href":"https:\/\/ironmachtrade.com\/es\/wp-json\/wp\/v2\/estado-uso?post=4884"},{"taxonomy":"horasuso","embeddable":true,"href":"https:\/\/ironmachtrade.com\/es\/wp-json\/wp\/v2\/horasuso?post=4884"},{"taxonomy":"en-catalogo","embeddable":true,"href":"https:\/\/ironmachtrade.com\/es\/wp-json\/wp\/v2\/en-catalogo?post=4884"},{"taxonomy":"combustible","embeddable":true,"href":"https:\/\/ironmachtrade.com\/es\/wp-json\/wp\/v2\/combustible?post=4884"}],"curies":[{"name":"wp","href":"https:\/\/api.w.org\/{rel}","templated":true}]}}