{"id":942,"date":"2022-05-16T17:20:31","date_gmt":"2022-05-16T15:20:31","guid":{"rendered":"https:\/\/ironmachtrade.com\/producto\/heli-cqd16-gb\/"},"modified":"2025-03-20T13:56:53","modified_gmt":"2025-03-20T12:56:53","slug":"heli-cqd16-gb","status":"publish","type":"product","link":"https:\/\/ironmachtrade.com\/es\/heli-cqd16-gb\/","title":{"rendered":"Heli CQD16-GB"},"content":{"rendered":"<p>Carretilla retr\u00e1ctil 1600 Kg de carga m\u00e1xima<\/p>\n","protected":false},"excerpt":{"rendered":"<p>Bater\u00eda 48V, ruedas poliuretano, mandos hidr\u00e1ulicos por fingertips, horquillas estandar de 1200 mm., m\u00e1stil duplex o triplex hasta 8000 m., tres motores AC, equipo Zapi, direcci\u00f3n seleccionable 180\/360\u00ba, desplazador integral, versi\u00f3n especial para almac\u00e9n frigor\u00edfico, opci\u00f3n bater\u00eda de litio<\/p>\n","protected":false},"featured_media":1492,"template":"","meta":{"_joinchat":[]},"product_brand":[],"product_cat":[104,78],"product_tag":[],"marca":[158,101],"estado-uso":[38],"horasuso":[91],"en-catalogo":[92],"combustible":[68],"class_list":{"0":"post-942","1":"product","2":"type-product","3":"status-publish","4":"has-post-thumbnail","6":"product_cat-carretillas-retractiles","7":"product_cat-carretillas-elevadoras","8":"marca-carretillas-heli","9":"marca-heli","10":"estado-uso-nueva","11":"horasuso-nueva","12":"combustible-electrica","14":"first","15":"onbackorder","16":"shipping-taxable","17":"product-type-simple"},"_links":{"self":[{"href":"https:\/\/ironmachtrade.com\/es\/wp-json\/wp\/v2\/product\/942","targetHints":{"allow":["GET"]}}],"collection":[{"href":"https:\/\/ironmachtrade.com\/es\/wp-json\/wp\/v2\/product"}],"about":[{"href":"https:\/\/ironmachtrade.com\/es\/wp-json\/wp\/v2\/types\/product"}],"wp:featuredmedia":[{"embeddable":true,"href":"https:\/\/ironmachtrade.com\/es\/wp-json\/wp\/v2\/media\/1492"}],"wp:attachment":[{"href":"https:\/\/ironmachtrade.com\/es\/wp-json\/wp\/v2\/media?parent=942"}],"wp:term":[{"taxonomy":"product_brand","embeddable":true,"href":"https:\/\/ironmachtrade.com\/es\/wp-json\/wp\/v2\/product_brand?post=942"},{"taxonomy":"product_cat","embeddable":true,"href":"https:\/\/ironmachtrade.com\/es\/wp-json\/wp\/v2\/product_cat?post=942"},{"taxonomy":"product_tag","embeddable":true,"href":"https:\/\/ironmachtrade.com\/es\/wp-json\/wp\/v2\/product_tag?post=942"},{"taxonomy":"marca","embeddable":true,"href":"https:\/\/ironmachtrade.com\/es\/wp-json\/wp\/v2\/marca?post=942"},{"taxonomy":"estado-uso","embeddable":true,"href":"https:\/\/ironmachtrade.com\/es\/wp-json\/wp\/v2\/estado-uso?post=942"},{"taxonomy":"horasuso","embeddable":true,"href":"https:\/\/ironmachtrade.com\/es\/wp-json\/wp\/v2\/horasuso?post=942"},{"taxonomy":"en-catalogo","embeddable":true,"href":"https:\/\/ironmachtrade.com\/es\/wp-json\/wp\/v2\/en-catalogo?post=942"},{"taxonomy":"combustible","embeddable":true,"href":"https:\/\/ironmachtrade.com\/es\/wp-json\/wp\/v2\/combustible?post=942"}],"curies":[{"name":"wp","href":"https:\/\/api.w.org\/{rel}","templated":true}]}}